{"id":734329,"date":"2026-03-24T13:40:18","date_gmt":"2026-03-24T10:40:18","guid":{"rendered":"https:\/\/nbg.eu\/product\/incarcator-bergara-b14-aics-short-action-10-cartuse\/"},"modified":"2026-04-02T14:37:57","modified_gmt":"2026-04-02T11:37:57","slug":"incarcator-bergara-b14-aics-short-action-10-cartuse","status":"publish","type":"product","link":"https:\/\/nbg.eu\/ro\/produs\/incarcator-bergara-b14-aics-short-action-10-cartuse\/","title":{"rendered":"\u00cenc\u0103rc\u0103tor Bergara B14 AICS Short Action 10 cartu\u015fe"},"content":{"rendered":"<h2>Bergara B14 AICS Magazine Short Action 10-Round<\/h2>\n<p>\u00cenc\u0103rc\u0103tor AICS 10 cartu\u0219 pentru B14 HMR. Compatibil cu 6.5 Creedmoor \u0219i .308 Win.<\/p>\n<table class=\"product-specs\">\n<tbody>\n<tr>\n<th>Calibru<\/th>\n<td>6.5 Creedmoor \/ .308 Win<\/td>\n<\/tr>\n<tr>\n<th>Capacitate \u00eenc\u0103rc\u0103tor<\/th>\n<td>10 rounds<\/td>\n<\/tr>\n<tr>\n<th>Platform<\/th>\n<td>Bergara B14 Short Action (AICS)<\/td>\n<\/tr>\n<tr>\n<th>Material<\/th>\n<td>Polyamide<\/td>\n<\/tr>\n<tr>\n<th>Manufacturer<\/th>\n<td>Bergara, Spain<\/td>\n<\/tr>\n<\/tbody>\n<\/table>\n","protected":false},"excerpt":{"rendered":"<p>\u00cenc\u0103rc\u0103tor slim-line Bergara original de 10 cartu\u0219 pentru carabine B14 AICS Short Action. Compatibil cu 6.5 Creedmoor, .308 Win. Construc\u021bie u\u0219oar\u0103 din polimer pentru alimentare fiabil\u0103 \u00een competi\u021bii \u0219i v\u00e2n\u0103toare.<\/p>\n","protected":false},"featured_media":734330,"template":"","meta":{"_acf_changed":false},"product_brand":[16030],"product_cat":[12802],"product_tag":[],"class_list":{"0":"post-734329","1":"product","2":"type-product","3":"status-publish","4":"has-post-thumbnail","6":"product_brand-bergara","7":"product_cat-incarcatoare-arma-lunga","9":"first","10":"instock","11":"taxable","12":"shipping-taxable","13":"purchasable","14":"product-type-simple"},"acf":[],"_links":{"self":[{"href":"https:\/\/nbg.eu\/ro\/wp-json\/wp\/v2\/product\/734329","targetHints":{"allow":["GET"]}}],"collection":[{"href":"https:\/\/nbg.eu\/ro\/wp-json\/wp\/v2\/product"}],"about":[{"href":"https:\/\/nbg.eu\/ro\/wp-json\/wp\/v2\/types\/product"}],"wp:featuredmedia":[{"embeddable":true,"href":"https:\/\/nbg.eu\/ro\/wp-json\/wp\/v2\/media\/734330"}],"wp:attachment":[{"href":"https:\/\/nbg.eu\/ro\/wp-json\/wp\/v2\/media?parent=734329"}],"wp:term":[{"taxonomy":"product_brand","embeddable":true,"href":"https:\/\/nbg.eu\/ro\/wp-json\/wp\/v2\/product_brand?post=734329"},{"taxonomy":"product_cat","embeddable":true,"href":"https:\/\/nbg.eu\/ro\/wp-json\/wp\/v2\/product_cat?post=734329"},{"taxonomy":"product_tag","embeddable":true,"href":"https:\/\/nbg.eu\/ro\/wp-json\/wp\/v2\/product_tag?post=734329"}],"curies":[{"name":"wp","href":"https:\/\/api.w.org\/{rel}","templated":true}]}}