{"id":749570,"date":"2026-04-24T11:17:29","date_gmt":"2026-04-24T08:17:29","guid":{"rendered":"https:\/\/nbg.eu\/product\/eberlestock-freefall-2000-rucsac\/"},"modified":"2026-04-24T11:59:59","modified_gmt":"2026-04-24T08:59:59","slug":"eberlestock-freefall-2000-rucsac","status":"publish","type":"product","link":"https:\/\/nbg.eu\/ro\/produs\/eberlestock-freefall-2000-rucsac\/","title":{"rendered":"Eberlestock FreeFall 2000 Rucsac"},"content":{"rendered":"<h2>Eberlestock FreeFall 2000 Rucsac<\/h2>\n<p>Eberlestock FreeFall 2000 este o platform\u0103 versatil\u0103, cu profil redus, capabil\u0103 s\u0103 acomodeze excursii de mai multe zile cu echipament minimalist sau drume\u021bii de o zi cu echipament complet. Cu un capac superior spa\u021bios, \u0219apte buzunare interioare, un compartiment pentru rezervor de ap\u0103, curele de compresie \u0219i buzunare pe centura de \u0219old, acest rucsac este construit pentru pasiona\u021bii de outdoor \u0219i operatorii tactici serio\u0219i.<\/p>\n<h3>Caracteristici cheie<\/h3>\n<ul>\n<li>2000 c.i. \/ 32.8L capacity<\/li>\n<li>Spacious top lid<\/li>\n<li>Seven interior pockets<\/li>\n<li>Water bladder sleeve<\/li>\n<li>Compression straps<\/li>\n<li>Hip-belt pockets<\/li>\n<li>Aluminum frame<\/li>\n<li>Eberlestock Lifetime Warranty<\/li>\n<\/ul>\n<h3>Specifica\u021bii<\/h3>\n<table>\n<tr>\n<td><strong>Volum<\/strong><\/td>\n<td>2000 c.i. \/ 32.8L<\/td>\n<\/tr>\n<tr>\n<td><strong>Greutate<\/strong><\/td>\n<td>4 lbs 9 oz<\/td>\n<\/tr>\n<tr>\n<td><strong>Cadru<\/strong><\/td>\n<td>Aluminum<\/td>\n<\/tr>\n<tr>\n<td><strong>Coduri produs<\/strong><\/td>\n<td>V7MC, V7GY, V7MB, V7ME, V7MJ, V7MM<\/td>\n<\/tr>\n<tr>\n<td><strong>Produc\u0103tor<\/strong><\/td>\n<td>Eberlestock (Companie de veterani)<\/td>\n<\/tr>\n<\/table>\n","protected":false},"excerpt":{"rendered":"<p>Eberlestock FreeFall 2000 este o platform\u0103 versatil\u0103, cu profil redus, capabil\u0103 s\u0103 acomodeze excursii de mai multe zile cu echipament minimalist sau drume\u021bii de o zi cu echipament complet. Cu un capac superior spa\u021bios, \u0219apte buzunare interioare, un compartiment pentru rezervor de ap\u0103, curele de compresie \u0219i buzunare pe centura de \u0219old, acest rucsac este construit pentru pasiona\u021bii de outdoor \u0219i operatorii tactici serio\u0219i.<\/p>\n","protected":false},"featured_media":749571,"template":"","meta":{"_acf_changed":false},"product_brand":[15156],"product_cat":[12739],"product_tag":[],"class_list":{"0":"post-749570","1":"product","2":"type-product","3":"status-publish","4":"has-post-thumbnail","6":"product_brand-eberlestock","7":"product_cat-rucsacuri","9":"first","10":"outofstock","11":"taxable","12":"shipping-taxable","13":"purchasable","14":"product-type-variable","15":"wvs-archive-product-wrapper"},"acf":[],"_links":{"self":[{"href":"https:\/\/nbg.eu\/ro\/wp-json\/wp\/v2\/product\/749570","targetHints":{"allow":["GET"]}}],"collection":[{"href":"https:\/\/nbg.eu\/ro\/wp-json\/wp\/v2\/product"}],"about":[{"href":"https:\/\/nbg.eu\/ro\/wp-json\/wp\/v2\/types\/product"}],"wp:featuredmedia":[{"embeddable":true,"href":"https:\/\/nbg.eu\/ro\/wp-json\/wp\/v2\/media\/749571"}],"wp:attachment":[{"href":"https:\/\/nbg.eu\/ro\/wp-json\/wp\/v2\/media?parent=749570"}],"wp:term":[{"taxonomy":"product_brand","embeddable":true,"href":"https:\/\/nbg.eu\/ro\/wp-json\/wp\/v2\/product_brand?post=749570"},{"taxonomy":"product_cat","embeddable":true,"href":"https:\/\/nbg.eu\/ro\/wp-json\/wp\/v2\/product_cat?post=749570"},{"taxonomy":"product_tag","embeddable":true,"href":"https:\/\/nbg.eu\/ro\/wp-json\/wp\/v2\/product_tag?post=749570"}],"curies":[{"name":"wp","href":"https:\/\/api.w.org\/{rel}","templated":true}]}}