{"id":749823,"date":"2026-04-24T11:17:35","date_gmt":"2026-04-24T08:17:35","guid":{"rendered":"https:\/\/nbg.eu\/product\/eberlestock-freefall-3000-rucsac\/"},"modified":"2026-04-24T12:00:59","modified_gmt":"2026-04-24T09:00:59","slug":"eberlestock-freefall-3000-rucsac","status":"publish","type":"product","link":"https:\/\/nbg.eu\/ro\/produs\/eberlestock-freefall-3000-rucsac\/","title":{"rendered":"Eberlestock FreeFall 3000 Rucsac"},"content":{"rendered":"<h2>Eberlestock FreeFall 3000 Rucsac<\/h2>\n<p>Eberlestock FreeFall 3000 este modelul mai mare din seria FreeFall, oferind 3000 de inci cubi de capacitate pentru misiuni extinse \u00een s\u0103lb\u0103ticie \u0219i opera\u021biuni pe mai multe zile. Cu acela\u0219i design dovedit cu cadru robust din aluminiu, \u0219apte buzunare interioare \u0219i organizare complet\u0103, acest rucsac gestioneaz\u0103 sarcini mai grele cu u\u0219urin\u021b\u0103.<\/p>\n<h3>Caracteristici cheie<\/h3>\n<ul>\n<li>3000 c.i. \/ 49.2L capacity<\/li>\n<li>Spacious top lid<\/li>\n<li>Seven interior pockets<\/li>\n<li>Water bladder sleeve<\/li>\n<li>Compression straps<\/li>\n<li>Hip-belt pockets<\/li>\n<li>Aluminum frame<\/li>\n<li>Eberlestock Lifetime Warranty<\/li>\n<\/ul>\n<h3>Specifica\u021bii<\/h3>\n<table>\n<tr>\n<td><strong>Volum<\/strong><\/td>\n<td>3000 c.i. \/ 49.2L<\/td>\n<\/tr>\n<tr>\n<td><strong>Greutate<\/strong><\/td>\n<td>5 lbs 1 oz<\/td>\n<\/tr>\n<tr>\n<td><strong>Cadru<\/strong><\/td>\n<td>Aluminum<\/td>\n<\/tr>\n<tr>\n<td><strong>Coduri produs<\/strong><\/td>\n<td>V8MC, V8GY, V8MB, V8ME, V8MJ, V8MM<\/td>\n<\/tr>\n<tr>\n<td><strong>Produc\u0103tor<\/strong><\/td>\n<td>Eberlestock (Companie de veterani)<\/td>\n<\/tr>\n<\/table>\n","protected":false},"excerpt":{"rendered":"<p>Eberlestock FreeFall 3000 este modelul mai mare din seria FreeFall, oferind 3000 de inci cubi de capacitate pentru misiuni extinse \u00een s\u0103lb\u0103ticie \u0219i opera\u021biuni pe mai multe zile. Cu acela\u0219i design dovedit cu cadru robust din aluminiu, \u0219apte buzunare interioare \u0219i organizare complet\u0103, acest rucsac gestioneaz\u0103 sarcini mai grele cu u\u0219urin\u021b\u0103.<\/p>\n","protected":false},"featured_media":749824,"template":"","meta":{"_acf_changed":false},"product_brand":[15156],"product_cat":[12739],"product_tag":[],"class_list":{"0":"post-749823","1":"product","2":"type-product","3":"status-publish","4":"has-post-thumbnail","6":"product_brand-eberlestock","7":"product_cat-rucsacuri","9":"first","10":"outofstock","11":"taxable","12":"shipping-taxable","13":"purchasable","14":"product-type-variable","15":"wvs-archive-product-wrapper"},"acf":[],"_links":{"self":[{"href":"https:\/\/nbg.eu\/ro\/wp-json\/wp\/v2\/product\/749823","targetHints":{"allow":["GET"]}}],"collection":[{"href":"https:\/\/nbg.eu\/ro\/wp-json\/wp\/v2\/product"}],"about":[{"href":"https:\/\/nbg.eu\/ro\/wp-json\/wp\/v2\/types\/product"}],"wp:featuredmedia":[{"embeddable":true,"href":"https:\/\/nbg.eu\/ro\/wp-json\/wp\/v2\/media\/749824"}],"wp:attachment":[{"href":"https:\/\/nbg.eu\/ro\/wp-json\/wp\/v2\/media?parent=749823"}],"wp:term":[{"taxonomy":"product_brand","embeddable":true,"href":"https:\/\/nbg.eu\/ro\/wp-json\/wp\/v2\/product_brand?post=749823"},{"taxonomy":"product_cat","embeddable":true,"href":"https:\/\/nbg.eu\/ro\/wp-json\/wp\/v2\/product_cat?post=749823"},{"taxonomy":"product_tag","embeddable":true,"href":"https:\/\/nbg.eu\/ro\/wp-json\/wp\/v2\/product_tag?post=749823"}],"curies":[{"name":"wp","href":"https:\/\/api.w.org\/{rel}","templated":true}]}}