{"id":750454,"date":"2026-04-24T11:17:46","date_gmt":"2026-04-24T08:17:46","guid":{"rendered":"https:\/\/nbg.eu\/product\/eberlestock-mission-medic-multicam\/"},"modified":"2026-04-24T12:03:44","modified_gmt":"2026-04-24T09:03:44","slug":"eberlestock-mission-medic-multicam","status":"publish","type":"product","link":"https:\/\/nbg.eu\/ro\/produs\/eberlestock-mission-medic-multicam\/","title":{"rendered":"Eberlestock Mission Medic &#8211; Multicam"},"content":{"rendered":"<h2>Eberlestock Mission Medic<\/h2>\n<p>Eberlestock Mission Medic Pack prioritizeaz\u0103 eficien\u021ba \u0219i utilizeaz\u0103 fiecare spa\u021biu disponibil pentru organizarea care salveaz\u0103 vie\u021bi. Cu \u0219apte buzunare deta\u0219abile \u0219i dou\u0103 panouri de accesorii deta\u0219abile \u00een compartimentul principal, acest rucsac medical permite operatorilor s\u0103 preg\u0103teasc\u0103 kituri de traum\u0103 pentru desf\u0103\u0219urare rapid\u0103 \u00een timpul evenimentelor cu victime multiple.<\/p>\n<h3>Caracteristici cheie<\/h3>\n<ul>\n<li>1,717 c.i. medical capacity<\/li>\n<li>Seven tear-away pouches<\/li>\n<li>Two tear-away accessory panels<\/li>\n<li>Mission System integration<\/li>\n<li>MOLLE exterior<\/li>\n<li>Eberlestock Lifetime Warranty<\/li>\n<\/ul>\n<h3>Specifica\u021bii<\/h3>\n<table>\n<tr>\n<td><strong>Volum<\/strong><\/td>\n<td>1,717 c.i.<\/td>\n<\/tr>\n<tr>\n<td><strong>Greutate<\/strong><\/td>\n<td>3 lbs 10 oz<\/td>\n<\/tr>\n<tr>\n<td><strong>Dimensiuni<\/strong><\/td>\n<td>20&#8243;H x 12&#8243;W x 5.5&#8243;D<\/td>\n<\/tr>\n<tr>\n<td><strong>Coduri produs<\/strong><\/td>\n<td>MM1MM, MM1MC, MM1MJ<\/td>\n<\/tr>\n<tr>\n<td><strong>Produc\u0103tor<\/strong><\/td>\n<td>Eberlestock (Companie de veterani)<\/td>\n<\/tr>\n<\/table>\n","protected":false},"excerpt":{"rendered":"<p>Eberlestock Mission Medic Pack prioritizeaz\u0103 eficien\u021ba \u0219i utilizeaz\u0103 fiecare spa\u021biu disponibil pentru organizarea care salveaz\u0103 vie\u021bi. Cu \u0219apte buzunare deta\u0219abile \u0219i dou\u0103 panouri de accesorii deta\u0219abile \u00een compartimentul principal, acest rucsac medical permite operatorilor s\u0103 preg\u0103teasc\u0103 kituri de traum\u0103 pentru desf\u0103\u0219urare rapid\u0103 \u00een timpul evenimentelor cu victime multiple.<\/p>\n","protected":false},"featured_media":750455,"template":"","meta":{"_acf_changed":false},"product_brand":[15156],"product_cat":[12739],"product_tag":[],"class_list":{"0":"post-750454","1":"product","2":"type-product","3":"status-publish","4":"has-post-thumbnail","6":"product_brand-eberlestock","7":"product_cat-rucsacuri","9":"first","10":"outofstock","11":"taxable","12":"shipping-taxable","13":"purchasable","14":"product-type-simple"},"acf":[],"_links":{"self":[{"href":"https:\/\/nbg.eu\/ro\/wp-json\/wp\/v2\/product\/750454","targetHints":{"allow":["GET"]}}],"collection":[{"href":"https:\/\/nbg.eu\/ro\/wp-json\/wp\/v2\/product"}],"about":[{"href":"https:\/\/nbg.eu\/ro\/wp-json\/wp\/v2\/types\/product"}],"wp:featuredmedia":[{"embeddable":true,"href":"https:\/\/nbg.eu\/ro\/wp-json\/wp\/v2\/media\/750455"}],"wp:attachment":[{"href":"https:\/\/nbg.eu\/ro\/wp-json\/wp\/v2\/media?parent=750454"}],"wp:term":[{"taxonomy":"product_brand","embeddable":true,"href":"https:\/\/nbg.eu\/ro\/wp-json\/wp\/v2\/product_brand?post=750454"},{"taxonomy":"product_cat","embeddable":true,"href":"https:\/\/nbg.eu\/ro\/wp-json\/wp\/v2\/product_cat?post=750454"},{"taxonomy":"product_tag","embeddable":true,"href":"https:\/\/nbg.eu\/ro\/wp-json\/wp\/v2\/product_tag?post=750454"}],"curies":[{"name":"wp","href":"https:\/\/api.w.org\/{rel}","templated":true}]}}