{"id":751075,"date":"2026-04-24T11:17:52","date_gmt":"2026-04-24T08:17:52","guid":{"rendered":"https:\/\/nbg.eu\/product\/eberlestock-mission-lid-multicam\/"},"modified":"2026-04-24T12:06:26","modified_gmt":"2026-04-24T09:06:26","slug":"eberlestock-mission-lid-multicam","status":"publish","type":"product","link":"https:\/\/nbg.eu\/ro\/produs\/eberlestock-mission-lid-multicam\/","title":{"rendered":"Eberlestock Mission Lid &#8211; Multicam"},"content":{"rendered":"<h2>Eberlestock Mission Lid<\/h2>\n<p>Eberlestock Mission Lid este o ad\u0103ugare de depozitare simpl\u0103 \u0219i eficient\u0103 care p\u0103streaz\u0103 obiectele vitale la \u00eendem\u00e2n\u0103 f\u0103r\u0103 a ad\u0103uga volum sau a cre\u0219te profilul dumneavoastr\u0103. Conceput pentru a func\u021biona independent sau \u00eempreun\u0103 cu Mission Load Panel, Mission Lid cre\u0219te semnificativ capacitatea de \u00eenc\u0103rcare a Mission System.<\/p>\n<h3>Caracteristici cheie<\/h3>\n<ul>\n<li>400 c.i. storage<\/li>\n<li>6 oz lightweight<\/li>\n<li>Mission System compatible<\/li>\n<li>Works with Mission Load Panel<\/li>\n<li>Quick-access design<\/li>\n<li>Eberlestock Lifetime Warranty<\/li>\n<\/ul>\n<h3>Specifica\u021bii<\/h3>\n<table>\n<tr>\n<td><strong>Volum<\/strong><\/td>\n<td>400 c.i.<\/td>\n<\/tr>\n<tr>\n<td><strong>Greutate<\/strong><\/td>\n<td>6 oz<\/td>\n<\/tr>\n<tr>\n<td><strong>Dimensiuni<\/strong><\/td>\n<td>10&#8243;L x 12&#8243;W x 4&#8243;D<\/td>\n<\/tr>\n<tr>\n<td><strong>Coduri produs<\/strong><\/td>\n<td>ML1MM, ML1MC, ML1MJ<\/td>\n<\/tr>\n<tr>\n<td><strong>Produc\u0103tor<\/strong><\/td>\n<td>Eberlestock (Companie de veterani)<\/td>\n<\/tr>\n<\/table>\n","protected":false},"excerpt":{"rendered":"<p>Eberlestock Mission Lid este o ad\u0103ugare de depozitare simpl\u0103 \u0219i eficient\u0103 care p\u0103streaz\u0103 obiectele vitale la \u00eendem\u00e2n\u0103 f\u0103r\u0103 a ad\u0103uga volum sau a cre\u0219te profilul dumneavoastr\u0103. Conceput pentru a func\u021biona independent sau \u00eempreun\u0103 cu Mission Load Panel, Mission Lid cre\u0219te semnificativ capacitatea de \u00eenc\u0103rcare a Mission System.<\/p>\n","protected":false},"featured_media":751076,"template":"","meta":{"_acf_changed":false},"product_brand":[15156],"product_cat":[12739],"product_tag":[],"class_list":{"0":"post-751075","1":"product","2":"type-product","3":"status-publish","4":"has-post-thumbnail","6":"product_brand-eberlestock","7":"product_cat-rucsacuri","9":"first","10":"outofstock","11":"taxable","12":"shipping-taxable","13":"purchasable","14":"product-type-simple"},"acf":[],"_links":{"self":[{"href":"https:\/\/nbg.eu\/ro\/wp-json\/wp\/v2\/product\/751075","targetHints":{"allow":["GET"]}}],"collection":[{"href":"https:\/\/nbg.eu\/ro\/wp-json\/wp\/v2\/product"}],"about":[{"href":"https:\/\/nbg.eu\/ro\/wp-json\/wp\/v2\/types\/product"}],"wp:featuredmedia":[{"embeddable":true,"href":"https:\/\/nbg.eu\/ro\/wp-json\/wp\/v2\/media\/751076"}],"wp:attachment":[{"href":"https:\/\/nbg.eu\/ro\/wp-json\/wp\/v2\/media?parent=751075"}],"wp:term":[{"taxonomy":"product_brand","embeddable":true,"href":"https:\/\/nbg.eu\/ro\/wp-json\/wp\/v2\/product_brand?post=751075"},{"taxonomy":"product_cat","embeddable":true,"href":"https:\/\/nbg.eu\/ro\/wp-json\/wp\/v2\/product_cat?post=751075"},{"taxonomy":"product_tag","embeddable":true,"href":"https:\/\/nbg.eu\/ro\/wp-json\/wp\/v2\/product_tag?post=751075"}],"curies":[{"name":"wp","href":"https:\/\/api.w.org\/{rel}","templated":true}]}}