{"id":751430,"date":"2026-04-24T11:17:56","date_gmt":"2026-04-24T08:17:56","guid":{"rendered":"https:\/\/nbg.eu\/product\/eberlestock-mission-wings-multicam\/"},"modified":"2026-04-24T12:08:14","modified_gmt":"2026-04-24T09:08:14","slug":"eberlestock-mission-wings-multicam","status":"publish","type":"product","link":"https:\/\/nbg.eu\/ro\/produs\/eberlestock-mission-wings-multicam\/","title":{"rendered":"Eberlestock Mission Wings &#8211; Multicam"},"content":{"rendered":"<h2>Eberlestock Mission Wings<\/h2>\n<p>Eberlestock Mission Wings sunt panouri laterale modulare \u0219i u\u0219oare care adaug\u0103 rapid volum suplimentar sau permit configurarea strategic\u0103 a kiturilor specializate pe exteriorul Mission System. U\u0219or de ad\u0103ugat sau de \u00eendep\u0103rtat folosind punctele de fixare ovale tri-glide, ofer\u0103 acces rapid la depozitare acolo unde ave\u021bi cea mai mare nevoie.<\/p>\n<h3>Caracteristici cheie<\/h3>\n<ul>\n<li>765 c.i. \/ 13.68L combined capacity<\/li>\n<li>Modular side panels<\/li>\n<li>Oval tri-glide attachment<\/li>\n<li>Quick-access design<\/li>\n<li>Mission System integration<\/li>\n<li>Eberlestock Lifetime Warranty<\/li>\n<\/ul>\n<h3>Specifica\u021bii<\/h3>\n<table>\n<tr>\n<td><strong>Volum<\/strong><\/td>\n<td>765 c.i. \/ 13.68L<\/td>\n<\/tr>\n<tr>\n<td><strong>Greutate<\/strong><\/td>\n<td>1 lb 2 oz<\/td>\n<\/tr>\n<tr>\n<td><strong>Dimensiuni<\/strong><\/td>\n<td>18&#8243;H x 6.5&#8243;W x 2&#8243;D<\/td>\n<\/tr>\n<tr>\n<td><strong>Coduri produs<\/strong><\/td>\n<td>MW1MM, MW1MC<\/td>\n<\/tr>\n<tr>\n<td><strong>Produc\u0103tor<\/strong><\/td>\n<td>Eberlestock (Companie de veterani)<\/td>\n<\/tr>\n<\/table>\n","protected":false},"excerpt":{"rendered":"<p>Eberlestock Mission Wings sunt panouri laterale modulare \u0219i u\u0219oare care adaug\u0103 rapid volum suplimentar sau permit configurarea strategic\u0103 a kiturilor specializate pe exteriorul Mission System. U\u0219or de ad\u0103ugat sau de \u00eendep\u0103rtat folosind punctele de fixare ovale tri-glide, ofer\u0103 acces rapid la depozitare acolo unde ave\u021bi cea mai mare nevoie.<\/p>\n","protected":false},"featured_media":751431,"template":"","meta":{"_acf_changed":false},"product_brand":[15156],"product_cat":[12739],"product_tag":[],"class_list":{"0":"post-751430","1":"product","2":"type-product","3":"status-publish","4":"has-post-thumbnail","6":"product_brand-eberlestock","7":"product_cat-rucsacuri","9":"first","10":"outofstock","11":"taxable","12":"shipping-taxable","13":"purchasable","14":"product-type-simple"},"acf":[],"_links":{"self":[{"href":"https:\/\/nbg.eu\/ro\/wp-json\/wp\/v2\/product\/751430","targetHints":{"allow":["GET"]}}],"collection":[{"href":"https:\/\/nbg.eu\/ro\/wp-json\/wp\/v2\/product"}],"about":[{"href":"https:\/\/nbg.eu\/ro\/wp-json\/wp\/v2\/types\/product"}],"wp:featuredmedia":[{"embeddable":true,"href":"https:\/\/nbg.eu\/ro\/wp-json\/wp\/v2\/media\/751431"}],"wp:attachment":[{"href":"https:\/\/nbg.eu\/ro\/wp-json\/wp\/v2\/media?parent=751430"}],"wp:term":[{"taxonomy":"product_brand","embeddable":true,"href":"https:\/\/nbg.eu\/ro\/wp-json\/wp\/v2\/product_brand?post=751430"},{"taxonomy":"product_cat","embeddable":true,"href":"https:\/\/nbg.eu\/ro\/wp-json\/wp\/v2\/product_cat?post=751430"},{"taxonomy":"product_tag","embeddable":true,"href":"https:\/\/nbg.eu\/ro\/wp-json\/wp\/v2\/product_tag?post=751430"}],"curies":[{"name":"wp","href":"https:\/\/api.w.org\/{rel}","templated":true}]}}