{"id":753153,"date":"2026-04-22T14:06:32","date_gmt":"2026-04-22T11:06:32","guid":{"rendered":"https:\/\/nbg.eu\/product\/carabina-cu-repetitie-howa-bravo-chassis-lungime-teava-26-cal-6-5-creedmoor\/"},"modified":"2026-05-07T17:42:23","modified_gmt":"2026-05-07T14:42:23","slug":"carabina-cu-repetitie-howa-bravo-chassis-lungime-teava-26-cal-6-5-creedmoor","status":"publish","type":"product","link":"https:\/\/nbg.eu\/ro\/produs\/carabina-cu-repetitie-howa-bravo-chassis-lungime-teava-26-cal-6-5-creedmoor\/","title":{"rendered":"HOWA Bravo Chassis carabin\u0103 cu repeti\u021bie, lungime \u021beav\u0103 26&#8243;, cal. 6.5 Creedmoor"},"content":{"rendered":"<h2>Carabin\u0103 cu repeti\u021bie HOWA Bravo Chassis 26&#8243; 6.5 Creedmoor<\/h2>\n<p>HOWA M1500 Bravo este o carabin\u0103 de precizie de fabric\u0103 f\u0103r\u0103 compromisuri. Combin\u0103 renumita ac\u021biune forjat\u0103 HOWA 1500 \u2014 apreciat\u0103 de v\u00e2n\u0103tori \u0219i sportivi peste patru decenii \u2014 cu chassis-ul Bravo de la Kinetic Research Group (KRG): o coloan\u0103 vertebral\u0103 integral\u0103 din aluminiu, \u00eenvelit\u0103 cu o carcas\u0103 din polimer ranforsat cu fibr\u0103 de sticl\u0103. Rezultatul arat\u0103 ca un pat tradi\u021bional dar se comport\u0103 ca un chassis de precizie dedicat. \u00cen configura\u021bia 26&#8243; \u00een 6.5 Creedmoor devine o platform\u0103 preg\u0103tit\u0103 pentru distan\u021be mari \u2014 pentru \u021binte de o\u021bel, competi\u021bii sau v\u00e2n\u0103toare la distan\u021be mari.<\/p>\n<h3>Ac\u021biune forjat\u0103 HOWA 1500<\/h3>\n<p>Fiecare Bravo \u00eencepe cu carcasa \u00eenchiz\u0103torului \u0219i \u00eenchiz\u0103torul forjat dintr-o singur\u0103 pies\u0103 HOWA. Dou\u0103 prelungiri de blocare opuse, un extractor extern mare tip Sako \u0219i un ejector cu piston asigur\u0103 alimentare \u0219i extragere fiabile pentru \u00eentreaga familie de cartu\u0219e cu fund .308. Ac\u021biunea este conectat\u0103 la chassis prin sistemul Radius Bedding prelucrat CNC al KRG \u2014 un V-block integral din aluminiu care ofer\u0103 un a\u0219ezare rigid \u0219i repetabil f\u0103r\u0103 neregularit\u0103\u021bile unui pat tradi\u021bional.<\/p>\n<h3>Chassis KRG Bravo<\/h3>\n<p>Chassis-ul KRG Bravo este ce face aceast\u0103 carabin\u0103 special\u0103. Accept\u0103 \u00eenc\u0103rc\u0103toare AICS din polimer, are sloturi M-LOK pe toat\u0103 lungimea ap\u0103r\u0103toarei, folose\u0219te distan\u021biere reglabile pentru lungimea patului ajustabil\u0103 \u0219i include un c\u00e2rlig\/oprire integrat la c\u0103lc\u00e2i pentru tragere \u00een pozi\u021bie. Ob\u021bine\u021bi confortul unui pat tradi\u021bional de v\u00e2n\u0103toare cu setul complet de func\u021bii al unui chassis de precizie modern.<\/p>\n<h3>Tr\u0103gaci match \u0219i siguran\u021b\u0103 \u00een trei pozi\u021bii<\/h3>\n<p>Tr\u0103gaciul HACT (HOWA Actuator Controlled Trigger) cu dou\u0103 etape este reglat din fabric\u0103 \u00een intervalul 2,5 \u2013 3 lb. O prim\u0103 etap\u0103 u\u0219oar\u0103 trece \u00eentr-o oprire curat\u0103 a celei de-a doua etape, oferind senza\u021bia de tr\u0103gaci match direct din cutie. Siguran\u021ba \u00een trei pozi\u021bii permite desc\u0103rcarea cu siguran\u021ba angajat\u0103 \u2014 o caracteristic\u0103 pe care tr\u0103g\u0103torii serio\u0219i o a\u0219teapt\u0103.<\/p>\n<h3>\u021aeav\u0103 grea filetat\u0103 de 26&#8243;<\/h3>\n<p>O \u021beav\u0103 grea cu plutire liber\u0103 de 26&#8243; cu r\u0103sucirea 1:8&#8243; valorific\u0103 pe deplin balistica 6.5 Creedmoor. \u021aeava mai lung\u0103 extrage fiecare bit de vitez\u0103 din gloan\u021bele mai grele cu BC mare \u00een intervalul 130 \u2013 147 gr \u2014 exact unde 6.5 CM str\u0103luce\u0219te. Gura este filetat\u0103 5\/8&#8243;-24 UNEF pentru fr\u00e2n\u0103 sau amortizor.<\/p>\n<h3>Componente premium incluse<\/h3>\n<ul>\n<li>Ac\u021biune forjat\u0103 HOWA 1500 cu \u00eenchiz\u0103tor lustruit<\/li>\n<li>Tr\u0103gaci match HACT cu dou\u0103 etape, reglat din fabric\u0103<\/li>\n<li>Siguran\u021b\u0103 \u00een trei pozi\u021bii<\/li>\n<li>Filet la gur\u0103 5\/8&#8243;-24 pentru fr\u00e2n\u0103 sau amortizor<\/li>\n<li>Garan\u021bie de fabric\u0103 HOWA pentru precizie sub-MOA<\/li>\n<\/ul>\n<h3>Specifica\u021bii tehnice<\/h3>\n<table>\n<tr>\n<th>Ac\u021biune<\/th>\n<td>Cu repeti\u021bie HOWA 1500, \u00eenchiz\u0103tor forjat dintr-o singur\u0103 pies\u0103<\/td>\n<\/tr>\n<tr>\n<th>Calibru<\/th>\n<td>6.5 Creedmoor<\/td>\n<\/tr>\n<tr>\n<th>Lungime \u021beav\u0103<\/th>\n<td>26&#8243;<\/td>\n<\/tr>\n<tr>\n<th>Profil \u021beav\u0103<\/th>\n<td>Grea, cu plutire liber\u0103<\/td>\n<\/tr>\n<tr>\n<th>R\u0103sucire<\/th>\n<td>1:8&#8243;<\/td>\n<\/tr>\n<tr>\n<th>Filet la gur\u0103<\/th>\n<td>5\/8&#8243;-24 UNEF<\/td>\n<\/tr>\n<tr>\n<th>Lungime total\u0103<\/th>\n<td>~45&#8243;<\/td>\n<\/tr>\n<tr>\n<th>Greutate<\/th>\n<td>~9,9 lbs<\/td>\n<\/tr>\n<tr>\n<th>Pat \/ chassis<\/th>\n<td>KRG Bravo \u2014 coloan\u0103 aluminiu, carcas\u0103 polimer<\/td>\n<\/tr>\n<tr>\n<th>A\u0219ezare<\/th>\n<td>KRG Radius Bedding (V-block integral din aluminiu)<\/td>\n<\/tr>\n<tr>\n<th>Tr\u0103gaci<\/th>\n<td>HACT match cu dou\u0103 etape, fabric\u0103 ~2,5\u20133 lb<\/td>\n<\/tr>\n<tr>\n<th>Siguran\u021b\u0103<\/th>\n<td>\u00cen trei pozi\u021bii<\/td>\n<\/tr>\n<tr>\n<th>Finisaj<\/th>\n<td>Brunat mat<\/td>\n<\/tr>\n<tr>\n<th>Garan\u021bie precizie<\/th>\n<td>Sub-1 MOA (3 trageri @ 100 yds, muni\u021bie premium)<\/td>\n<\/tr>\n<\/table>\n","protected":false},"excerpt":{"rendered":"<p>Carabin\u0103 de precizie cu repeti\u021bie pentru tragere la distan\u021b\u0103 mare, combin\u00e2nd ac\u021biunea forjat\u0103 HOWA 1500 cu chassis-ul Kinetic Research Group Bravo. \u021aeav\u0103 grea filetat\u0103 de 26&#8243; \u00een 6.5 Creedmoor.<\/p>\n","protected":false},"featured_media":754821,"template":"","meta":{"_acf_changed":false},"product_brand":[16230],"product_cat":[12795,16056,12748],"product_tag":[],"class_list":{"0":"post-753153","1":"product","2":"type-product","3":"status-publish","4":"has-post-thumbnail","6":"product_brand-howa","7":"product_cat-arma-lunga","8":"product_cat-bolt-action-rifles-ro","9":"product_cat-licentiat","11":"first","12":"instock","13":"taxable","14":"shipping-taxable","15":"product-type-simple"},"acf":[],"_links":{"self":[{"href":"https:\/\/nbg.eu\/ro\/wp-json\/wp\/v2\/product\/753153","targetHints":{"allow":["GET"]}}],"collection":[{"href":"https:\/\/nbg.eu\/ro\/wp-json\/wp\/v2\/product"}],"about":[{"href":"https:\/\/nbg.eu\/ro\/wp-json\/wp\/v2\/types\/product"}],"wp:featuredmedia":[{"embeddable":true,"href":"https:\/\/nbg.eu\/ro\/wp-json\/wp\/v2\/media\/754821"}],"wp:attachment":[{"href":"https:\/\/nbg.eu\/ro\/wp-json\/wp\/v2\/media?parent=753153"}],"wp:term":[{"taxonomy":"product_brand","embeddable":true,"href":"https:\/\/nbg.eu\/ro\/wp-json\/wp\/v2\/product_brand?post=753153"},{"taxonomy":"product_cat","embeddable":true,"href":"https:\/\/nbg.eu\/ro\/wp-json\/wp\/v2\/product_cat?post=753153"},{"taxonomy":"product_tag","embeddable":true,"href":"https:\/\/nbg.eu\/ro\/wp-json\/wp\/v2\/product_tag?post=753153"}],"curies":[{"name":"wp","href":"https:\/\/api.w.org\/{rel}","templated":true}]}}