{"id":753223,"date":"2026-04-22T14:06:51","date_gmt":"2026-04-22T11:06:51","guid":{"rendered":"https:\/\/nbg.eu\/product\/carabina-semi-automata-lwrc-di-cal-223-rem\/"},"modified":"2026-05-07T17:49:26","modified_gmt":"2026-05-07T14:49:26","slug":"carabina-semi-automata-lwrc-di-cal-223-rem","status":"publish","type":"product","link":"https:\/\/nbg.eu\/ro\/produs\/carabina-semi-automata-lwrc-di-cal-223-rem\/","title":{"rendered":"LWRC DI carabin\u0103 semi-automat\u0103, cal. .223 Rem"},"content":{"rendered":"<h2>Carabin\u0103 semi-automat\u0103 LWRC DI .223 Rem<\/h2>\n<p>LWRC IC-DI este varianta cu impingement direct a familiei Individual Carbine, construit\u0103 pe carcasa superioar\u0103 monoforjat\u0103 dintr-o singur\u0103 pies\u0103 LWRC \u0219i combin\u00e2nd \u021beava forjat\u0103 la rece de 16,1&#8243; tratat\u0103 NiCorr LWRC cu sistemul mid-length DGI. Folose\u0219te o ap\u0103r\u0103toare M-LOK cu plutire liber\u0103 pe lungimea complet\u0103, p\u00e2rghia de armare ambidextr\u0103 LWRC \u0219i ap\u0103r\u0103toarea de tr\u0103gaci avansat\u0103 proiectat\u0103 pentru manipulare cu m\u0103nu\u0219i. \u021ainte\u0219te utilizatorii care vor calitatea de fabrica\u021bie \u0219i ergonomia LWRC f\u0103r\u0103 costul sau greutatea IC-A5 cu piston short-stroke.<\/p>\n<h3>Carcas\u0103 superioar\u0103 monoforjat\u0103 LWRC<\/h3>\n<p>Carcasa superioar\u0103 monoforjat\u0103 dintr-o singur\u0103 pies\u0103 distinctiv\u0103 LWRC integreaz\u0103 interfa\u021ba de montare a ap\u0103r\u0103toarei ca parte a forj\u0103rii. Acest lucru creeaz\u0103 o carcas\u0103 superioar\u0103 mai rigid\u0103, mai puternic\u0103 dec\u00e2t sistemele de \u0219ine cu \u0219uruburi \u0219i men\u021bine zeroul oric\u0103rei optice montate pe \u0219ina superioar\u0103 pe lungimea complet\u0103.<\/p>\n<h3>\u021aeav\u0103 forjat\u0103 la rece NiCorr<\/h3>\n<p>\u021aeava de 16,1&#8243; este forjat\u0103 la rece \u0219i tratat\u0103 NiCorr \u2014 un proces de nitrurare care produce o c\u0103ptu\u0219eal\u0103 a canonului extrem de dur\u0103, rezistent\u0103 la coroziune cu durat\u0103 de via\u021b\u0103 excep\u021bional\u0103. Ghinturile spirale reduc greutatea ajut\u00e2nd disiparea c\u0103ldurii.<\/p>\n<h3>P\u00e2rghie de armare ambidextr\u0103<\/h3>\n<p>P\u00e2rghia de armare ambidextr\u0103 LWRC are z\u0103voare supradimensionate de ambele p\u0103r\u021bi, permi\u021b\u00e2nd manipulare rapid\u0103, pozitiv\u0103 cu oricare m\u00e2n\u0103 sau \u00een pozi\u021bia de um\u0103r.<\/p>\n<h3>Ap\u0103r\u0103toare de tr\u0103gaci avansat\u0103 LWRCI<\/h3>\n<p>Ap\u0103r\u0103toarea de tr\u0103gaci m\u0103rit\u0103 &#8222;winter-glove friendly&#8221; este turnat\u0103 ca parte a carcasei inferioare \u0219i accept\u0103 m\u0103nu\u0219i voluminoase f\u0103r\u0103 a necesita instalare aftermarket.<\/p>\n<h3>Componente premium incluse<\/h3>\n<ul>\n<li>Carcas\u0103 superioar\u0103 monoforjat\u0103 dintr-o singur\u0103 pies\u0103 LWRCI, 7075-T6<\/li>\n<li>\u021aeav\u0103 forjat\u0103 la rece tratat\u0103 NiCorr canelat\u0103 \u00een spiral\u0103 de 16,1&#8243;<\/li>\n<li>Sistem de gaz mid-length DGI<\/li>\n<li>Ap\u0103r\u0103toare M-LOK cu plutire liber\u0103 pe lungimea complet\u0103 cu \u0219in\u0103 superioar\u0103 \u00eembun\u0103t\u0103\u021bit\u0103<\/li>\n<li>P\u00e2rghie de armare ambidextr\u0103<\/li>\n<li>Ap\u0103r\u0103toare de tr\u0103gaci avansat\u0103 LWRCI<\/li>\n<li>Pat compact reglabil cu \u0219ase pozi\u021bii LWRCI<\/li>\n<li>Buffer H2 pentru impuls mai bl\u00e2nd<\/li>\n<\/ul>\n<h3>Specifica\u021bii tehnice<\/h3>\n<table>\n<tr>\n<th>Mecanism<\/th>\n<td>Semi-automat, impingement direct de gaze, mid-length<\/td>\n<\/tr>\n<tr>\n<th>Calibru<\/th>\n<td>5.56 NATO \/ .223 Rem<\/td>\n<\/tr>\n<tr>\n<th>Lungime \u021beav\u0103<\/th>\n<td>16,1&#8243;<\/td>\n<\/tr>\n<tr>\n<th>\u021aeav\u0103<\/th>\n<td>Forjat\u0103 la rece, tratat\u0103 NiCorr, canelat\u0103 \u00een spiral\u0103<\/td>\n<\/tr>\n<tr>\n<th>R\u0103sucire<\/th>\n<td>1:7&#8243;<\/td>\n<\/tr>\n<tr>\n<th>Carcas\u0103 superioar\u0103<\/th>\n<td>Aluminiu 7075-T6 monoforjat LWRCI<\/td>\n<\/tr>\n<tr>\n<th>Carcas\u0103 inferioar\u0103<\/th>\n<td>Aluminiu forjat 7075-T6<\/td>\n<\/tr>\n<tr>\n<th>Ap\u0103r\u0103toare<\/th>\n<td>LWRCI M-LOK cu plutire liber\u0103, lungime complet\u0103<\/td>\n<\/tr>\n<tr>\n<th>Pat<\/th>\n<td>LWRCI compact reglabil cu \u0219ase pozi\u021bii<\/td>\n<\/tr>\n<tr>\n<th>M\u00e2ner<\/th>\n<td>Magpul MOE+<\/td>\n<\/tr>\n<tr>\n<th>P\u00e2rghie de armare<\/th>\n<td>Ambidextr\u0103<\/td>\n<\/tr>\n<tr>\n<th>Dispozitiv gur\u0103<\/th>\n<td>A2 ascundere flac\u0103r\u0103<\/td>\n<\/tr>\n<tr>\n<th>Buffer<\/th>\n<td>H2 cu arc mil-spec<\/td>\n<\/tr>\n<tr>\n<th>Finisaj<\/th>\n<td>Negru \/ Tungsten Gray \/ FDE \/ Burnt Bronze (anodizare Cerakote)<\/td>\n<\/tr>\n<tr>\n<th>Greutate<\/th>\n<td>~6,6 lb<\/td>\n<\/tr>\n<tr>\n<th>Lungime total\u0103<\/th>\n<td>32&#8243; \u2013 35,25&#8243;<\/td>\n<\/tr>\n<\/table>\n","protected":false},"excerpt":{"rendered":"<p>Variant\u0103 cu impingement direct LWRC Individual Carbine. Carcas\u0103 superioar\u0103 monoforjat\u0103 dintr-o singur\u0103 pies\u0103, \u021beav\u0103 forjat\u0103 la rece tratat\u0103 NiCorr canelat\u0103 \u00een spiral\u0103 de 16,1&#8243;, gaz mid-length, \u0219in\u0103 M-LOK cu plutire liber\u0103 pe lungimea complet\u0103, p\u00e2rghie de armare ambidextr\u0103.<\/p>\n","protected":false},"featured_media":755053,"template":"","meta":{"_acf_changed":false},"product_brand":[16235],"product_cat":[16203,12795,12727,12748,15837],"product_tag":[],"class_list":{"0":"post-753223","1":"product","2":"type-product","3":"status-publish","4":"has-post-thumbnail","6":"product_brand-lwrc","7":"product_cat-ar-15-rifles-ro","8":"product_cat-arma-lunga","9":"product_cat-carbine","10":"product_cat-licentiat","11":"product_cat-semi-automatic-rifles-ro","13":"first","14":"instock","15":"taxable","16":"shipping-taxable","17":"product-type-simple"},"acf":[],"_links":{"self":[{"href":"https:\/\/nbg.eu\/ro\/wp-json\/wp\/v2\/product\/753223","targetHints":{"allow":["GET"]}}],"collection":[{"href":"https:\/\/nbg.eu\/ro\/wp-json\/wp\/v2\/product"}],"about":[{"href":"https:\/\/nbg.eu\/ro\/wp-json\/wp\/v2\/types\/product"}],"wp:featuredmedia":[{"embeddable":true,"href":"https:\/\/nbg.eu\/ro\/wp-json\/wp\/v2\/media\/755053"}],"wp:attachment":[{"href":"https:\/\/nbg.eu\/ro\/wp-json\/wp\/v2\/media?parent=753223"}],"wp:term":[{"taxonomy":"product_brand","embeddable":true,"href":"https:\/\/nbg.eu\/ro\/wp-json\/wp\/v2\/product_brand?post=753223"},{"taxonomy":"product_cat","embeddable":true,"href":"https:\/\/nbg.eu\/ro\/wp-json\/wp\/v2\/product_cat?post=753223"},{"taxonomy":"product_tag","embeddable":true,"href":"https:\/\/nbg.eu\/ro\/wp-json\/wp\/v2\/product_tag?post=753223"}],"curies":[{"name":"wp","href":"https:\/\/api.w.org\/{rel}","templated":true}]}}