{"id":75377,"date":"2024-10-30T18:50:16","date_gmt":"2024-11-01T09:27:22","guid":{"rendered":"https:\/\/nbg.eu\/product\/rhh-081-owb-magazine\/"},"modified":"2026-05-13T16:51:57","modified_gmt":"2026-05-13T13:51:57","slug":"rhh-081-owb-magazine","status":"publish","type":"product","link":"https:\/\/nbg.eu\/ro\/produs\/rhh-081-owb-magazine\/","title":{"rendered":"Rhh .081 OWB Magazine"},"content":{"rendered":"<div class=\"product-description\">\n<h2>Toc pentru \u00cenc\u0103rc\u0103tor Rhh .081 OWB<\/h2>\n<p>Tocul pentru \u00cenc\u0103rc\u0103tor Rhh .081 OWB este un toc Kydex conceput pentru confort \u0219i func\u021bionalitate. Caracteristici principale:<\/p>\n<ul>\n<li>Construc\u021bie din Kydex de 2mm grosime pentru durabilitate<\/li>\n<li>Mulare la presiune \u00eenalt\u0103 pentru potrivire precis\u0103 a \u00eenc\u0103rc\u0103torului<\/li>\n<li>Indenta\u021bii precise cu margini t\u0103iate manual<\/li>\n<li>Op\u021biuni de culoare personalizabile<\/li>\n<li>Pozi\u021bii de purtare versatile (9-7 pentru dreptaci)<\/li>\n<li>Potrivit pentru poligoane de tir, cursuri de antrenament \u0219i competi\u021bii<\/li>\n<li>Mai multe op\u021biuni de ata\u0219are la centur\u0103: bucle clasice, SpeedLoops sau cleme MOLLE<\/li>\n<li>Protec\u021bie op\u021bional\u0103 \u00eempotriva transpira\u021biei<\/li>\n<li>Tensiune de prindere reglabil\u0103<\/li>\n<\/ul>\n<p>Tocul pentru \u00cenc\u0103rc\u0103tor Rhh .081 OWB ofer\u0103 reten\u021bie \u0219i u\u0219urin\u021b\u0103 \u00een utilizare.<\/p>\n<\/div>\n","protected":false},"excerpt":{"rendered":"<p>Toc OWB din Kydex durabil pentru 2 \u00eenc\u0103rc\u0103toare. Potrivire personalizabil\u0103 \u0219i sigur\u0103.<\/p>\n","protected":false},"featured_media":74405,"template":"","meta":{"_acf_changed":false},"product_brand":[11646],"product_cat":[12786,12801],"product_tag":[],"class_list":{"0":"post-75377","1":"product","2":"type-product","3":"status-publish","4":"has-post-thumbnail","6":"product_brand-rh-holsters","7":"product_cat-suporturi-incarcatoare","8":"product_cat-toc","10":"first","11":"instock","12":"taxable","13":"shipping-taxable","14":"purchasable","15":"product-type-variable","16":"wvs-archive-product-wrapper"},"acf":[],"_links":{"self":[{"href":"https:\/\/nbg.eu\/ro\/wp-json\/wp\/v2\/product\/75377","targetHints":{"allow":["GET"]}}],"collection":[{"href":"https:\/\/nbg.eu\/ro\/wp-json\/wp\/v2\/product"}],"about":[{"href":"https:\/\/nbg.eu\/ro\/wp-json\/wp\/v2\/types\/product"}],"wp:featuredmedia":[{"embeddable":true,"href":"https:\/\/nbg.eu\/ro\/wp-json\/wp\/v2\/media\/74405"}],"wp:attachment":[{"href":"https:\/\/nbg.eu\/ro\/wp-json\/wp\/v2\/media?parent=75377"}],"wp:term":[{"taxonomy":"product_brand","embeddable":true,"href":"https:\/\/nbg.eu\/ro\/wp-json\/wp\/v2\/product_brand?post=75377"},{"taxonomy":"product_cat","embeddable":true,"href":"https:\/\/nbg.eu\/ro\/wp-json\/wp\/v2\/product_cat?post=75377"},{"taxonomy":"product_tag","embeddable":true,"href":"https:\/\/nbg.eu\/ro\/wp-json\/wp\/v2\/product_tag?post=75377"}],"curies":[{"name":"wp","href":"https:\/\/api.w.org\/{rel}","templated":true}]}}