{"id":755370,"date":"2026-05-13T13:36:31","date_gmt":"2026-05-13T10:36:31","guid":{"rendered":"https:\/\/nbg.eu\/product\/toc-magnum-research-bfr-65-75-piele-tan\/"},"modified":"2026-05-13T14:48:40","modified_gmt":"2026-05-13T11:48:40","slug":"toc-magnum-research-bfr-65-75-piele-tan","status":"publish","type":"product","link":"https:\/\/nbg.eu\/ro\/produs\/toc-magnum-research-bfr-65-75-piele-tan\/","title":{"rendered":"Toc Magnum Research BFR 6,5\/7,5&#8243; &#8211; piele (tan)"},"content":{"rendered":"<h2>Toc Magnum Research BFR 6,5\/7,5&#8243; &#8211; piele (tan)<\/h2>\n<p>Toc din piele modelat manual pentru revolverul Magnum Research Big Frame Revolver (BFR) cu \u021beav\u0103 de 6,5&#8243; sau 7,5&#8243;. Realizat din piele full-grain premium; reten\u021bie sigur\u0103, extragere lin\u0103 \u0219i durabilitate \u00eendelungat\u0103.<\/p>\n<h3>Caracteristici principale<\/h3>\n<ul>\n<li>Modelat pe profilul BFR 6,5&#8243;\/7,5&#8243;<\/li>\n<li>Piele full-grain premium<\/li>\n<li>Cus\u0103turi \u00eent\u0103rite pentru revolvere grele<\/li>\n<li>Curea de reten\u021bie reglabil\u0103<\/li>\n<li>Compatibil cu curele standard<\/li>\n<\/ul>\n<h3>Specifica\u021bii<\/h3>\n<table>\n<tr>\n<td><strong>Compatibil cu<\/strong><\/td>\n<td>Magnum Research BFR 6,5&#8243; \/ 7,5&#8243;<\/td>\n<\/tr>\n<tr>\n<td><strong>Material<\/strong><\/td>\n<td>Piele premium (tan)<\/td>\n<\/tr>\n<tr>\n<td><strong>Mod de purtare<\/strong><\/td>\n<td>Centur\u0103<\/td>\n<\/tr>\n<tr>\n<td><strong>Origine<\/strong><\/td>\n<td>USA<\/td>\n<\/tr>\n<\/table>\n","protected":false},"excerpt":{"rendered":"<p>Toc din piele tan modelat manual, adaptat revolverului Magnum Research BFR cu \u021beav\u0103 de 6,5&#8243; sau 7,5&#8243;.<\/p>\n","protected":false},"featured_media":755767,"template":"","meta":{"_acf_changed":false},"product_brand":[],"product_cat":[12801,12782],"product_tag":[],"class_list":{"0":"post-755370","1":"product","2":"type-product","3":"status-publish","4":"has-post-thumbnail","6":"product_cat-toc","7":"product_cat-toc-sport","9":"first","10":"instock","11":"sale","12":"taxable","13":"shipping-taxable","14":"purchasable","15":"product-type-simple"},"acf":[],"_links":{"self":[{"href":"https:\/\/nbg.eu\/ro\/wp-json\/wp\/v2\/product\/755370","targetHints":{"allow":["GET"]}}],"collection":[{"href":"https:\/\/nbg.eu\/ro\/wp-json\/wp\/v2\/product"}],"about":[{"href":"https:\/\/nbg.eu\/ro\/wp-json\/wp\/v2\/types\/product"}],"wp:featuredmedia":[{"embeddable":true,"href":"https:\/\/nbg.eu\/ro\/wp-json\/wp\/v2\/media\/755767"}],"wp:attachment":[{"href":"https:\/\/nbg.eu\/ro\/wp-json\/wp\/v2\/media?parent=755370"}],"wp:term":[{"taxonomy":"product_brand","embeddable":true,"href":"https:\/\/nbg.eu\/ro\/wp-json\/wp\/v2\/product_brand?post=755370"},{"taxonomy":"product_cat","embeddable":true,"href":"https:\/\/nbg.eu\/ro\/wp-json\/wp\/v2\/product_cat?post=755370"},{"taxonomy":"product_tag","embeddable":true,"href":"https:\/\/nbg.eu\/ro\/wp-json\/wp\/v2\/product_tag?post=755370"}],"curies":[{"name":"wp","href":"https:\/\/api.w.org\/{rel}","templated":true}]}}