{"id":755393,"date":"2026-05-13T13:36:32","date_gmt":"2026-05-13T10:36:32","guid":{"rendered":"https:\/\/nbg.eu\/product\/maner-de-armare-ambidextru-oberland-arms-small-223\/"},"modified":"2026-05-13T14:48:53","modified_gmt":"2026-05-13T11:48:53","slug":"maner-de-armare-ambidextru-oberland-arms-small-223","status":"publish","type":"product","link":"https:\/\/nbg.eu\/ro\/produs\/maner-de-armare-ambidextru-oberland-arms-small-223\/","title":{"rendered":"M\u00e2ner de armare ambidextru Oberland Arms, Small, .223"},"content":{"rendered":"<h2>M\u00e2ner de armare ambidextru Oberland Arms, Small, .223<\/h2>\n<p>M\u00e2nerul de armare ambidextru Oberland Arms este un upgrade de precizie pentru platforma AR-15 \u00een .223 Rem \/ 5.56 NATO. Profilul redus \u0219i p\u00e2rghia bilateral\u0103 permit manevrare rapid\u0103 cu ambele m\u00e2ini f\u0103r\u0103 s\u0103 interfereze cu optica sau accesoriile.<\/p>\n<h3>Caracteristici principale<\/h3>\n<ul>\n<li>Func\u021bionare ambidextr\u0103 &#8211; m\u00e2n\u0103 st\u00e2ng\u0103 sau dreapt\u0103<\/li>\n<li>P\u00e2rghie mic\u0103 cu profil redus<\/li>\n<li>\u00cenlocuitor drop-in pentru m\u00e2nerul AR-15 standard<\/li>\n<li>Prelucrat cu precizie<\/li>\n<li>Fabricat \u00een Germania de Oberland Arms<\/li>\n<\/ul>\n<h3>Specifica\u021bii<\/h3>\n<table>\n<tr>\n<td><strong>Compatibilitate<\/strong><\/td>\n<td>AR-15 \/ .223 Rem \/ 5.56 NATO<\/td>\n<\/tr>\n<tr>\n<td><strong>Tip<\/strong><\/td>\n<td>Ambidextru, p\u00e2rghie mic\u0103<\/td>\n<\/tr>\n<tr>\n<td><strong>Produc\u0103tor<\/strong><\/td>\n<td>Oberland Arms (Germania)<\/td>\n<\/tr>\n<\/table>\n","protected":false},"excerpt":{"rendered":"<p>M\u00e2ner de armare ambidextru pentru carabine AR-15 \u00een .223 Rem \/ 5.56 NATO. Design cu profil redus de la Oberland Arms (Germania).<\/p>\n","protected":false},"featured_media":755791,"template":"","meta":{"_acf_changed":false},"product_brand":[],"product_cat":[12795,12779,12756],"product_tag":[],"class_list":{"0":"post-755393","1":"product","2":"type-product","3":"status-publish","4":"has-post-thumbnail","6":"product_cat-arma-lunga","7":"product_cat-reglaj-ar","8":"product_cat-tuning-pusca","10":"first","11":"instock","12":"sale","13":"taxable","14":"shipping-taxable","15":"purchasable","16":"product-type-simple"},"acf":[],"_links":{"self":[{"href":"https:\/\/nbg.eu\/ro\/wp-json\/wp\/v2\/product\/755393","targetHints":{"allow":["GET"]}}],"collection":[{"href":"https:\/\/nbg.eu\/ro\/wp-json\/wp\/v2\/product"}],"about":[{"href":"https:\/\/nbg.eu\/ro\/wp-json\/wp\/v2\/types\/product"}],"wp:featuredmedia":[{"embeddable":true,"href":"https:\/\/nbg.eu\/ro\/wp-json\/wp\/v2\/media\/755791"}],"wp:attachment":[{"href":"https:\/\/nbg.eu\/ro\/wp-json\/wp\/v2\/media?parent=755393"}],"wp:term":[{"taxonomy":"product_brand","embeddable":true,"href":"https:\/\/nbg.eu\/ro\/wp-json\/wp\/v2\/product_brand?post=755393"},{"taxonomy":"product_cat","embeddable":true,"href":"https:\/\/nbg.eu\/ro\/wp-json\/wp\/v2\/product_cat?post=755393"},{"taxonomy":"product_tag","embeddable":true,"href":"https:\/\/nbg.eu\/ro\/wp-json\/wp\/v2\/product_tag?post=755393"}],"curies":[{"name":"wp","href":"https:\/\/api.w.org\/{rel}","templated":true}]}}