{"id":755439,"date":"2026-05-13T13:36:35","date_gmt":"2026-05-13T10:36:35","guid":{"rendered":"https:\/\/nbg.eu\/product\/incarcator-asc-ar-15-223-rem-enhanced-10-cartuse\/"},"modified":"2026-05-13T14:49:20","modified_gmt":"2026-05-13T11:49:20","slug":"incarcator-asc-ar-15-223-rem-enhanced-10-cartuse","status":"publish","type":"product","link":"https:\/\/nbg.eu\/ro\/produs\/incarcator-asc-ar-15-223-rem-enhanced-10-cartuse\/","title":{"rendered":"\u00cenc\u0103rc\u0103tor ASC AR-15 .223 Rem Enhanced 10 cartu\u0219e"},"content":{"rendered":"<h2>\u00cenc\u0103rc\u0103tor ASC AR-15 .223 Rem Enhanced 10 cartu\u0219e<\/h2>\n<p>\u00cenc\u0103rc\u0103torul AR-15 Enhanced ASC este realizat din o\u021bel inoxidabil 410, cu arc crom-siliciu \u0219i \u00eemping\u0103tor din polimer rezistent la temperaturi \u00eenalte pentru alimentare fiabil\u0103 cu .223 Remington. Conform cu limita de 10 cartu\u0219e.<\/p>\n<h3>Caracteristici principale<\/h3>\n<ul>\n<li>10 cartu\u0219e (capacitate limitat\u0103)<\/li>\n<li>Corp din o\u021bel inoxidabil 410<\/li>\n<li>Arc crom-siliciu<\/li>\n<li>\u00cemping\u0103tor din polimer autolubrifiant<\/li>\n<li>Compatibil cu toate lower AR-15 standard<\/li>\n<\/ul>\n<h3>Specifica\u021bii<\/h3>\n<table>\n<tr>\n<td><strong>Calibru<\/strong><\/td>\n<td>.223 Remington<\/td>\n<\/tr>\n<tr>\n<td><strong>Capacitate<\/strong><\/td>\n<td>10 cartu\u0219e<\/td>\n<\/tr>\n<tr>\n<td><strong>Material<\/strong><\/td>\n<td>O\u021bel inoxidabil 410<\/td>\n<\/tr>\n<tr>\n<td><strong>Produc\u0103tor<\/strong><\/td>\n<td>ASC (USA)<\/td>\n<\/tr>\n<\/table>\n","protected":false},"excerpt":{"rendered":"<p>\u00cenc\u0103rc\u0103tor AR-15 de 10 cartu\u0219e \u00een .223 Rem de la ASC (Ammunition Storage Components). Construc\u021bie \u00eembun\u0103t\u0103\u021bit\u0103 din o\u021bel inoxidabil 410 cu \u00eemping\u0103tor din polimer.<\/p>\n","protected":false},"featured_media":755863,"template":"","meta":{"_acf_changed":false},"product_brand":[],"product_cat":[12795,12802,12748],"product_tag":[],"class_list":{"0":"post-755439","1":"product","2":"type-product","3":"status-publish","4":"has-post-thumbnail","6":"product_cat-arma-lunga","7":"product_cat-incarcatoare-arma-lunga","8":"product_cat-licentiat","10":"first","11":"instock","12":"taxable","13":"shipping-taxable","14":"product-type-simple"},"acf":[],"_links":{"self":[{"href":"https:\/\/nbg.eu\/ro\/wp-json\/wp\/v2\/product\/755439","targetHints":{"allow":["GET"]}}],"collection":[{"href":"https:\/\/nbg.eu\/ro\/wp-json\/wp\/v2\/product"}],"about":[{"href":"https:\/\/nbg.eu\/ro\/wp-json\/wp\/v2\/types\/product"}],"wp:featuredmedia":[{"embeddable":true,"href":"https:\/\/nbg.eu\/ro\/wp-json\/wp\/v2\/media\/755863"}],"wp:attachment":[{"href":"https:\/\/nbg.eu\/ro\/wp-json\/wp\/v2\/media?parent=755439"}],"wp:term":[{"taxonomy":"product_brand","embeddable":true,"href":"https:\/\/nbg.eu\/ro\/wp-json\/wp\/v2\/product_brand?post=755439"},{"taxonomy":"product_cat","embeddable":true,"href":"https:\/\/nbg.eu\/ro\/wp-json\/wp\/v2\/product_cat?post=755439"},{"taxonomy":"product_tag","embeddable":true,"href":"https:\/\/nbg.eu\/ro\/wp-json\/wp\/v2\/product_tag?post=755439"}],"curies":[{"name":"wp","href":"https:\/\/api.w.org\/{rel}","templated":true}]}}