{"id":755508,"date":"2026-05-13T13:36:39","date_gmt":"2026-05-13T10:36:39","guid":{"rendered":"https:\/\/nbg.eu\/product\/incarcator-cmmg-ar-9mm-conversion-pachet-de-2-10-20-30-cartuse\/"},"modified":"2026-05-13T14:50:00","modified_gmt":"2026-05-13T11:50:00","slug":"incarcator-cmmg-ar-9mm-conversion-pachet-de-2-10-20-30-cartuse","status":"publish","type":"product","link":"https:\/\/nbg.eu\/ro\/produs\/incarcator-cmmg-ar-9mm-conversion-pachet-de-2-10-20-30-cartuse\/","title":{"rendered":"\u00cenc\u0103rc\u0103tor CMMG AR 9mm Conversion pachet de 2 (10\/20\/30 cartu\u0219e)"},"content":{"rendered":"<h2>\u00cenc\u0103rc\u0103tor CMMG AR 9mm Conversion pachet de 2 (10\/20\/30 cartu\u0219e)<\/h2>\n<p>Conceput special pentru sistemele 9mm AR-15 conversion CMMG, acest \u00eenc\u0103rc\u0103tor cu pachet de 2 (10\/20\/30 cartu\u0219e) utilizeaz\u0103 un design Glock-pattern modificat, adaptat platformei AR. Construit pentru alimentare fiabil\u0103 cu 9mm Luger \u00een carabine \u0219i pistoale CMMG Banshee, Resolute \u0219i Mk9. V\u00e2ndut ca pachet de 2 \u00eenc\u0103rc\u0103toare &#8211; capacitate 10\/20\/30 conform reglement\u0103rilor locale.<\/p>\n<h3>Caracteristici principale<\/h3>\n<ul>\n<li>pachet de 2 (10\/20\/30 cartu\u0219e) (capacitate limitat\u0103)<\/li>\n<li>Pentru uppers CMMG 9mm AR conversion<\/li>\n<li>Corp Glock-pattern (modificat)<\/li>\n<li>Design drop-free<\/li>\n<li>Polimer cu rezisten\u021b\u0103 ridicat\u0103 la impact<\/li>\n<\/ul>\n<h3>Specifica\u021bii<\/h3>\n<table>\n<tr>\n<td><strong>Calibru<\/strong><\/td>\n<td>9mm Luger<\/td>\n<\/tr>\n<tr>\n<td><strong>Ambalaj<\/strong><\/td>\n<td>pachet de 2 (10\/20\/30 cartu\u0219e)<\/td>\n<\/tr>\n<tr>\n<td><strong>Platform\u0103<\/strong><\/td>\n<td>CMMG 9mm AR Conversion<\/td>\n<\/tr>\n<tr>\n<td><strong>Produc\u0103tor<\/strong><\/td>\n<td>CMMG (USA)<\/td>\n<\/tr>\n<\/table>\n","protected":false},"excerpt":{"rendered":"<p>\u00cenc\u0103rc\u0103tor 9mm cu pachet de 2 (10\/20\/30 cartu\u0219e) pentru uppers CMMG AR-15 9mm conversion. \u00cenc\u0103rc\u0103tor Glock-pattern modificat pentru alimentare fiabil\u0103.<\/p>\n","protected":false},"featured_media":755983,"template":"","meta":{"_acf_changed":false},"product_brand":[],"product_cat":[12795,12802,12748],"product_tag":[],"class_list":{"0":"post-755508","1":"product","2":"type-product","3":"status-publish","4":"has-post-thumbnail","6":"product_cat-arma-lunga","7":"product_cat-incarcatoare-arma-lunga","8":"product_cat-licentiat","10":"first","11":"instock","12":"taxable","13":"shipping-taxable","14":"product-type-simple"},"acf":[],"_links":{"self":[{"href":"https:\/\/nbg.eu\/ro\/wp-json\/wp\/v2\/product\/755508","targetHints":{"allow":["GET"]}}],"collection":[{"href":"https:\/\/nbg.eu\/ro\/wp-json\/wp\/v2\/product"}],"about":[{"href":"https:\/\/nbg.eu\/ro\/wp-json\/wp\/v2\/types\/product"}],"wp:featuredmedia":[{"embeddable":true,"href":"https:\/\/nbg.eu\/ro\/wp-json\/wp\/v2\/media\/755983"}],"wp:attachment":[{"href":"https:\/\/nbg.eu\/ro\/wp-json\/wp\/v2\/media?parent=755508"}],"wp:term":[{"taxonomy":"product_brand","embeddable":true,"href":"https:\/\/nbg.eu\/ro\/wp-json\/wp\/v2\/product_brand?post=755508"},{"taxonomy":"product_cat","embeddable":true,"href":"https:\/\/nbg.eu\/ro\/wp-json\/wp\/v2\/product_cat?post=755508"},{"taxonomy":"product_tag","embeddable":true,"href":"https:\/\/nbg.eu\/ro\/wp-json\/wp\/v2\/product_tag?post=755508"}],"curies":[{"name":"wp","href":"https:\/\/api.w.org\/{rel}","templated":true}]}}