{"id":755554,"date":"2026-05-13T13:36:42","date_gmt":"2026-05-13T10:36:42","guid":{"rendered":"https:\/\/nbg.eu\/product\/incarcator-lancer-l5-awm-223-rem-negru\/"},"modified":"2026-05-13T14:50:28","modified_gmt":"2026-05-13T11:50:28","slug":"incarcator-lancer-l5-awm-223-rem-negru","status":"publish","type":"product","link":"https:\/\/nbg.eu\/ro\/produs\/incarcator-lancer-l5-awm-223-rem-negru\/","title":{"rendered":"\u00cenc\u0103rc\u0103tor Lancer L5 AWM .223 Rem &#8211; Negru"},"content":{"rendered":"<h2>\u00cenc\u0103rc\u0103tor Lancer L5 AWM .223 Rem &#8211; Negru<\/h2>\n<p>Lancer L5 Advanced Warfighter Magazine (AWM) combin\u0103 un insert de buze din o\u021bel c\u0103lit cu un corp din polimer ranforsat cu fibr\u0103 de sticl\u0103 &#8211; rezisten\u021ba unui \u00eenc\u0103rc\u0103tor metalic cu greutatea \u0219i rezisten\u021ba la coroziune ale polimerului. L5 AWM este standardul de aur al \u00eenc\u0103rc\u0103toarelor AR-15.<\/p>\n<h3>Caracteristici principale<\/h3>\n<ul>\n<li>Buze din o\u021bel c\u0103lit pentru durabilitate de neegalat<\/li>\n<li>Corp din polimer ranforsat fibr\u0103 de sticl\u0103 (negru)<\/li>\n<li>\u00cemping\u0103tor anti-tilt cu finisare autolubrifiant\u0103<\/li>\n<li>Compatibilitate mil-spec cu toate lower AR-15<\/li>\n<\/ul>\n<h3>Specifica\u021bii<\/h3>\n<table>\n<tr>\n<td><strong>Calibru<\/strong><\/td>\n<td>.223 Rem \/ 5.56 NATO<\/td>\n<\/tr>\n<tr>\n<td><strong>Culoare<\/strong><\/td>\n<td>Negru<\/td>\n<\/tr>\n<tr>\n<td><strong>Material<\/strong><\/td>\n<td>Buze din o\u021bel + corp polimer<\/td>\n<\/tr>\n<tr>\n<td><strong>Produc\u0103tor<\/strong><\/td>\n<td>Lancer Systems (USA)<\/td>\n<\/tr>\n<\/table>\n","protected":false},"excerpt":{"rendered":"<p>Lancer L5 Advanced Warfighter Magazine pentru AR-15 \u00een .223 Rem \/ 5.56 NATO. Corp negru opac cu buze de o\u021bel c\u0103lit.<\/p>\n","protected":false},"featured_media":756443,"template":"","meta":{"_acf_changed":false},"product_brand":[],"product_cat":[12795,12802,12748],"product_tag":[],"class_list":{"0":"post-755554","1":"product","2":"type-product","3":"status-publish","4":"has-post-thumbnail","6":"product_cat-arma-lunga","7":"product_cat-incarcatoare-arma-lunga","8":"product_cat-licentiat","10":"first","11":"instock","12":"taxable","13":"shipping-taxable","14":"product-type-simple"},"acf":[],"_links":{"self":[{"href":"https:\/\/nbg.eu\/ro\/wp-json\/wp\/v2\/product\/755554","targetHints":{"allow":["GET"]}}],"collection":[{"href":"https:\/\/nbg.eu\/ro\/wp-json\/wp\/v2\/product"}],"about":[{"href":"https:\/\/nbg.eu\/ro\/wp-json\/wp\/v2\/types\/product"}],"wp:featuredmedia":[{"embeddable":true,"href":"https:\/\/nbg.eu\/ro\/wp-json\/wp\/v2\/media\/756443"}],"wp:attachment":[{"href":"https:\/\/nbg.eu\/ro\/wp-json\/wp\/v2\/media?parent=755554"}],"wp:term":[{"taxonomy":"product_brand","embeddable":true,"href":"https:\/\/nbg.eu\/ro\/wp-json\/wp\/v2\/product_brand?post=755554"},{"taxonomy":"product_cat","embeddable":true,"href":"https:\/\/nbg.eu\/ro\/wp-json\/wp\/v2\/product_cat?post=755554"},{"taxonomy":"product_tag","embeddable":true,"href":"https:\/\/nbg.eu\/ro\/wp-json\/wp\/v2\/product_tag?post=755554"}],"curies":[{"name":"wp","href":"https:\/\/api.w.org\/{rel}","templated":true}]}}