{"id":755623,"date":"2026-05-13T13:36:46","date_gmt":"2026-05-13T10:36:46","guid":{"rendered":"https:\/\/nbg.eu\/product\/sina-picatinny-contessa-howa-1500-long-action\/"},"modified":"2026-05-13T14:51:09","modified_gmt":"2026-05-13T11:51:09","slug":"sina-picatinny-contessa-howa-1500-long-action","status":"publish","type":"product","link":"https:\/\/nbg.eu\/ro\/produs\/sina-picatinny-contessa-howa-1500-long-action\/","title":{"rendered":"\u0218in\u0103 Picatinny Contessa Howa 1500 Long Action"},"content":{"rendered":"<h2>\u0218in\u0103 Picatinny Contessa Howa 1500 Long Action<\/h2>\n<p>\u0218in\u0103 Picatinny prelucrat\u0103 cu precizie de Contessa (Italia), conceput\u0103 special pentru chiulasa Howa 1500 Long Action. Construit\u0103 din o\u021bel CNC cu finisaj negru dur; platform\u0103 stabil\u0103 pentru montarea lunetelor \u0219i accesoriilor.<\/p>\n<h3>Caracteristici principale<\/h3>\n<ul>\n<li>Compatibil cu Howa 1500 Long Action<\/li>\n<li>Profil MIL-STD 1913 Picatinny<\/li>\n<li>Construc\u021bie din o\u021bel CNC<\/li>\n<li>Finisaj negru dur<\/li>\n<li>Me\u0219te\u0219ug italian Contessa<\/li>\n<\/ul>\n<h3>Specifica\u021bii<\/h3>\n<table>\n<tr>\n<td><strong>Compatibil cu<\/strong><\/td>\n<td>Howa 1500 Long Action<\/td>\n<\/tr>\n<tr>\n<td><strong>Standard<\/strong><\/td>\n<td>MIL-STD 1913 Picatinny<\/td>\n<\/tr>\n<tr>\n<td><strong>Material<\/strong><\/td>\n<td>O\u021bel, finisaj negru dur<\/td>\n<\/tr>\n<tr>\n<td><strong>Produc\u0103tor<\/strong><\/td>\n<td>Contessa (Italia)<\/td>\n<\/tr>\n<\/table>\n","protected":false},"excerpt":{"rendered":"<p>\u0218in\u0103 Picatinny italian\u0103 Contessa pentru lunete pe carabine Howa 1500 Long Action cu \u00eenchiz\u0103tor. O\u021bel CNC de precizie.<\/p>\n","protected":false},"featured_media":756295,"template":"","meta":{"_acf_changed":false},"product_brand":[],"product_cat":[15839,12809,12772],"product_tag":[],"class_list":{"0":"post-755623","1":"product","2":"type-product","3":"status-publish","4":"has-post-thumbnail","6":"product_cat-picatinny-rails-ro","7":"product_cat-sine","8":"product_cat-suporturi","10":"first","11":"instock","12":"taxable","13":"shipping-taxable","14":"purchasable","15":"product-type-simple"},"acf":[],"_links":{"self":[{"href":"https:\/\/nbg.eu\/ro\/wp-json\/wp\/v2\/product\/755623","targetHints":{"allow":["GET"]}}],"collection":[{"href":"https:\/\/nbg.eu\/ro\/wp-json\/wp\/v2\/product"}],"about":[{"href":"https:\/\/nbg.eu\/ro\/wp-json\/wp\/v2\/types\/product"}],"wp:featuredmedia":[{"embeddable":true,"href":"https:\/\/nbg.eu\/ro\/wp-json\/wp\/v2\/media\/756295"}],"wp:attachment":[{"href":"https:\/\/nbg.eu\/ro\/wp-json\/wp\/v2\/media?parent=755623"}],"wp:term":[{"taxonomy":"product_brand","embeddable":true,"href":"https:\/\/nbg.eu\/ro\/wp-json\/wp\/v2\/product_brand?post=755623"},{"taxonomy":"product_cat","embeddable":true,"href":"https:\/\/nbg.eu\/ro\/wp-json\/wp\/v2\/product_cat?post=755623"},{"taxonomy":"product_tag","embeddable":true,"href":"https:\/\/nbg.eu\/ro\/wp-json\/wp\/v2\/product_tag?post=755623"}],"curies":[{"name":"wp","href":"https:\/\/api.w.org\/{rel}","templated":true}]}}