{"id":755646,"date":"2026-05-13T13:36:47","date_gmt":"2026-05-13T10:36:47","guid":{"rendered":"https:\/\/nbg.eu\/product\/incarcator-shield-arms-43x-48-9mm-15-cartuse\/"},"modified":"2026-05-13T14:51:23","modified_gmt":"2026-05-13T11:51:23","slug":"incarcator-shield-arms-43x-48-9mm-15-cartuse","status":"publish","type":"product","link":"https:\/\/nbg.eu\/ro\/produs\/incarcator-shield-arms-43x-48-9mm-15-cartuse\/","title":{"rendered":"\u00cenc\u0103rc\u0103tor Shield Arms 43X\/48 9mm 15 cartu\u0219e"},"content":{"rendered":"<h2>\u00cenc\u0103rc\u0103tor Shield Arms 43X\/48 9mm 15 cartu\u0219e<\/h2>\n<p>\u00cenc\u0103rc\u0103torul Shield Arms S15 transform\u0103 Glock 43X \u0219i Glock 48 din pistoale single-stack cu 10 cartu\u0219e \u00een pistoale double-stack cu 15 cartu\u0219e pentru port &#8211; f\u0103r\u0103 s\u0103 creasc\u0103 dimensiunile m\u00e2nerului. Construit din o\u021bel tratat termic cu \u00eemping\u0103tor din polimer autolubrifiant.<\/p>\n<h3>Caracteristici principale<\/h3>\n<ul>\n<li>Capacitate de 15 cartu\u0219e \u00een m\u00e2nerul original<\/li>\n<li>Corp din o\u021bel tratat termic<\/li>\n<li>Design drop-free<\/li>\n<li>\u00cemping\u0103tor din polimer autolubrifiant<\/li>\n<li>Recomandat cu opritorul de \u00eenc\u0103rc\u0103tor din o\u021bel Shield Arms (v\u00e2ndut separat)<\/li>\n<\/ul>\n<h3>Specifica\u021bii<\/h3>\n<table>\n<tr>\n<td><strong>Calibru<\/strong><\/td>\n<td>9mm Luger<\/td>\n<\/tr>\n<tr>\n<td><strong>Capacitate<\/strong><\/td>\n<td>15 cartu\u0219e<\/td>\n<\/tr>\n<tr>\n<td><strong>Compatibil cu<\/strong><\/td>\n<td>Glock 43X \/ Glock 48<\/td>\n<\/tr>\n<tr>\n<td><strong>Material<\/strong><\/td>\n<td>O\u021bel tratat termic<\/td>\n<\/tr>\n<tr>\n<td><strong>Produc\u0103tor<\/strong><\/td>\n<td>Shield Arms (USA)<\/td>\n<\/tr>\n<\/table>\n","protected":false},"excerpt":{"rendered":"<p>\u00cenc\u0103rc\u0103tor 9mm cu 15 cartu\u0219e pentru Glock 43X \u0219i Glock 48 de la Shield Arms. Construc\u021bie din o\u021bel care aproape dubleaz\u0103 capacitatea de fabric\u0103.<\/p>\n","protected":false},"featured_media":756319,"template":"","meta":{"_acf_changed":false},"product_brand":[],"product_cat":[12748,12741,12765],"product_tag":[],"class_list":{"0":"post-755646","1":"product","2":"type-product","3":"status-publish","4":"has-post-thumbnail","6":"product_cat-licentiat","7":"product_cat-piese-pistol","8":"product_cat-pistol","10":"first","11":"instock","12":"taxable","13":"shipping-taxable","14":"product-type-simple"},"acf":[],"_links":{"self":[{"href":"https:\/\/nbg.eu\/ro\/wp-json\/wp\/v2\/product\/755646","targetHints":{"allow":["GET"]}}],"collection":[{"href":"https:\/\/nbg.eu\/ro\/wp-json\/wp\/v2\/product"}],"about":[{"href":"https:\/\/nbg.eu\/ro\/wp-json\/wp\/v2\/types\/product"}],"wp:featuredmedia":[{"embeddable":true,"href":"https:\/\/nbg.eu\/ro\/wp-json\/wp\/v2\/media\/756319"}],"wp:attachment":[{"href":"https:\/\/nbg.eu\/ro\/wp-json\/wp\/v2\/media?parent=755646"}],"wp:term":[{"taxonomy":"product_brand","embeddable":true,"href":"https:\/\/nbg.eu\/ro\/wp-json\/wp\/v2\/product_brand?post=755646"},{"taxonomy":"product_cat","embeddable":true,"href":"https:\/\/nbg.eu\/ro\/wp-json\/wp\/v2\/product_cat?post=755646"},{"taxonomy":"product_tag","embeddable":true,"href":"https:\/\/nbg.eu\/ro\/wp-json\/wp\/v2\/product_tag?post=755646"}],"curies":[{"name":"wp","href":"https:\/\/api.w.org\/{rel}","templated":true}]}}