{"id":131345,"date":"2024-11-02T06:45:52","date_gmt":"2024-11-02T06:45:52","guid":{"rendered":"https:\/\/nbg.eu\/product\/sprinco-usa-spring-kit-xp-buffer-spring-enhanced-4coil-bolt-extractor-spring\/"},"modified":"2026-01-21T12:05:17","modified_gmt":"2026-01-21T09:05:17","slug":"sprinco-usa-spring-kit-xp-buffer-spring-enhanced-4coil-bolt-extractor-spring","status":"publish","type":"product","link":"https:\/\/nbg.eu\/sk\/produkt\/sprinco-usa-spring-kit-xp-buffer-spring-enhanced-4coil-bolt-extractor-spring\/","title":{"rendered":"SPRINCO USA Spring Kit-XP Buffer Spring &amp; Enhanced 4Coil Bolt Extractor Spring"},"content":{"rendered":"<div class=\"product-description\">\n<h2>SPRINCO USA Sada pru\u017e\u00edn &#8211; XP n\u00e1razn\u00edkov\u00e1 pru\u017eina a vylep\u0161en\u00e1 4-z\u00e1vitov\u00e1 pru\u017eina vy\u0165ahova\u010da z\u00e1veru<\/h2>\n<p>Sada SPRINCO USA obsahuje:<\/p>\n<ul>\n<li>N\u00e1razn\u00edkov\u00e1 pru\u017eina s vy\u0161\u0161ou silou (\u010cerven\u00e1)<\/li>\n<li>Vylep\u0161en\u00e1 4-z\u00e1vitov\u00e1 pru\u017eina vy\u0165ahova\u010da z\u00e1veru<\/li>\n<\/ul>\n<p>Sada bola navrhnut\u00e1 v roku 2006 pre t\u00edm moderniz\u00e1cie ozbrojen\u00fdch s\u00edl. Rie\u0161i probl\u00e9my spo\u013eahlivosti karab\u00edny M4 v n\u00e1ro\u010dn\u00fdch podmienkach. \u010cerven\u00e1 pru\u017eina poskytuje pribli\u017ene o 25% vy\u0161\u0161iu z\u00e1\u0165a\u017e v porovnan\u00ed s bielou pru\u017einou. Je vhodn\u00e1 pre:<\/p>\n<ul>\n<li>9mm, 6.8 SPC, 6.5 Grendel<\/li>\n<li>.450 BM, .450 SOCOM, .500 Beowulf<\/li>\n<li>Karab\u00edny Colt LE6920<\/li>\n<\/ul>\n<p>Pozn\u00e1mka: V\u00fdkon sa m\u00f4\u017ee l\u00ed\u0161i\u0165 v z\u00e1vislosti od hodn\u00f4t portu a n\u00e1bojov. Pred pou\u017eit\u00edm si pre\u010d\u00edtajte dokumenty o postupe ladenia.<\/p>\n<\/div>\n","protected":false},"excerpt":{"rendered":"<p>Vysokov\u00fdkonn\u00e1 AR pru\u017eina z\u00e1sobn\u00edka pre zv\u00fd\u0161en\u00fa spo\u013eahlivos\u0165 a silu.<\/p>\n","protected":false},"featured_media":76519,"template":"","meta":{"_acf_changed":false},"product_brand":[14591],"product_cat":[13347,13365],"product_tag":[],"class_list":{"0":"post-131345","1":"product","2":"type-product","3":"status-publish","4":"has-post-thumbnail","6":"product_brand-sprinco-usa","7":"product_cat-kmr-diely","8":"product_cat-pruziny","10":"first","11":"outofstock","12":"taxable","13":"shipping-taxable","14":"purchasable","15":"product-type-simple"},"acf":[],"_links":{"self":[{"href":"https:\/\/nbg.eu\/sk\/wp-json\/wp\/v2\/product\/131345","targetHints":{"allow":["GET"]}}],"collection":[{"href":"https:\/\/nbg.eu\/sk\/wp-json\/wp\/v2\/product"}],"about":[{"href":"https:\/\/nbg.eu\/sk\/wp-json\/wp\/v2\/types\/product"}],"wp:featuredmedia":[{"embeddable":true,"href":"https:\/\/nbg.eu\/sk\/wp-json\/wp\/v2\/media\/76519"}],"wp:attachment":[{"href":"https:\/\/nbg.eu\/sk\/wp-json\/wp\/v2\/media?parent=131345"}],"wp:term":[{"taxonomy":"product_brand","embeddable":true,"href":"https:\/\/nbg.eu\/sk\/wp-json\/wp\/v2\/product_brand?post=131345"},{"taxonomy":"product_cat","embeddable":true,"href":"https:\/\/nbg.eu\/sk\/wp-json\/wp\/v2\/product_cat?post=131345"},{"taxonomy":"product_tag","embeddable":true,"href":"https:\/\/nbg.eu\/sk\/wp-json\/wp\/v2\/product_tag?post=131345"}],"curies":[{"name":"wp","href":"https:\/\/api.w.org\/{rel}","templated":true}]}}