{"id":134542,"date":"2024-11-26T13:10:26","date_gmt":"2024-11-26T10:10:26","guid":{"rendered":"https:\/\/nbg.eu\/product\/geissele-ak-braided-spring\/"},"modified":"2026-04-22T11:25:51","modified_gmt":"2026-04-22T08:25:51","slug":"geissele-ak-pletena-pruzina","status":"publish","type":"product","link":"https:\/\/nbg.eu\/sk\/produkt\/geissele-ak-pletena-pruzina\/","title":{"rendered":"Geissele Pleten\u00e1 \u00dadern\u00edkov\u00e1 Pru\u017eina AK"},"content":{"rendered":"<h2>AK splietan\u00e1 pru\u017eina<\/h2>\n<p>ALG AK splietan\u00e1 hlavn\u00e1 pru\u017eina je n\u00e1hradn\u00e1 pru\u017eina pre pu\u0161ky platformy AK47\/74. T\u00e1to mo\u017enos\u0165 n\u00e1hrady je vyroben\u00e1 v Spojen\u00fdch \u0161t\u00e1toch z troch splietan\u00fdch dr\u00f4ten\u00fdch prame\u0148ov. Splietan\u00fd dizajn poskytuje zv\u00fd\u0161en\u00fa odolnos\u0165 a spo\u013eahlivos\u0165 v porovnan\u00ed s tradi\u010dn\u00fdmi hlavn\u00fdmi pru\u017einami AK, \u010do zaru\u010duje plynul\u00fa a konzistentn\u00fa prev\u00e1dzku va\u0161ej pu\u0161ky.<\/p>\n<p>Vyroben\u00e9 z kvalitn\u00fdch materi\u00e1lov, AK splietan\u00e1 pru\u017eina je skon\u0161truovan\u00e1 tak, aby vydr\u017eala n\u00e1roky na intenz\u00edvne pou\u017eitie a drsn\u00e9 podmienky. Jeho robustn\u00e1 kon\u0161trukcia pom\u00e1ha zni\u017eova\u0165 riziko zlyhania pru\u017einy, \u010do m\u00f4\u017ee vies\u0165 k v\u00fdpadkom alebo in\u00fdm poruch\u00e1m. Upgradom hlavnej pru\u017einy va\u0161ej pu\u0161ky AK t\u00fdmto spo\u013eahliv\u00fdm komponentom m\u00f4\u017eete u\u017e\u00edva\u0165 zlep\u0161en\u00fd v\u00fdkon a pokoj mysle, preto\u017ee va\u0161a pu\u0161ka funguje na maximum.<\/p>\n<p>\u010ci u\u017e ste s\u00fa\u0165a\u017en\u00fd strelec alebo taktick\u00fd oper\u00e1tor, AK splietan\u00e1 pru\u017eina je nevyhnutn\u00fd upgrade, ktor\u00fd treba zv\u00e1\u017ei\u0165 pre va\u0161u platformu AK47\/74. Jeho vynikaj\u00faci dizajn a v\u00fdrobn\u00e9 \u0161tandardy z neho robia d\u00f4veryhodn\u00fd v\u00fdber medzi vyberav\u00fdmi majite\u013emi zbran\u00ed, ktor\u00ed vy\u017eaduj\u00fa najvy\u0161\u0161iu \u00farove\u0148 spo\u013eahlivosti a v\u00fdkonu svojho vybavenia.<\/p>\n","protected":false},"excerpt":{"rendered":"<p>Opleten\u00e1 pru\u017eina AK je 3-pramienkov\u00e1 opleten\u00e1 n\u00e1hradn\u00e1 pru\u017eina pre pu\u0161ky AK47\/74 vyroben\u00e1 v USA.<\/p>\n","protected":false},"featured_media":81109,"template":"","meta":{"_acf_changed":false},"product_brand":[11391],"product_cat":[13365],"product_tag":[],"class_list":{"0":"post-134542","1":"product","2":"type-product","3":"status-publish","4":"has-post-thumbnail","6":"product_brand-geissele","7":"product_cat-pruziny","9":"first","10":"instock","11":"taxable","12":"shipping-taxable","13":"product-type-simple"},"acf":[],"_links":{"self":[{"href":"https:\/\/nbg.eu\/sk\/wp-json\/wp\/v2\/product\/134542","targetHints":{"allow":["GET"]}}],"collection":[{"href":"https:\/\/nbg.eu\/sk\/wp-json\/wp\/v2\/product"}],"about":[{"href":"https:\/\/nbg.eu\/sk\/wp-json\/wp\/v2\/types\/product"}],"wp:featuredmedia":[{"embeddable":true,"href":"https:\/\/nbg.eu\/sk\/wp-json\/wp\/v2\/media\/81109"}],"wp:attachment":[{"href":"https:\/\/nbg.eu\/sk\/wp-json\/wp\/v2\/media?parent=134542"}],"wp:term":[{"taxonomy":"product_brand","embeddable":true,"href":"https:\/\/nbg.eu\/sk\/wp-json\/wp\/v2\/product_brand?post=134542"},{"taxonomy":"product_cat","embeddable":true,"href":"https:\/\/nbg.eu\/sk\/wp-json\/wp\/v2\/product_cat?post=134542"},{"taxonomy":"product_tag","embeddable":true,"href":"https:\/\/nbg.eu\/sk\/wp-json\/wp\/v2\/product_tag?post=134542"}],"curies":[{"name":"wp","href":"https:\/\/api.w.org\/{rel}","templated":true}]}}