{"id":173115,"date":"2024-08-16T19:55:05","date_gmt":"2025-01-23T11:17:30","guid":{"rendered":"https:\/\/nbg.eu\/product\/barwarus-bw-t4-handguards-with-m-lok\/"},"modified":"2026-05-13T16:44:53","modified_gmt":"2026-05-13T13:44:53","slug":"barwarus-bw-t4-predpazbie-s-m-lok","status":"publish","type":"product","link":"https:\/\/nbg.eu\/sk\/produkt\/barwarus-bw-t4-predpazbie-s-m-lok\/","title":{"rendered":"Barwarus BW-T4 predpa\u017ebie s M-Lok"},"content":{"rendered":"<div class=\"product-description\">\n<h2>Barwarus BW-T4 Predpa\u017ebie s M-Lok<\/h2>\n<p>BW-T4 s\u00faprava predpa\u017ebia pre pu\u0161ky typu AK s dlhou hlav\u0148ou (16&#8243;). Tento syst\u00e9m umo\u017e\u0148uje integr\u00e1ciu pr\u00edslu\u0161enstva M-LOK.<\/p>\n<ul>\n<li>Kompatibiln\u00e9 s r\u00f4znymi modelmi AK (AKUSA 100 Series, AK-74, Saiga, Vepr a \u010fal\u0161ie)<\/li>\n<li>Vyroben\u00e9 zo zliatiny 6082-T6<\/li>\n<li>\u010cierna povrchov\u00e1 \u00faprava Cerakote<\/li>\n<li>Integrovan\u00e9 M-LOK sloty na v\u0161etk\u00fdch stran\u00e1ch<\/li>\n<li>Zlep\u0161uje chladenie hlavne a odvod tepla<\/li>\n<li>\u013dahk\u00e1 kon\u0161trukcia<\/li>\n<li>Funk\u010dn\u00e9 v extr\u00e9mnych teplot\u00e1ch (-50\u00b0C a\u017e +50\u00b0C)<\/li>\n<\/ul>\n<p>Barwarus BW-T4 Predpa\u017ebie pon\u00faka mo\u017enosti prisp\u00f4sobenia, mana\u017ement tepla a odolnos\u0165.<\/p>\n<\/div>\n","protected":false},"excerpt":{"rendered":"<p>Barwarus BW-T4 predn\u00e9 \u00fachyty: kompatibiln\u00e9 s M-Lok, vylep\u0161enie pre AK na zlep\u0161enie chladenia a mont\u00e1\u017e pr\u00edslu\u0161enstva.<\/p>\n","protected":false},"featured_media":23626,"template":"","meta":{"_acf_changed":false},"product_brand":[11114],"product_cat":[14809,13411,14831,13397,13358],"product_tag":[],"class_list":{"0":"post-173115","1":"product","2":"type-product","3":"status-publish","4":"has-post-thumbnail","6":"product_brand-barwarus","7":"product_cat-chranice-predpazbi","8":"product_cat-listy","9":"product_cat-predpazbie-pre-ak","10":"product_cat-puska","11":"product_cat-rifle-tuning","13":"first","14":"instock","15":"taxable","16":"shipping-taxable","17":"product-type-variable","18":"wvs-archive-product-wrapper"},"acf":[],"_links":{"self":[{"href":"https:\/\/nbg.eu\/sk\/wp-json\/wp\/v2\/product\/173115","targetHints":{"allow":["GET"]}}],"collection":[{"href":"https:\/\/nbg.eu\/sk\/wp-json\/wp\/v2\/product"}],"about":[{"href":"https:\/\/nbg.eu\/sk\/wp-json\/wp\/v2\/types\/product"}],"wp:featuredmedia":[{"embeddable":true,"href":"https:\/\/nbg.eu\/sk\/wp-json\/wp\/v2\/media\/23626"}],"wp:attachment":[{"href":"https:\/\/nbg.eu\/sk\/wp-json\/wp\/v2\/media?parent=173115"}],"wp:term":[{"taxonomy":"product_brand","embeddable":true,"href":"https:\/\/nbg.eu\/sk\/wp-json\/wp\/v2\/product_brand?post=173115"},{"taxonomy":"product_cat","embeddable":true,"href":"https:\/\/nbg.eu\/sk\/wp-json\/wp\/v2\/product_cat?post=173115"},{"taxonomy":"product_tag","embeddable":true,"href":"https:\/\/nbg.eu\/sk\/wp-json\/wp\/v2\/product_tag?post=173115"}],"curies":[{"name":"wp","href":"https:\/\/api.w.org\/{rel}","templated":true}]}}