{"id":22577,"date":"2024-08-19T20:28:32","date_gmt":"2024-08-19T17:28:32","guid":{"rendered":"https:\/\/nbg.eu\/product\/produkt-2\/"},"modified":"2026-04-16T18:50:35","modified_gmt":"2026-04-16T15:50:35","slug":"slide-stop-spring-pin-kmr","status":"publish","type":"product","link":"https:\/\/nbg.eu\/sk\/produkt\/slide-stop-spring-pin-kmr\/","title":{"rendered":"KMR \u010cap Pru\u017einy Z\u00e1chytu Z\u00e1veru"},"content":{"rendered":"<h2>Posuvn\u00fd zastavovac\u00ed kol\u00edk KMR<\/h2>\n<p>Zv\u00fd\u0161te funk\u010dnos\u0165 a spo\u013eahlivos\u0165 va\u0161ej strelnej zbrane pomocou posuvn\u00e9ho zastavovacieho kol\u00edka KMR. T\u00e1to presne navrhnut\u00e1 komponenta je navrhnut\u00e1 tak, aby bezpe\u010dne dr\u017eala zastavovac\u00ed kol\u00edk na svojom mieste, \u010d\u00edm zaist\u00ed plynul\u00fa a konzistentn\u00fa prev\u00e1dzku va\u0161ej zbrane. Vyroben\u00e1 z vysokokvalitn\u00fdch materi\u00e1lov, posuvn\u00fd zastavovac\u00ed kol\u00edk KMR je skon\u0161truovan\u00fd tak, aby odolal n\u00e1rokom pravideln\u00e9ho pou\u017e\u00edvania a drsn\u00e9ho prostredia.<\/p>\n<p>V\u010faka odoln\u00e9mu pru\u017einov\u00e9mu dizajnu poskytuje posuvn\u00fd zastavovac\u00ed kol\u00edk KMR spo\u013eahliv\u00fd v\u00fdkon a bezpe\u010dn\u00e9 uchytenie, \u010d\u00edm zabra\u0148uje ne\u017eiad\u00facemu pohybu alebo odpojeniu posuvn\u00edka. Jeho kompaktn\u00e1 ve\u013ekos\u0165 a plynul\u00e1 integr\u00e1cia z neho robia nevyhnutn\u00e9 doplnok do va\u0161ej zbrojnej \u00fadr\u017eby a vylep\u0161en\u00ed.<\/p>\n<p>\u010ci u\u017e ste sk\u00fasen\u00fd strelec alebo nad\u0161enec do streln\u00fdch zbran\u00ed, posuvn\u00fd zastavovac\u00ed kol\u00edk KMR je nevyhnutn\u00fdm doplnkom na udr\u017eanie optim\u00e1lneho v\u00fdkonu va\u0161ej zbrane. Vylep\u0161ite svoju streln\u00fa zbra\u0148 touto spo\u013eahlivou a pou\u017e\u00edvate\u013esky pr\u00edvetivou komponentou a za\u017eite rozdiel vo svojom streleckom z\u00e1\u017eitku.<\/p>\n","protected":false},"excerpt":{"rendered":"<p>Spo\u013eahliv\u00fd pru\u017einov\u00fd zais\u0165ovac\u00ed kol\u00edk pre bezpe\u010dn\u00fa mont\u00e1\u017e KMR.<\/p>\n","protected":false},"featured_media":60779,"template":"","meta":{"_acf_changed":false},"product_brand":[11505],"product_cat":[13347,13365],"product_tag":[],"class_list":{"0":"post-22577","1":"product","2":"type-product","3":"status-publish","4":"has-post-thumbnail","6":"product_brand-kmr-precision","7":"product_cat-kmr-diely","8":"product_cat-pruziny","10":"first","11":"instock","12":"taxable","13":"shipping-taxable","14":"product-type-simple"},"acf":[],"_links":{"self":[{"href":"https:\/\/nbg.eu\/sk\/wp-json\/wp\/v2\/product\/22577","targetHints":{"allow":["GET"]}}],"collection":[{"href":"https:\/\/nbg.eu\/sk\/wp-json\/wp\/v2\/product"}],"about":[{"href":"https:\/\/nbg.eu\/sk\/wp-json\/wp\/v2\/types\/product"}],"wp:featuredmedia":[{"embeddable":true,"href":"https:\/\/nbg.eu\/sk\/wp-json\/wp\/v2\/media\/60779"}],"wp:attachment":[{"href":"https:\/\/nbg.eu\/sk\/wp-json\/wp\/v2\/media?parent=22577"}],"wp:term":[{"taxonomy":"product_brand","embeddable":true,"href":"https:\/\/nbg.eu\/sk\/wp-json\/wp\/v2\/product_brand?post=22577"},{"taxonomy":"product_cat","embeddable":true,"href":"https:\/\/nbg.eu\/sk\/wp-json\/wp\/v2\/product_cat?post=22577"},{"taxonomy":"product_tag","embeddable":true,"href":"https:\/\/nbg.eu\/sk\/wp-json\/wp\/v2\/product_tag?post=22577"}],"curies":[{"name":"wp","href":"https:\/\/api.w.org\/{rel}","templated":true}]}}