{"id":275017,"date":"2025-03-03T19:13:19","date_gmt":"2025-03-20T10:49:38","guid":{"rendered":"https:\/\/nbg.eu\/product\/bore-tech-patch-guide\/"},"modified":"2026-05-13T15:11:17","modified_gmt":"2026-05-13T12:11:17","slug":"bore-tech-vodic-zaplat","status":"publish","type":"product","link":"https:\/\/nbg.eu\/sk\/produkt\/bore-tech-vodic-zaplat\/","title":{"rendered":"Bore Tech vodi\u010d z\u00e1plat"},"content":{"rendered":"<h2>Bore Tech AR-15\/AR-10 pom\u00f4cka na \u010distenie<\/h2>\n<p>Bore Tech pom\u00f4cka na \u010distenie je patentovan\u00fd syst\u00e9m na zavedenie \u010distiacich z\u00e1plat bez pou\u017eitia r\u00fak, ktor\u00fd zjednodu\u0161uje proces \u010distenia.<\/p>\n<ul>\n<li>Presne vyroben\u00e9 hlin\u00edkov\u00e9 komponenty CNC obr\u00e1ban\u00edm<\/li>\n<li>Eloxovan\u00e1 povrchov\u00e1 \u00faprava pre trvanlivos\u0165<\/li>\n<li>Zarovn\u00e1va \u010distiacu ty\u010d s v\u00fdvrtom pu\u0161ky<\/li>\n<li>Zabra\u0148uje po\u0161kodeniu uzamykac\u00edch ozubov a hr\u00e1n komory<\/li>\n<li>Vymenite\u013en\u00e9 predn\u00e9 adapt\u00e9ry odoln\u00e9 vo\u010di rozp\u00fa\u0161\u0165adl\u00e1m<\/li>\n<li>Dostupn\u00e9 pre r\u00f4zne kalibry AR-15 a AR-10<\/li>\n<\/ul>\n<p>Chr\u00e1ni pu\u0161ku a \u010distiacu ty\u010d. Bore Tech pom\u00f4cka na \u010distenie je d\u00f4le\u017eit\u00fd n\u00e1stroj pre majite\u013eov zbran\u00ed. Vyroben\u00e9 v USA.<\/p>\n<p><strong>Vyberte si Bore Tech.<\/strong><\/p>\n","protected":false},"excerpt":{"rendered":"<p>Jednoduch\u00e9 a bezprobl\u00e9mov\u00e9 \u010distenie AR-15\/AR-10 bez potreby pou\u017eitia r\u00fak pri napichovan\u00ed \u010distiacich z\u00e1plat.<\/p>\n","protected":false},"featured_media":235536,"template":"","meta":{"_acf_changed":false},"product_brand":[11161],"product_cat":[13339,13338,13401],"product_tag":[],"class_list":{"0":"post-275017","1":"product","2":"type-product","3":"status-publish","4":"has-post-thumbnail","6":"product_brand-boretech","7":"product_cat-cistenie-zbrani","8":"product_cat-zaplaty","9":"product_cat-zaplaty-a-zaplatove-pistole","11":"first","12":"instock","13":"taxable","14":"shipping-taxable","15":"purchasable","16":"product-type-variable","17":"wvs-archive-product-wrapper"},"acf":[],"_links":{"self":[{"href":"https:\/\/nbg.eu\/sk\/wp-json\/wp\/v2\/product\/275017","targetHints":{"allow":["GET"]}}],"collection":[{"href":"https:\/\/nbg.eu\/sk\/wp-json\/wp\/v2\/product"}],"about":[{"href":"https:\/\/nbg.eu\/sk\/wp-json\/wp\/v2\/types\/product"}],"wp:featuredmedia":[{"embeddable":true,"href":"https:\/\/nbg.eu\/sk\/wp-json\/wp\/v2\/media\/235536"}],"wp:attachment":[{"href":"https:\/\/nbg.eu\/sk\/wp-json\/wp\/v2\/media?parent=275017"}],"wp:term":[{"taxonomy":"product_brand","embeddable":true,"href":"https:\/\/nbg.eu\/sk\/wp-json\/wp\/v2\/product_brand?post=275017"},{"taxonomy":"product_cat","embeddable":true,"href":"https:\/\/nbg.eu\/sk\/wp-json\/wp\/v2\/product_cat?post=275017"},{"taxonomy":"product_tag","embeddable":true,"href":"https:\/\/nbg.eu\/sk\/wp-json\/wp\/v2\/product_tag?post=275017"}],"curies":[{"name":"wp","href":"https:\/\/api.w.org\/{rel}","templated":true}]}}