{"id":275161,"date":"2025-03-03T12:58:09","date_gmt":"2025-03-03T12:58:09","guid":{"rendered":"https:\/\/nbg.eu\/product\/bore-tech-extreme-grease-hd-10ml\/"},"modified":"2026-01-21T11:38:40","modified_gmt":"2026-01-21T08:38:40","slug":"bore-tech-extreme-grease-hd-10ml","status":"publish","type":"product","link":"https:\/\/nbg.eu\/sk\/produkt\/bore-tech-extreme-grease-hd-10ml\/","title":{"rendered":"Bore tech EXTREME GREASE HD 10ml"},"content":{"rendered":"<h2>Bore Tech EXTREME GREASE HD 10ml<\/h2>\n<p>Bore Tech EXTREME GREASE HD je syntetick\u00e1 zmes ur\u010den\u00e1 pre prev\u00e1dzku streln\u00fdch zbran\u00ed.<\/p>\n<ul>\n<li>Rozsah prev\u00e1dzkov\u00fdch tepl\u00f4t: -65\u00b0C a\u017e +371\u00b0C<\/li>\n<li>Roz\u0161\u00edren\u00fd teplotn\u00fd rozsah: a\u017e do 1093\u00b0C<\/li>\n<li>Nezasych\u00e1 a nevytek\u00e1<\/li>\n<li>Zabezpe\u010duje mazanie a zabra\u0148uje zadieraniu<\/li>\n<li>Ni\u017e\u0161\u00ed koeficient trenia v porovnan\u00ed s konkurenciou<\/li>\n<li>Obsahuje inhib\u00edtory hrdze<\/li>\n<li>Obsahuje nano-keramick\u00e9 teplotn\u00e9 maziv\u00e1<\/li>\n<\/ul>\n<p>Vhodn\u00e9 na pou\u017eitie na uzamykacie uz\u00e1very, r\u00e1my, z\u00e1vesn\u00e9 \u010dapy a vahadlov\u00e9 mechanizmy. Zabezpe\u010duje plynul\u00fa prev\u00e1dzku, predl\u017euje \u017eivotnos\u0165 s\u00fa\u010diastok a v\u00fdkon v extr\u00e9mnych podmienkach.<\/p>\n<p>10ml plastov\u00e1 tuba s d\u00e1vkovacou \u0161pi\u010dkou a skrutkovac\u00edm uz\u00e1verom pre jednoduch\u00e9 pou\u017eitie.<\/p>\n","protected":false},"excerpt":{"rendered":"<p>Ultra-lepkav\u00e9 syntetick\u00e9 mazivo na streln\u00e9 zbrane pre extr\u00e9mne podmienky (-65\u00b0C a\u017e 371\u00b0C)<\/p>\n","protected":false},"featured_media":235483,"template":"","meta":{"_acf_changed":false},"product_brand":[11161],"product_cat":[13339,13352],"product_tag":[],"class_list":{"0":"post-275161","1":"product","2":"type-product","3":"status-publish","4":"has-post-thumbnail","6":"product_brand-boretech","7":"product_cat-cistenie-zbrani","8":"product_cat-lubrikanty","10":"first","11":"outofstock","12":"taxable","13":"shipping-taxable","14":"purchasable","15":"product-type-simple"},"acf":[],"_links":{"self":[{"href":"https:\/\/nbg.eu\/sk\/wp-json\/wp\/v2\/product\/275161","targetHints":{"allow":["GET"]}}],"collection":[{"href":"https:\/\/nbg.eu\/sk\/wp-json\/wp\/v2\/product"}],"about":[{"href":"https:\/\/nbg.eu\/sk\/wp-json\/wp\/v2\/types\/product"}],"wp:featuredmedia":[{"embeddable":true,"href":"https:\/\/nbg.eu\/sk\/wp-json\/wp\/v2\/media\/235483"}],"wp:attachment":[{"href":"https:\/\/nbg.eu\/sk\/wp-json\/wp\/v2\/media?parent=275161"}],"wp:term":[{"taxonomy":"product_brand","embeddable":true,"href":"https:\/\/nbg.eu\/sk\/wp-json\/wp\/v2\/product_brand?post=275161"},{"taxonomy":"product_cat","embeddable":true,"href":"https:\/\/nbg.eu\/sk\/wp-json\/wp\/v2\/product_cat?post=275161"},{"taxonomy":"product_tag","embeddable":true,"href":"https:\/\/nbg.eu\/sk\/wp-json\/wp\/v2\/product_tag?post=275161"}],"curies":[{"name":"wp","href":"https:\/\/api.w.org\/{rel}","templated":true}]}}