{"id":276000,"date":"2025-03-03T22:22:36","date_gmt":"2025-03-03T19:22:36","guid":{"rendered":"https:\/\/nbg.eu\/product\/qwik-dri-dry-lubricant-1-oz\/"},"modified":"2026-01-21T11:41:29","modified_gmt":"2026-01-21T08:41:29","slug":"qwik-dri-suchy-mazaci-prostriedok-1-oz","status":"publish","type":"product","link":"https:\/\/nbg.eu\/sk\/produkt\/qwik-dri-suchy-mazaci-prostriedok-1-oz\/","title":{"rendered":"QWIK-DRI such\u00fd mazac\u00ed prostriedok, 1 Oz"},"content":{"rendered":"<h2>QWIK-DRI SUCH\u00c9 MAZIVO, 30 ml<\/h2>\n<p>Bore Tech Qwik-Dri\u2122 je such\u00e9 mazivo s \u010dasticami PTFE v r\u00fdchlo sa odparuj\u00facom nosi\u010di.<\/p>\n<ul>\n<li>Prenik\u00e1 do p\u00f3rov kovu<\/li>\n<li>Vytv\u00e1ra odoln\u00fd such\u00fd film<\/li>\n<li>Funguje v extr\u00e9mnych teplot\u00e1ch (-73\u00b0C a\u017e 316\u00b0C)<\/li>\n<li>Zni\u017euje trenie a opotrebovanie o 95%<\/li>\n<li>Odpudzuje prach a ne\u010distoty<\/li>\n<li>Neolejov\u00e1 aplik\u00e1cia<\/li>\n<\/ul>\n<p>Vhodn\u00e9 pre pi\u0161tole, sp\u00fa\u0161te, z\u00e1very pu\u0161iek, z\u00e1sobn\u00edky a \u010fal\u0161ie. Qwik-Dri\u2122 zabezpe\u010duje plynul\u00fa prev\u00e1dzku. Je vhodn\u00e9 pre zbrane v puzdre, nezne\u010dis\u0165uje oble\u010denie. Vyroben\u00e9 v USA.<\/p>\n<p><strong>Vyberte si Bore Tech Qwik-Dri\u2122.<\/strong><\/p>\n","protected":false},"excerpt":{"rendered":"<p>QWIK-DRI: R\u00fdchloschn\u00face PTFE mazivo pre extr\u00e9mne teploty. Odpudzuje \u0161pinu.<\/p>\n","protected":false},"featured_media":235686,"template":"","meta":{"_acf_changed":false},"product_brand":[11161],"product_cat":[13339,13412,13352],"product_tag":[],"class_list":{"0":"post-276000","1":"product","2":"type-product","3":"status-publish","4":"has-post-thumbnail","6":"product_brand-boretech","7":"product_cat-cistenie-zbrani","8":"product_cat-cistiace-prostriedky","9":"product_cat-lubrikanty","11":"first","12":"instock","13":"taxable","14":"shipping-taxable","15":"purchasable","16":"product-type-simple"},"acf":[],"_links":{"self":[{"href":"https:\/\/nbg.eu\/sk\/wp-json\/wp\/v2\/product\/276000","targetHints":{"allow":["GET"]}}],"collection":[{"href":"https:\/\/nbg.eu\/sk\/wp-json\/wp\/v2\/product"}],"about":[{"href":"https:\/\/nbg.eu\/sk\/wp-json\/wp\/v2\/types\/product"}],"wp:featuredmedia":[{"embeddable":true,"href":"https:\/\/nbg.eu\/sk\/wp-json\/wp\/v2\/media\/235686"}],"wp:attachment":[{"href":"https:\/\/nbg.eu\/sk\/wp-json\/wp\/v2\/media?parent=276000"}],"wp:term":[{"taxonomy":"product_brand","embeddable":true,"href":"https:\/\/nbg.eu\/sk\/wp-json\/wp\/v2\/product_brand?post=276000"},{"taxonomy":"product_cat","embeddable":true,"href":"https:\/\/nbg.eu\/sk\/wp-json\/wp\/v2\/product_cat?post=276000"},{"taxonomy":"product_tag","embeddable":true,"href":"https:\/\/nbg.eu\/sk\/wp-json\/wp\/v2\/product_tag?post=276000"}],"curies":[{"name":"wp","href":"https:\/\/api.w.org\/{rel}","templated":true}]}}