{"id":277944,"date":"2025-03-07T22:09:14","date_gmt":"2025-03-07T19:09:14","guid":{"rendered":"https:\/\/nbg.eu\/product\/vortex-strike-eagle-1-8x24-ffp\/"},"modified":"2026-01-21T11:46:18","modified_gmt":"2026-01-21T08:46:18","slug":"vortex-strike-eagle-1-8x24-ffp","status":"publish","type":"product","link":"https:\/\/nbg.eu\/sk\/produkt\/vortex-strike-eagle-1-8x24-ffp\/","title":{"rendered":"Vortex &#8211; Strike Eagle\u00ae &#8211; 1-8&#215;24 FFP"},"content":{"rendered":"<div class=\"product-description\">\n<h1>Vortex &#8211; Strike Eagle\u00ae &#8211; 1-8&#215;24 FFP<\/h1>\n<p>Strike Eagle\u00ae je taktick\u00fd \u010falekoh\u013ead s v\u0161estrannos\u0165ou a optick\u00fdm v\u00fdkonom. Je vhodn\u00fd pre r\u00fdchle situ\u00e1cie aj pre strie\u013eanie na dlh\u00e9 vzdialenosti do 1000 yardov.<\/p>\n<h2>Hlavn\u00e9 vlastnosti:<\/h2>\n<ul>\n<li>Zv\u00e4\u010d\u0161enie: 1-8x<\/li>\n<li>Priemer objekt\u00edvu: 24 mm<\/li>\n<li>Prv\u00e1 ohniskov\u00e1 rovina (FFP)<\/li>\n<li>Z\u00e1mern\u00fd kr\u00ed\u017e EBR-8 MOA<\/li>\n<li>O\u010dn\u00fd reli\u00e9f: 3.9&#8243;<\/li>\n<li>Zorn\u00e9 pole: 113.6&#8242; &#8211; 14.1&#8242; @ 100 yardov<\/li>\n<li>Ve\u013ekos\u0165 tubusu: 30 mm<\/li>\n<li>Nastavenie: 1\/4 MOA<\/li>\n<li>Maxim\u00e1lne nastavenie elev\u00e1cie a stranov\u00e9ho posunu: 145 MOA<\/li>\n<li>Hmotnos\u0165: 23.9 oz<\/li>\n<\/ul>\n<h2>Z\u00e1mern\u00fd kr\u00ed\u017e EBR-8:<\/h2>\n<p>Z\u00e1mern\u00fd kr\u00ed\u017e EBR-8 MOA v prvej ohniskovej rovine umo\u017e\u0148uje r\u00fdchlu stre\u013ebu od bl\u00edzkych vzdialenost\u00ed do 600 yardov s n\u00e1bojmi .223\/5.56mm a .308\/7.62mm. M\u00f4\u017ee sa pou\u017e\u00edva\u0165 aj s in\u00fdmi kalibrami.<\/p>\n<h2>Odolnos\u0165 a jasnos\u0165:<\/h2>\n<ul>\n<li>Kon\u0161trukcia z leteck\u00e9ho hlin\u00edka<\/li>\n<li>Povlak ArmorTek\u00ae odoln\u00fd proti po\u0161kriabaniu<\/li>\n<li>Plne viacvrstvov\u00e9 \u0161o\u0161ovky pre optim\u00e1lny prenos svetla<\/li>\n<li>Odoln\u00fd vo\u010di n\u00e1razom a sp\u00e4tn\u00e9mu r\u00e1zu<\/li>\n<\/ul>\n<h2>\u010eal\u0161ie vlastnosti:<\/h2>\n<ul>\n<li>Ve\u017ee s krytkami<\/li>\n<li>25 MOA na ot\u00e1\u010dku<\/li>\n<li>Nastavenie paralaxy: 125 yardov<\/li>\n<li>Obsahuje p\u00e1\u010dku na r\u00fdchle nastavenie zv\u00e4\u010d\u0161enia<\/li>\n<\/ul>\n<p>Vortex Strike Eagle\u00ae 1-8&#215;24 FFP je v\u0161estrann\u00fd \u010falekoh\u013ead s vysok\u00fdm v\u00fdkonom. Je vhodn\u00fd pre bl\u00edzke aj vzdialen\u00e9 ciele.<\/p>\n<\/div>\n","protected":false},"excerpt":{"rendered":"<p>V\u0161estrann\u00fd pu\u0161koh\u013ead 1-8&#215;24 FFP s osnovou EBR-8. Odoln\u00e1, vysokov\u00fdkonn\u00e1 optika pre taktick\u00fa stre\u013ebu.<\/p>\n","protected":false},"featured_media":249213,"template":"","meta":{"_acf_changed":false},"product_brand":[11966],"product_cat":[13348,13361],"product_tag":[],"class_list":{"0":"post-277944","1":"product","2":"type-product","3":"status-publish","4":"has-post-thumbnail","6":"product_brand-vortex","7":"product_cat-mierenie","8":"product_cat-optika-so-zvaecsenim","10":"first","11":"outofstock","12":"taxable","13":"shipping-taxable","14":"purchasable","15":"product-type-simple"},"acf":[],"_links":{"self":[{"href":"https:\/\/nbg.eu\/sk\/wp-json\/wp\/v2\/product\/277944","targetHints":{"allow":["GET"]}}],"collection":[{"href":"https:\/\/nbg.eu\/sk\/wp-json\/wp\/v2\/product"}],"about":[{"href":"https:\/\/nbg.eu\/sk\/wp-json\/wp\/v2\/types\/product"}],"wp:featuredmedia":[{"embeddable":true,"href":"https:\/\/nbg.eu\/sk\/wp-json\/wp\/v2\/media\/249213"}],"wp:attachment":[{"href":"https:\/\/nbg.eu\/sk\/wp-json\/wp\/v2\/media?parent=277944"}],"wp:term":[{"taxonomy":"product_brand","embeddable":true,"href":"https:\/\/nbg.eu\/sk\/wp-json\/wp\/v2\/product_brand?post=277944"},{"taxonomy":"product_cat","embeddable":true,"href":"https:\/\/nbg.eu\/sk\/wp-json\/wp\/v2\/product_cat?post=277944"},{"taxonomy":"product_tag","embeddable":true,"href":"https:\/\/nbg.eu\/sk\/wp-json\/wp\/v2\/product_tag?post=277944"}],"curies":[{"name":"wp","href":"https:\/\/api.w.org\/{rel}","templated":true}]}}