{"id":278796,"date":"2025-03-02T06:06:39","date_gmt":"2025-03-02T06:06:39","guid":{"rendered":"https:\/\/nbg.eu\/product\/144-area-419-billet-loading-block-clear-anodized\/"},"modified":"2026-01-21T12:35:36","modified_gmt":"2026-01-21T09:35:36","slug":"area-419-blokovy-nabijaci-blok-cira-eloxacia","status":"publish","type":"product","link":"https:\/\/nbg.eu\/sk\/produkt\/area-419-blokovy-nabijaci-blok-cira-eloxacia\/","title":{"rendered":"Area 419 &#8211; Blokov\u00fd nab\u00edjac\u00ed blok &#8211; \u010d\u00edra elox\u00e1cia"},"content":{"rendered":"<h2>Area 419 Hlin\u00edkov\u00fd nab\u00edjac\u00ed blok \u2013 \u010c\u00edry eloxovan\u00fd<\/h2>\n<p>Area 419 Eloxovan\u00fd nab\u00edjac\u00ed blok. Tento blok m\u00e1 tieto vlastnosti:<\/p>\n<ul>\n<li>50 miest pre n\u00e1boje 308, Magnum alebo Lapua<\/li>\n<li>Kon\u0161trukcia z hlin\u00edka 6061-T6 s \u010d\u00edrou eloxovanou povrchovou \u00fapravou<\/li>\n<li>Rozmery: 24,13 cm x 10,16 cm x 1,59 cm<\/li>\n<li>Otvory hlbok\u00e9 12,7 mm s tesn\u00fdm ulo\u017een\u00edm n\u00e1bojnice<\/li>\n<li>Stredov\u00e9 priehlbiny na zachytenie zrniek prachu<\/li>\n<li>Proti\u0161mykov\u00e9 gumov\u00e9 podlo\u017eky na spodnej strane<\/li>\n<\/ul>\n<p>Dostupn\u00e9 priemery otvorov: 223 (9,91 mm), ARC\/Grendel (11,48 mm), 308 (12,32 mm), 284 (13,08 mm), Magnum (14,22 mm), Lapua (15,24 mm) a Cheytac (16,64 mm).<\/p>\n<p>Hmotnos\u0165: 0,64 kg<\/p>\n<p>Nab\u00edjac\u00ed blok od Area 419.<\/p>\n","protected":false},"excerpt":{"rendered":"<p>Odoln\u00fd eloxovan\u00fd nab\u00edjac\u00ed blok na 50 n\u00e1bojov. Presne obroben\u00fd, proti\u0161mykov\u00fd.<\/p>\n","protected":false},"featured_media":233226,"template":"","meta":{"_acf_changed":false},"product_brand":[11044],"product_cat":[13383,13372],"product_tag":[],"class_list":{"0":"post-278796","1":"product","2":"type-product","3":"status-publish","4":"has-post-thumbnail","6":"product_brand-area-419","7":"product_cat-prebitie-nabojov","8":"product_cat-prislusenstvo-na-nabijanie","10":"first","11":"instock","12":"sale","13":"taxable","14":"shipping-taxable","15":"purchasable","16":"product-type-variable","17":"wvs-archive-product-wrapper"},"acf":[],"_links":{"self":[{"href":"https:\/\/nbg.eu\/sk\/wp-json\/wp\/v2\/product\/278796","targetHints":{"allow":["GET"]}}],"collection":[{"href":"https:\/\/nbg.eu\/sk\/wp-json\/wp\/v2\/product"}],"about":[{"href":"https:\/\/nbg.eu\/sk\/wp-json\/wp\/v2\/types\/product"}],"wp:featuredmedia":[{"embeddable":true,"href":"https:\/\/nbg.eu\/sk\/wp-json\/wp\/v2\/media\/233226"}],"wp:attachment":[{"href":"https:\/\/nbg.eu\/sk\/wp-json\/wp\/v2\/media?parent=278796"}],"wp:term":[{"taxonomy":"product_brand","embeddable":true,"href":"https:\/\/nbg.eu\/sk\/wp-json\/wp\/v2\/product_brand?post=278796"},{"taxonomy":"product_cat","embeddable":true,"href":"https:\/\/nbg.eu\/sk\/wp-json\/wp\/v2\/product_cat?post=278796"},{"taxonomy":"product_tag","embeddable":true,"href":"https:\/\/nbg.eu\/sk\/wp-json\/wp\/v2\/product_tag?post=278796"}],"curies":[{"name":"wp","href":"https:\/\/api.w.org\/{rel}","templated":true}]}}