{"id":284933,"date":"2024-01-30T18:08:20","date_gmt":"2024-01-30T18:08:20","guid":{"rendered":"https:\/\/nbg.eu\/product\/area-419-mini-pad-the-gripchanger\/"},"modified":"2026-01-21T12:04:24","modified_gmt":"2026-01-21T09:04:24","slug":"area-419-mini-podlozka-gripchanger","status":"publish","type":"product","link":"https:\/\/nbg.eu\/sk\/produkt\/area-419-mini-podlozka-gripchanger\/","title":{"rendered":"Area 419 &#8211; Mini podlo\u017eka, GripChanger"},"content":{"rendered":"<div class=\"product-description\">\n<h2>Area 419 &#8211; Mini Pad, GripChanger<\/h2>\n<p>GripChanger je nov\u00fd produkt v na\u0161ej s\u00e9rii RailChanger. T\u00e1to kompaktn\u00e1, pri\u013enav\u00e1 a husto plnen\u00e1 ta\u0161ka je rie\u0161enie pre r\u00fdchle budovanie poz\u00edcie alebo pou\u017eitie v mal\u00fdch otvoroch.<\/p>\n<h3>Vlastnosti:<\/h3>\n<ul>\n<li>V\u00e1\u017ei pribli\u017ene 0,45 kg<\/li>\n<li>Dr\u017e\u00ed na akomko\u013evek povrchu<\/li>\n<li>Poskytuje stabiln\u00fa platformu pre r\u00fdchle nastavenie<\/li>\n<\/ul>\n<h3>S\u00faprava obsahuje:<\/h3>\n<ul>\n<li>1 Area 419 GripChanger ta\u0161ka<\/li>\n<li>1 ARCALOCK svorka<\/li>\n<li>1 Area 419 Rail Changer rameno<\/li>\n<\/ul>\n<h3>\u0160pecifik\u00e1cie:<\/h3>\n<ul>\n<li>Hmotnos\u0165: 0,45 kg<\/li>\n<li>Rozmery: 25,4 \u00d7 7,6 \u00d7 5,1 cm<\/li>\n<li>V\u00fdrobca: Armageddon Gear<\/li>\n<\/ul>\n<\/div>\n","protected":false},"excerpt":{"rendered":"<p>\u201eKompaktn\u00e9, dobre uchopite\u013en\u00e9 450-gramov\u00e9 vrecko pre r\u00fdchle a stabiln\u00e9 streleck\u00e9 poz\u00edcie. Obsahuje svorku a rameno.&#8220;<\/p>\n","protected":false},"featured_media":233576,"template":"","meta":{"_acf_changed":false},"product_brand":[11044],"product_cat":[13397],"product_tag":[],"class_list":{"0":"post-284933","1":"product","2":"type-product","3":"status-publish","4":"has-post-thumbnail","6":"product_brand-area-419","7":"product_cat-puska","9":"first","10":"instock","11":"taxable","12":"shipping-taxable","13":"purchasable","14":"product-type-simple"},"acf":[],"_links":{"self":[{"href":"https:\/\/nbg.eu\/sk\/wp-json\/wp\/v2\/product\/284933","targetHints":{"allow":["GET"]}}],"collection":[{"href":"https:\/\/nbg.eu\/sk\/wp-json\/wp\/v2\/product"}],"about":[{"href":"https:\/\/nbg.eu\/sk\/wp-json\/wp\/v2\/types\/product"}],"wp:featuredmedia":[{"embeddable":true,"href":"https:\/\/nbg.eu\/sk\/wp-json\/wp\/v2\/media\/233576"}],"wp:attachment":[{"href":"https:\/\/nbg.eu\/sk\/wp-json\/wp\/v2\/media?parent=284933"}],"wp:term":[{"taxonomy":"product_brand","embeddable":true,"href":"https:\/\/nbg.eu\/sk\/wp-json\/wp\/v2\/product_brand?post=284933"},{"taxonomy":"product_cat","embeddable":true,"href":"https:\/\/nbg.eu\/sk\/wp-json\/wp\/v2\/product_cat?post=284933"},{"taxonomy":"product_tag","embeddable":true,"href":"https:\/\/nbg.eu\/sk\/wp-json\/wp\/v2\/product_tag?post=284933"}],"curies":[{"name":"wp","href":"https:\/\/api.w.org\/{rel}","templated":true}]}}