{"id":287798,"date":"2025-03-05T11:33:07","date_gmt":"2025-03-05T11:33:07","guid":{"rendered":"https:\/\/nbg.eu\/prodcut\/clawgear-ak47-medium-slick-handguard-m-lok\/"},"modified":"2026-01-21T11:45:39","modified_gmt":"2026-01-21T08:45:39","slug":"clawgear-ak47-stredne-hladke-predpazbie-m-lok","status":"publish","type":"product","link":"https:\/\/nbg.eu\/sk\/produkt\/clawgear-ak47-stredne-hladke-predpazbie-m-lok\/","title":{"rendered":"Clawgear AK47 Stredn\u00e9 hladk\u00e9 predpa\u017ebie M-LOK"},"content":{"rendered":"<div class=\"product-description\">\n<h2>Clawgear AK47 Stredn\u00fd Hladk\u00fd Predpa\u017ebie M-LOK<\/h2>\n<p>Predpa\u017ebie pre AK47 od Clawgear. M\u00e1 matn\u00fd \u010dierny povrch. M-LOK syst\u00e9m umo\u017e\u0148uje pripevnenie pr\u00edslu\u0161enstva. Obsahuje bod na pripevnenie popruhu.<\/p>\n<ul>\n<li>Kompatibiln\u00e9 s lisovan\u00fdmi a fr\u00e9zovan\u00fdmi z\u00e1vermi<\/li>\n<li>Vyroben\u00e9 z hlin\u00edka 6061<\/li>\n<li>Povrchov\u00e1 \u00faprava MIL-SPEC Type III tvrd\u00fdm eloxovan\u00edm<\/li>\n<li>Hmotnos\u0165: 0,15 kg<\/li>\n<li>Rozmery: 26,2 cm (D) x 4,3 cm (\u0160) x 4,3 cm (V)<\/li>\n<\/ul>\n<p>Predpa\u017ebie pre AK47.<\/p>\n<\/div>\n","protected":false},"excerpt":{"rendered":"<p>\u013dahk\u00fd M-LOK predpa\u017ebie pre AK47 s r\u00fdchloup\u00ednac\u00edm bodom na popruh a matnou povrchovou \u00fapravou.<\/p>\n","protected":false},"featured_media":239656,"template":"","meta":{"_acf_changed":false},"product_brand":[11230],"product_cat":[13411,14956,13397,13333,13358],"product_tag":[],"class_list":{"0":"post-287798","1":"product","2":"type-product","3":"status-publish","4":"has-post-thumbnail","6":"product_brand-clawgear","7":"product_cat-listy","8":"product_cat-m-lok-rail-systems-sk","9":"product_cat-puska","10":"product_cat-remene","11":"product_cat-rifle-tuning","13":"first","14":"instock","15":"taxable","16":"shipping-taxable","17":"purchasable","18":"product-type-simple"},"acf":[],"_links":{"self":[{"href":"https:\/\/nbg.eu\/sk\/wp-json\/wp\/v2\/product\/287798","targetHints":{"allow":["GET"]}}],"collection":[{"href":"https:\/\/nbg.eu\/sk\/wp-json\/wp\/v2\/product"}],"about":[{"href":"https:\/\/nbg.eu\/sk\/wp-json\/wp\/v2\/types\/product"}],"wp:featuredmedia":[{"embeddable":true,"href":"https:\/\/nbg.eu\/sk\/wp-json\/wp\/v2\/media\/239656"}],"wp:attachment":[{"href":"https:\/\/nbg.eu\/sk\/wp-json\/wp\/v2\/media?parent=287798"}],"wp:term":[{"taxonomy":"product_brand","embeddable":true,"href":"https:\/\/nbg.eu\/sk\/wp-json\/wp\/v2\/product_brand?post=287798"},{"taxonomy":"product_cat","embeddable":true,"href":"https:\/\/nbg.eu\/sk\/wp-json\/wp\/v2\/product_cat?post=287798"},{"taxonomy":"product_tag","embeddable":true,"href":"https:\/\/nbg.eu\/sk\/wp-json\/wp\/v2\/product_tag?post=287798"}],"curies":[{"name":"wp","href":"https:\/\/api.w.org\/{rel}","templated":true}]}}