{"id":287826,"date":"2025-03-05T11:14:35","date_gmt":"2025-03-05T11:14:35","guid":{"rendered":"https:\/\/nbg.eu\/prodcut\/clawgear-ak47-long-slick-handguard-m-lok\/"},"modified":"2026-01-21T11:48:27","modified_gmt":"2026-01-21T08:48:27","slug":"clawgear-ak47-dlhe-hladke-predpazbie-m-lok","status":"publish","type":"product","link":"https:\/\/nbg.eu\/sk\/produkt\/clawgear-ak47-dlhe-hladke-predpazbie-m-lok\/","title":{"rendered":"Clawgear AK47 Dlh\u00e9 hladk\u00e9 predpa\u017ebie M-LOK"},"content":{"rendered":"","protected":false},"excerpt":{"rendered":"","protected":false},"featured_media":239378,"template":"","meta":{"_acf_changed":false},"product_brand":[11230],"product_cat":[13411,14956,13397,13333,13358],"product_tag":[],"class_list":{"0":"post-287826","1":"product","2":"type-product","3":"status-publish","4":"has-post-thumbnail","6":"product_brand-clawgear","7":"product_cat-listy","8":"product_cat-m-lok-rail-systems-sk","9":"product_cat-puska","10":"product_cat-remene","11":"product_cat-rifle-tuning","13":"first","14":"instock","15":"taxable","16":"shipping-taxable","17":"purchasable","18":"product-type-simple"},"acf":[],"_links":{"self":[{"href":"https:\/\/nbg.eu\/sk\/wp-json\/wp\/v2\/product\/287826","targetHints":{"allow":["GET"]}}],"collection":[{"href":"https:\/\/nbg.eu\/sk\/wp-json\/wp\/v2\/product"}],"about":[{"href":"https:\/\/nbg.eu\/sk\/wp-json\/wp\/v2\/types\/product"}],"wp:featuredmedia":[{"embeddable":true,"href":"https:\/\/nbg.eu\/sk\/wp-json\/wp\/v2\/media\/239378"}],"wp:attachment":[{"href":"https:\/\/nbg.eu\/sk\/wp-json\/wp\/v2\/media?parent=287826"}],"wp:term":[{"taxonomy":"product_brand","embeddable":true,"href":"https:\/\/nbg.eu\/sk\/wp-json\/wp\/v2\/product_brand?post=287826"},{"taxonomy":"product_cat","embeddable":true,"href":"https:\/\/nbg.eu\/sk\/wp-json\/wp\/v2\/product_cat?post=287826"},{"taxonomy":"product_tag","embeddable":true,"href":"https:\/\/nbg.eu\/sk\/wp-json\/wp\/v2\/product_tag?post=287826"}],"curies":[{"name":"wp","href":"https:\/\/api.w.org\/{rel}","templated":true}]}}