{"id":36861,"date":"2024-07-29T22:05:32","date_gmt":"2024-07-29T19:05:32","guid":{"rendered":"https:\/\/nbg.eu\/product\/medium-tkn-refill-advanced\/"},"modified":"2026-01-21T12:03:07","modified_gmt":"2026-01-21T09:03:07","slug":"medium-tkn-napln-advanced","status":"publish","type":"product","link":"https:\/\/nbg.eu\/sk\/produkt\/medium-tkn-napln-advanced\/","title":{"rendered":"Medium TKN!\u2122 N\u00e1pl\u0148 &#8211; ADVANCED"},"content":{"rendered":"<div class=\"product-description\">\n<h2>Stredn\u00e1 TKN!\u2122 N\u00e1pl\u0148 &#8211; ADVANCED od BlueForceGear<\/h2>\n<p>Vylep\u0161ite svoju traumatologick\u00fa s\u00fapravu pomocou strednej TKN!\u2122 N\u00e1plne &#8211; ADVANCED od BlueForceGear. T\u00e1to komplexn\u00e1 n\u00e1pl\u0148 je navrhnut\u00e1 na doplnenie v\u00e1\u0161ho existuj\u00faceho TKN!\u2122 (Trauma Kit NOW!) alebo na vytvorenie novej, plne vybavenej traumatologickej s\u00fapravy pre n\u00fadzov\u00e9 situ\u00e1cie.<\/p>\n<h2>K\u013e\u00fa\u010dov\u00e9 vlastnosti:<\/h2>\n<ul>\n<li>Kompletn\u00e1 sada pokro\u010dil\u00fdch zdravotn\u00edckych potrieb pre traumatologick\u00fa starostlivos\u0165<\/li>\n<li>Obsahuje z\u00e1kladn\u00e9 polo\u017eky na o\u0161etrenie v\u00e1\u017enych zranen\u00ed<\/li>\n<li>Kompaktn\u00e1 a organizovan\u00e1 pre r\u00fdchly pr\u00edstup v n\u00fadzov\u00fdch situ\u00e1ci\u00e1ch<\/li>\n<li>Vysokokvalitn\u00e9 komponenty vojenskej triedy<\/li>\n<li>Vhodn\u00e9 pre policajn\u00e9 zlo\u017eky, arm\u00e1du a civiln\u00e9 pou\u017eitie<\/li>\n<\/ul>\n<h2>Obsah s\u00fapravy:<\/h2>\n<ul>\n<li>Pokro\u010dil\u00e1 n\u00e1pl\u0148 obsahuje:\n<li>1. Traumatologick\u00e9 rukavice (Zrolovan\u00e9 1x p\u00e1r)<\/li>\n<li>2. Quikclot Combat Gauze (1x)<\/li>\n<li>3. N\u00fadzov\u00fd traumatologick\u00fd obv\u00e4z 6&#8243; (1x)<\/li>\n<li>4. Termoizola\u010dn\u00e1 f\u00f3lia<\/li>\n<li>5. Ploch\u00e1 lepiaca p\u00e1ska (1x)<\/li>\n<li>6. Komprimovan\u00e1 g\u00e1za (1x)<\/li>\n<li>7. Traumatologick\u00e9 no\u017enice (1x)<\/li>\n<li>8. Hrudn\u00fd uz\u00e1ver plnej ve\u013ekosti (1x dvojbalenie)<\/li>\n<li>9. Nazofarynge\u00e1lna vzduchovod (1x)<\/li>\n<li>10. Dekompresn\u00e1 ihla (1x)<\/li>\n<\/ul>\n<p>Stredn\u00e1 TKN!\u2122 N\u00e1pl\u0148 &#8211; ADVANCED je odborne zostaven\u00e1 tak, aby v\u00e1m poskytla n\u00e1stroje potrebn\u00e9 na rie\u0161enie siln\u00e9ho krv\u00e1cania, tenzn\u00e9ho pneumotoraxu a ob\u0161trukcie d\u00fdchac\u00edch ciest. Ka\u017ed\u00e1 s\u00fa\u010das\u0165 je starostlivo vybran\u00e1 pre svoju \u00fa\u010dinnos\u0165 a jednoduch\u00e9 pou\u017eitie v stresov\u00fdch situ\u00e1ci\u00e1ch.<\/p>\n<p>\u010ci u\u017e ste z\u00e1chran\u00e1r, milovn\u00edk pr\u00edrody alebo sa jednoducho pripravujete na neo\u010dak\u00e1van\u00e9 n\u00fadzov\u00e9 situ\u00e1cie, t\u00e1to n\u00e1pl\u0148 zaist\u00ed, \u017ee budete vybaven\u00ed na zvl\u00e1dnutie kritick\u00fdch zranen\u00ed, k\u00fdm nepr\u00edde profesion\u00e1lna lek\u00e1rska pomoc. Nerobte kompromisy v oblasti bezpe\u010dnosti \u2013 vyberte si stredn\u00fa TKN!\u2122 N\u00e1pl\u0148 &#8211; ADVANCED od BlueForceGear pre spo\u013eahliv\u00e9 vybavenie na z\u00e1chranu \u017eivota.<\/p>\n<p><strong>Pozn\u00e1mka:<\/strong> Na optim\u00e1lnu \u00fa\u010dinnos\u0165 v n\u00fadzov\u00fdch situ\u00e1ci\u00e1ch sa d\u00f4razne odpor\u00fa\u010da riadne \u0161kolenie v pou\u017e\u00edvan\u00ed t\u00fdchto zdravotn\u00edckych potrieb.<\/p>\n<\/div>\n","protected":false},"excerpt":{"rendered":"<p>Kompaktn\u00e1, pokro\u010dil\u00e1 s\u00faprava na doplnenie traumatologick\u00e9ho vybavenia pre kritick\u00fa starostlivos\u0165 v ter\u00e9ne.<\/p>\n","protected":false},"featured_media":36870,"template":"","meta":{"_acf_changed":false},"product_brand":[11144],"product_cat":[13405,13354],"product_tag":[],"class_list":{"0":"post-36861","1":"product","2":"type-product","3":"status-publish","4":"has-post-thumbnail","6":"product_brand-blue-force-gear","7":"product_cat-vystroj","8":"product_cat-zdravotnicke","10":"first","11":"instock","12":"taxable","13":"shipping-taxable","14":"purchasable","15":"product-type-simple"},"acf":[],"_links":{"self":[{"href":"https:\/\/nbg.eu\/sk\/wp-json\/wp\/v2\/product\/36861","targetHints":{"allow":["GET"]}}],"collection":[{"href":"https:\/\/nbg.eu\/sk\/wp-json\/wp\/v2\/product"}],"about":[{"href":"https:\/\/nbg.eu\/sk\/wp-json\/wp\/v2\/types\/product"}],"wp:featuredmedia":[{"embeddable":true,"href":"https:\/\/nbg.eu\/sk\/wp-json\/wp\/v2\/media\/36870"}],"wp:attachment":[{"href":"https:\/\/nbg.eu\/sk\/wp-json\/wp\/v2\/media?parent=36861"}],"wp:term":[{"taxonomy":"product_brand","embeddable":true,"href":"https:\/\/nbg.eu\/sk\/wp-json\/wp\/v2\/product_brand?post=36861"},{"taxonomy":"product_cat","embeddable":true,"href":"https:\/\/nbg.eu\/sk\/wp-json\/wp\/v2\/product_cat?post=36861"},{"taxonomy":"product_tag","embeddable":true,"href":"https:\/\/nbg.eu\/sk\/wp-json\/wp\/v2\/product_tag?post=36861"}],"curies":[{"name":"wp","href":"https:\/\/api.w.org\/{rel}","templated":true}]}}