{"id":39793,"date":"2024-08-26T13:35:02","date_gmt":"2024-08-26T13:35:02","guid":{"rendered":"https:\/\/nbg.eu\/product\/vanward-felt\/"},"modified":"2026-05-13T17:04:59","modified_gmt":"2026-05-13T14:04:59","slug":"vanward-felt","status":"publish","type":"product","link":"https:\/\/nbg.eu\/sk\/produkt\/vanward-felt\/","title":{"rendered":"Vanward Felt"},"content":{"rendered":"<div class=\"product-description\">\n<h2>Tlmi\u010d Vanward Felt<\/h2>\n<p>Za\u017eite \u010fal\u0161iu evol\u00faciu v technol\u00f3gii tlmi\u010dov s Vanward Felt, vyvinut\u00fdm z 3D tla\u010den\u00fdch tlmi\u010dov TE-Titan.<\/p>\n<h2>K\u013e\u00fa\u010dov\u00e9 vlastnosti:<\/h2>\n<ul>\n<li>Optimalizovan\u00e9 rozlo\u017eenie prie\u010dok pre vynikaj\u00face vyrovn\u00e1vanie tlaku<\/li>\n<li>Hexagon\u00e1lny vonkaj\u0161\u00ed dizajn pre zv\u00fd\u0161en\u00fa pevnos\u0165 a efekt\u00edvne chladenie<\/li>\n<li>Neuverite\u013ene \u013eahk\u00fd, len 171 gramov*<\/li>\n<li>3D tla\u010den\u00fd z jedn\u00e9ho kusa tit\u00e1nu 5. triedy<\/li>\n<li>Z\u00e1vitov\u00e1 \u010das\u0165 z nehrdzavej\u00facej ocele<\/li>\n<li>Odoln\u00fd vo\u010di vode, slan\u00fdm roztokom a prachu z v\u00fdstrelov<\/li>\n<li>Minim\u00e1lne pri\u013enavenie zvy\u0161kov prachu<\/li>\n<\/ul>\n<h2>\u0160pecifik\u00e1cie:<\/h2>\n<ul>\n<li>Dostupn\u00e9 kalibry: .223, .264, .30<\/li>\n<li>Typy z\u00e1vitov: M18x1, M15x1, M14x1, 1\/2*28<\/li>\n<li>Rozmery: \u00d842mm x 130mm d\u013a\u017eka<\/li>\n<\/ul>\n<p>Navrhnut\u00fd s prispen\u00edm najlep\u0161\u00edch po\u013en\u00fdch strelcov, Vanward Felt pon\u00faka bezkonkuren\u010dn\u00fa bezpe\u010dnos\u0165, pevnos\u0165 a v\u00fdkon. Jeho integrovan\u00e9 chladiace rebr\u00e1 a \u013eahk\u00e1 kon\u0161trukcia ho robia ide\u00e1lnym pre aplik\u00e1cie po\u013enej stre\u013eby.<\/p>\n<p><em>*Hmotnos\u0165 pre z\u00e1vit typu M14x1<\/em><\/p>\n<\/div>\n","protected":false},"excerpt":{"rendered":"<p>\u013dahk\u00fd tlmi\u010d vyroben\u00fd 3D tla\u010dou z tit\u00e1nu s optimalizovan\u00fdm dizajnom.<\/p>\n","protected":false},"featured_media":32233,"template":"","meta":{"_acf_changed":false},"product_brand":[11943],"product_cat":[13397,13375,13380],"product_tag":[],"class_list":{"0":"post-39793","1":"product","2":"type-product","3":"status-publish","4":"has-post-thumbnail","6":"product_brand-vanward","7":"product_cat-puska","8":"product_cat-tlmice","9":"product_cat-tlmice-pre-pusky","11":"first","12":"instock","13":"taxable","14":"shipping-taxable","15":"purchasable","16":"product-type-variable","17":"wvs-archive-product-wrapper"},"acf":[],"_links":{"self":[{"href":"https:\/\/nbg.eu\/sk\/wp-json\/wp\/v2\/product\/39793","targetHints":{"allow":["GET"]}}],"collection":[{"href":"https:\/\/nbg.eu\/sk\/wp-json\/wp\/v2\/product"}],"about":[{"href":"https:\/\/nbg.eu\/sk\/wp-json\/wp\/v2\/types\/product"}],"wp:featuredmedia":[{"embeddable":true,"href":"https:\/\/nbg.eu\/sk\/wp-json\/wp\/v2\/media\/32233"}],"wp:attachment":[{"href":"https:\/\/nbg.eu\/sk\/wp-json\/wp\/v2\/media?parent=39793"}],"wp:term":[{"taxonomy":"product_brand","embeddable":true,"href":"https:\/\/nbg.eu\/sk\/wp-json\/wp\/v2\/product_brand?post=39793"},{"taxonomy":"product_cat","embeddable":true,"href":"https:\/\/nbg.eu\/sk\/wp-json\/wp\/v2\/product_cat?post=39793"},{"taxonomy":"product_tag","embeddable":true,"href":"https:\/\/nbg.eu\/sk\/wp-json\/wp\/v2\/product_tag?post=39793"}],"curies":[{"name":"wp","href":"https:\/\/api.w.org\/{rel}","templated":true}]}}