{"id":44741,"date":"2024-08-18T12:36:04","date_gmt":"2024-08-18T09:36:04","guid":{"rendered":"https:\/\/nbg.eu\/product\/lynx-belt-buckle-roll-pins-50bag\/"},"modified":"2026-02-27T15:51:16","modified_gmt":"2026-02-27T12:51:16","slug":"lynx-opasok-pracka-valcove-koliky-50ks-balenie","status":"publish","type":"product","link":"https:\/\/nbg.eu\/sk\/produkt\/lynx-opasok-pracka-valcove-koliky-50ks-balenie\/","title":{"rendered":"Lynx Opasok Pracka Valcov\u00e9 Kol\u00edky (50Ks Balenie)"},"content":{"rendered":"<p>\nN\u00e1hradn\u00e9 val\u010dekov\u00e9 kol\u00edky pre pracky opaskov Lynx. Balenie 50 kol\u00edkov. Nevyhnutn\u00e9 pre mont\u00e1\u017e a opravy opaskov Lynx. Zabezpe\u010duj\u00fa pevn\u00e9 uchytenie pracky Lynx.<\/p>\n","protected":false},"excerpt":{"rendered":"<p>Val\u010dekov\u00e9 kol\u00edky do pracky opasku Lynx (50 ks v balen\u00ed): N\u00e1hradn\u00e9 kol\u00edky pre va\u0161e opasky Lynx.<\/p>\n","protected":false},"featured_media":27454,"template":"","meta":{"_acf_changed":false},"product_brand":[11282],"product_cat":[13331],"product_tag":[],"class_list":{"0":"post-44741","1":"product","2":"type-product","3":"status-publish","4":"has-post-thumbnail","6":"product_brand-doublealpha","7":"product_cat-sportove-opasky","9":"first","10":"instock","11":"taxable","12":"shipping-taxable","13":"purchasable","14":"product-type-simple"},"acf":[],"_links":{"self":[{"href":"https:\/\/nbg.eu\/sk\/wp-json\/wp\/v2\/product\/44741","targetHints":{"allow":["GET"]}}],"collection":[{"href":"https:\/\/nbg.eu\/sk\/wp-json\/wp\/v2\/product"}],"about":[{"href":"https:\/\/nbg.eu\/sk\/wp-json\/wp\/v2\/types\/product"}],"wp:featuredmedia":[{"embeddable":true,"href":"https:\/\/nbg.eu\/sk\/wp-json\/wp\/v2\/media\/27454"}],"wp:attachment":[{"href":"https:\/\/nbg.eu\/sk\/wp-json\/wp\/v2\/media?parent=44741"}],"wp:term":[{"taxonomy":"product_brand","embeddable":true,"href":"https:\/\/nbg.eu\/sk\/wp-json\/wp\/v2\/product_brand?post=44741"},{"taxonomy":"product_cat","embeddable":true,"href":"https:\/\/nbg.eu\/sk\/wp-json\/wp\/v2\/product_cat?post=44741"},{"taxonomy":"product_tag","embeddable":true,"href":"https:\/\/nbg.eu\/sk\/wp-json\/wp\/v2\/product_tag?post=44741"}],"curies":[{"name":"wp","href":"https:\/\/api.w.org\/{rel}","templated":true}]}}