{"id":45504,"date":"2024-08-16T17:52:19","date_gmt":"2024-08-16T17:52:19","guid":{"rendered":"https:\/\/nbg.eu\/product\/rhh-backpack\/"},"modified":"2026-01-21T12:01:47","modified_gmt":"2026-01-21T09:01:47","slug":"rhh-batoh","status":"publish","type":"product","link":"https:\/\/nbg.eu\/sk\/produkt\/rhh-batoh\/","title":{"rendered":"RHH batoh"},"content":{"rendered":"<div class=\"product-description\">\n<h2>Streleck\u00fd batoh RHH<\/h2>\n<p>Navrhnut\u00fd strelcami pre strelcov, batoh RHH je dokonal\u00fd pre viacdenn\u00e9 preteky, \u010di u\u017e pou\u017e\u00edvate jednu alebo dve zbrane.<\/p>\n<ul>\n<li>Hlavn\u00e9 vrecko na zbra\u0148 so syst\u00e9mom uzamykania pre \u013eahk\u00fd pr\u00edstup<\/li>\n<li>Sp\u013a\u0148a pravidl\u00e1 IPSC<\/li>\n<li>Velcro panel a MOLLE upevnenie pre pr\u00edslu\u0161enstvo<\/li>\n<li>Dostato\u010dn\u00fd \u00falo\u017en\u00fd priestor s organizovan\u00fdmi priehradkami<\/li>\n<li>Vrecko na z\u00e1sobn\u00edky pojme 30-ranov\u00e9 z\u00e1sobn\u00edky s pred\u013a\u017een\u00fdmi podlo\u017ekami<\/li>\n<li>Odn\u00edmate\u013en\u00e9 popruhy sl\u00fa\u017eia aj ako streleck\u00e1 ta\u0161ka<\/li>\n<\/ul>\n<p>Rozmery: 100cm x 40cm x 20cm<br \/>\n  Vrecko na pu\u0161ku: a\u017e do 95cm<br \/>\n  Hmotnos\u0165: 2,9 Kg<\/p>\n<p>Balte sa inteligentne, strie\u013eajte lep\u0161ie so streleck\u00fdm batohom RHH!<\/p>\n<\/div>\n","protected":false},"excerpt":{"rendered":"<p>RHH Batoh: Navrhnut\u00fd strelcom, v\u0161estrann\u00fd, pripraven\u00fd na viacdenn\u00e9 preteky.<\/p>\n","protected":false},"featured_media":22682,"template":"","meta":{"_acf_changed":false},"product_brand":[11638],"product_cat":[13341],"product_tag":[],"class_list":{"0":"post-45504","1":"product","2":"type-product","3":"status-publish","4":"has-post-thumbnail","6":"product_brand-rh-holsters","7":"product_cat-batohy","9":"first","10":"instock","11":"taxable","12":"shipping-taxable","13":"purchasable","14":"product-type-simple"},"acf":[],"_links":{"self":[{"href":"https:\/\/nbg.eu\/sk\/wp-json\/wp\/v2\/product\/45504","targetHints":{"allow":["GET"]}}],"collection":[{"href":"https:\/\/nbg.eu\/sk\/wp-json\/wp\/v2\/product"}],"about":[{"href":"https:\/\/nbg.eu\/sk\/wp-json\/wp\/v2\/types\/product"}],"wp:featuredmedia":[{"embeddable":true,"href":"https:\/\/nbg.eu\/sk\/wp-json\/wp\/v2\/media\/22682"}],"wp:attachment":[{"href":"https:\/\/nbg.eu\/sk\/wp-json\/wp\/v2\/media?parent=45504"}],"wp:term":[{"taxonomy":"product_brand","embeddable":true,"href":"https:\/\/nbg.eu\/sk\/wp-json\/wp\/v2\/product_brand?post=45504"},{"taxonomy":"product_cat","embeddable":true,"href":"https:\/\/nbg.eu\/sk\/wp-json\/wp\/v2\/product_cat?post=45504"},{"taxonomy":"product_tag","embeddable":true,"href":"https:\/\/nbg.eu\/sk\/wp-json\/wp\/v2\/product_tag?post=45504"}],"curies":[{"name":"wp","href":"https:\/\/api.w.org\/{rel}","templated":true}]}}