{"id":525792,"date":"2025-08-19T20:38:50","date_gmt":"2025-08-19T17:38:50","guid":{"rendered":"https:\/\/nbg.eu\/product\/hographic-sight-eotech-exps3\/"},"modified":"2026-01-21T11:45:40","modified_gmt":"2026-01-21T08:45:40","slug":"hographic-sight-eotech-exps3","status":"publish","type":"product","link":"https:\/\/nbg.eu\/sk\/produkt\/hographic-sight-eotech-exps3\/","title":{"rendered":"Hographic sight EOTECH EXPS3"},"content":{"rendered":"<div class=\"product-description\">\n<h2>EOTECH HWS EXPS3\u2122 Holografick\u00fd zameriava\u010d<\/h2>\n<p>EOTECH HWS EXPS3\u2122 je holografick\u00fd zameriava\u010d, ktor\u00fd pon\u00faka:<\/p>\n<ul>\n<li>Stre\u013ebu s oboma otvoren\u00fdmi o\u010dami<\/li>\n<li>Kompatibilitu s no\u010dn\u00fdm viden\u00edm s 10 dodato\u010dn\u00fdmi nastaveniami<\/li>\n<li>7mm zv\u00fd\u0161en\u00fa r\u00fdchloodpojite\u013en\u00fa z\u00e1klad\u0148u pre spolusledovanie so \u017eelezn\u00fdmi mieridlami<\/li>\n<li>Rozmery: 3.8&#8243; x 2.3&#8243; x 2.9&#8243;<\/li>\n<li>Hmotnos\u0165: 11.2 oz<\/li>\n<li>Vodotesnos\u0165 do h\u013abky 33 st\u00f4p<\/li>\n<li>20 nastaven\u00ed jasu pre denn\u00e9 svetlo<\/li>\n<li>1000-hodinov\u00e1 v\u00fddr\u017e bat\u00e9rie pri nomin\u00e1lnom nastaven\u00ed<\/li>\n<\/ul>\n<p>Vyroben\u00e9 v USA, EXPS3 sa montuje na 1&#8243; Weaver alebo MIL-STD-1913 li\u0161ty a funguje pri teplot\u00e1ch od -40\u00b0F do 140\u00b0F. Balenie obsahuje stru\u010dn\u00fd n\u00e1vod, z\u00e1ru\u010dn\u00fd list a CR123 bat\u00e9riu.<\/p>\n<\/div>\n","protected":false},"excerpt":{"rendered":"<p>R\u00fdchle zameriavanie cie\u013ea, kompatibiln\u00e9 s no\u010dn\u00fdm viden\u00edm, so zv\u00fd\u0161enou r\u00fdchloodp\u00ednacou z\u00e1klad\u0148ou.<\/p>\n","protected":false},"featured_media":466379,"template":"","meta":{"_acf_changed":false},"product_brand":[],"product_cat":[13357,13348],"product_tag":[],"class_list":{"0":"post-525792","1":"product","2":"type-product","3":"status-publish","4":"has-post-thumbnail","6":"product_cat-kolimatory-na-pusky","7":"product_cat-mierenie","9":"first","10":"outofstock","11":"taxable","12":"shipping-taxable","13":"purchasable","14":"product-type-simple"},"acf":[],"_links":{"self":[{"href":"https:\/\/nbg.eu\/sk\/wp-json\/wp\/v2\/product\/525792","targetHints":{"allow":["GET"]}}],"collection":[{"href":"https:\/\/nbg.eu\/sk\/wp-json\/wp\/v2\/product"}],"about":[{"href":"https:\/\/nbg.eu\/sk\/wp-json\/wp\/v2\/types\/product"}],"wp:featuredmedia":[{"embeddable":true,"href":"https:\/\/nbg.eu\/sk\/wp-json\/wp\/v2\/media\/466379"}],"wp:attachment":[{"href":"https:\/\/nbg.eu\/sk\/wp-json\/wp\/v2\/media?parent=525792"}],"wp:term":[{"taxonomy":"product_brand","embeddable":true,"href":"https:\/\/nbg.eu\/sk\/wp-json\/wp\/v2\/product_brand?post=525792"},{"taxonomy":"product_cat","embeddable":true,"href":"https:\/\/nbg.eu\/sk\/wp-json\/wp\/v2\/product_cat?post=525792"},{"taxonomy":"product_tag","embeddable":true,"href":"https:\/\/nbg.eu\/sk\/wp-json\/wp\/v2\/product_tag?post=525792"}],"curies":[{"name":"wp","href":"https:\/\/api.w.org\/{rel}","templated":true}]}}