{"id":526333,"date":"2025-08-19T21:01:26","date_gmt":"2025-08-19T18:01:26","guid":{"rendered":"https:\/\/nbg.eu\/product\/ak-safety-lever-krebs-customs-enhanced-safety-mkvi\/"},"modified":"2026-01-21T11:34:11","modified_gmt":"2026-01-21T08:34:11","slug":"ak-safety-lever-krebs-customs-enhanced-safety-mkvi","status":"publish","type":"product","link":"https:\/\/nbg.eu\/sk\/produkt\/ak-safety-lever-krebs-customs-enhanced-safety-mkvi\/","title":{"rendered":"AK safety lever Krebs Customs Enhanced Safety (MKVI)"},"content":{"rendered":"<div class=\"product-description\">\n<h2>Krebs Custom Mk VI Vylep\u0161en\u00e1 poistka pre lisovan\u00e9 AK pu\u0161ky<\/h2>\n<p>Vylep\u0161en\u00e1 poistka Krebs Custom Mk VI je ur\u010den\u00e1 pre \u0161tandardn\u00e9 lisovan\u00e9 AK pu\u0161ky. T\u00e1to poistn\u00e1 p\u00e1ka pon\u00faka:<\/p>\n<ul>\n<li>100% vyroben\u00e9 v USA, jednodielna kon\u0161trukcia<\/li>\n<li>1mm 1050 oce\u013e, tepelne upraven\u00e1 na 50C Rockwell<\/li>\n<li>Zlep\u0161en\u00e1 ergon\u00f3mia a funk\u010dnos\u0165<\/li>\n<li>Jednoduch\u00e1 in\u0161tal\u00e1cia (pre VEPR 12 sa odpor\u00fa\u010da pu\u0161k\u00e1r)<\/li>\n<\/ul>\n<p>Pozn\u00e1mka: Nie je kompatibiln\u00e1 s po\u013esk\u00fdm Tantalom, Yugo pu\u0161kami alebo Century pu\u0161kami bez men\u0161\u00edch \u00faprav. Vyberte si medzi Mk VI a Mk VI-S pod\u013ea s\u00fa\u010dasnej polohy poistn\u00e9ho z\u00e1padku va\u0161ej pu\u0161ky. K dispoz\u00edcii aj pre konvertovan\u00e9 pu\u0161ky Saiga (AKM6S).<\/p>\n<\/div>\n","protected":false},"excerpt":{"rendered":"<p>Presne lisovan\u00e1 bezpe\u010dnostn\u00e1 p\u00e1ka AK pre \u0161tandardn\u00e9 lisovan\u00e9 puzdr\u00e1 z\u00e1veru.<\/p>\n","protected":false},"featured_media":467134,"template":"","meta":{"_acf_changed":false},"product_brand":[],"product_cat":[13335,13397,13358],"product_tag":[],"class_list":{"0":"post-526333","1":"product","2":"type-product","3":"status-publish","4":"has-post-thumbnail","6":"product_cat-ak-tuning","7":"product_cat-puska","8":"product_cat-rifle-tuning","10":"first","11":"instock","12":"taxable","13":"shipping-taxable","14":"purchasable","15":"product-type-simple"},"acf":[],"_links":{"self":[{"href":"https:\/\/nbg.eu\/sk\/wp-json\/wp\/v2\/product\/526333","targetHints":{"allow":["GET"]}}],"collection":[{"href":"https:\/\/nbg.eu\/sk\/wp-json\/wp\/v2\/product"}],"about":[{"href":"https:\/\/nbg.eu\/sk\/wp-json\/wp\/v2\/types\/product"}],"wp:featuredmedia":[{"embeddable":true,"href":"https:\/\/nbg.eu\/sk\/wp-json\/wp\/v2\/media\/467134"}],"wp:attachment":[{"href":"https:\/\/nbg.eu\/sk\/wp-json\/wp\/v2\/media?parent=526333"}],"wp:term":[{"taxonomy":"product_brand","embeddable":true,"href":"https:\/\/nbg.eu\/sk\/wp-json\/wp\/v2\/product_brand?post=526333"},{"taxonomy":"product_cat","embeddable":true,"href":"https:\/\/nbg.eu\/sk\/wp-json\/wp\/v2\/product_cat?post=526333"},{"taxonomy":"product_tag","embeddable":true,"href":"https:\/\/nbg.eu\/sk\/wp-json\/wp\/v2\/product_tag?post=526333"}],"curies":[{"name":"wp","href":"https:\/\/api.w.org\/{rel}","templated":true}]}}