{"id":526439,"date":"2025-08-20T17:48:48","date_gmt":"2025-08-20T14:48:48","guid":{"rendered":"https:\/\/nbg.eu\/product\/recoil-spring-ismi-15-lb-spring-for-glock-17-gl15\/"},"modified":"2026-01-21T11:39:14","modified_gmt":"2026-01-21T08:39:14","slug":"recoil-spring-ismi-15-lb-spring-for-glock-17-gl15","status":"publish","type":"product","link":"https:\/\/nbg.eu\/sk\/produkt\/recoil-spring-ismi-15-lb-spring-for-glock-17-gl15\/","title":{"rendered":"Recoil spring ISMI 15 lb. Spring for Glock 17 (GL15)"},"content":{"rendered":"<div class=\"product-description\">\n<h2>ISMI 15 lb. Ploch\u00e1 pru\u017eina sp\u00e4tn\u00e9ho r\u00e1zu pre Glock 17 (GL15)<\/h2>\n<p>ISMI pru\u017eina sp\u00e4tn\u00e9ho r\u00e1zu pre Glock 17. T\u00e1to 15 lb. ploch\u00e1 pru\u017eina je vyroben\u00e1 z chr\u00f3m-van\u00e1diovej zliatiny a je navrhnut\u00e1 pre vodiacu ty\u010d s priemerom .250&#8243; alebo menej.<\/p>\n<ul>\n<li>Navrhnut\u00e1 pomocou CAD a vyroben\u00e1 pod\u013ea leteck\u00fdch \u0161pecifik\u00e1ci\u00ed<\/li>\n<li>Tepelne spracovan\u00e1, tryskan\u00e1 a \u00faplne zbaven\u00e1 nap\u00e4tia<\/li>\n<li>Zabezpe\u010duje konzistentn\u00fa a spo\u013eahliv\u00fa funkciu<\/li>\n<li>Kompatibiln\u00e1 s Glock 17, 17L, 20, 21, 22, 24, 31, 35<\/li>\n<li>Vyroben\u00e9 v USA<\/li>\n<\/ul>\n<p>ISMI pru\u017eina sp\u00e4tn\u00e9ho r\u00e1zu pre Glock pre zlep\u0161en\u00fa spo\u013eahlivos\u0165 a v\u00fdkon na strelnici.<\/p>\n<\/div>\n","protected":false},"excerpt":{"rendered":"<p>Presn\u00e1 15lb ploch\u00e1 dr\u00f4ten\u00e1 vratn\u00e1 pru\u017eina pre Glock 17. Vyroben\u00e1 v USA, zlep\u0161uje v\u00fdkon.<\/p>\n","protected":false},"featured_media":470581,"template":"","meta":{"_acf_changed":false},"product_brand":[11416],"product_cat":[13347,13365],"product_tag":[],"class_list":{"0":"post-526439","1":"product","2":"type-product","3":"status-publish","4":"has-post-thumbnail","6":"product_brand-glock","7":"product_cat-kmr-diely","8":"product_cat-pruziny","10":"first","11":"outofstock","12":"taxable","13":"shipping-taxable","14":"purchasable","15":"product-type-simple"},"acf":[],"_links":{"self":[{"href":"https:\/\/nbg.eu\/sk\/wp-json\/wp\/v2\/product\/526439","targetHints":{"allow":["GET"]}}],"collection":[{"href":"https:\/\/nbg.eu\/sk\/wp-json\/wp\/v2\/product"}],"about":[{"href":"https:\/\/nbg.eu\/sk\/wp-json\/wp\/v2\/types\/product"}],"wp:featuredmedia":[{"embeddable":true,"href":"https:\/\/nbg.eu\/sk\/wp-json\/wp\/v2\/media\/470581"}],"wp:attachment":[{"href":"https:\/\/nbg.eu\/sk\/wp-json\/wp\/v2\/media?parent=526439"}],"wp:term":[{"taxonomy":"product_brand","embeddable":true,"href":"https:\/\/nbg.eu\/sk\/wp-json\/wp\/v2\/product_brand?post=526439"},{"taxonomy":"product_cat","embeddable":true,"href":"https:\/\/nbg.eu\/sk\/wp-json\/wp\/v2\/product_cat?post=526439"},{"taxonomy":"product_tag","embeddable":true,"href":"https:\/\/nbg.eu\/sk\/wp-json\/wp\/v2\/product_tag?post=526439"}],"curies":[{"name":"wp","href":"https:\/\/api.w.org\/{rel}","templated":true}]}}