{"id":527530,"date":"2025-09-02T20:13:23","date_gmt":"2025-09-02T17:13:23","guid":{"rendered":"https:\/\/nbg.eu\/product\/general-nano-protection-super-nano-grease-synthetic-761034\/"},"modified":"2026-01-21T11:44:39","modified_gmt":"2026-01-21T08:44:39","slug":"general-nano-protection-super-nano-grease-synthetic-761034","status":"publish","type":"product","link":"https:\/\/nbg.eu\/sk\/produkt\/general-nano-protection-super-nano-grease-synthetic-761034\/","title":{"rendered":"General Nano Protection &#8211; Super Nano Grease &#8211; Synthetic &#8211; 761034"},"content":{"rendered":"<h1>General Nano Protection &#8211; Super Nano Grease &#8211; Syntetick\u00fd &#8211; 761034<\/h1>\n<p>Syntetick\u00fd olej na zbrane. T\u00e1to 200ml f\u013ea\u0161a Super Nano Grease poskytuje ochranu a v\u00fdkon pre va\u0161u zbra\u0148.<\/p>\n<ul>\n<li>\u010cist\u00ed prach, karb\u00f3n a mastnotu<\/li>\n<li>Vytl\u00e1\u010da vlhkos\u0165 a chr\u00e1ni pred kor\u00f3ziou<\/li>\n<li>Zni\u017euje trenie a opotrebovanie r\u00f4znych materi\u00e1lov<\/li>\n<li>Predl\u017euje \u017eivotnos\u0165 zbrane<\/li>\n<li>Nano\u010dasticov\u00e1 technol\u00f3gia pre lep\u0161ie prenikanie<\/li>\n<li>Hydrof\u00f3bny povlak odpudzuje vodu<\/li>\n<li>Odoln\u00fd vo\u010di teplot\u00e1m od -60\u00b0C do +250\u00b0C<\/li>\n<li>Bezpe\u010dn\u00fd na pou\u017eitie na kove, dreve, farbe, gume a plaste<\/li>\n<\/ul>\n<p>Vhodn\u00fd na pou\u017eitie na opern\u00fdch ty\u010diach, hlav\u0148ov\u00fdch komor\u00e1ch, va\u010dkov\u00fdch \u010dapoch a in\u00fdch pohybliv\u00fdch \u010dastiach.<\/p>\n","protected":false},"excerpt":{"rendered":"<p>Pokro\u010dil\u00fd nano olej na zbrane: \u010dist\u00ed, ma\u017ee a chr\u00e1ni streln\u00e9 zbrane.<\/p>\n","protected":false},"featured_media":490528,"template":"","meta":{"_acf_changed":false},"product_brand":[],"product_cat":[13413],"product_tag":[],"class_list":{"0":"post-527530","1":"product","2":"type-product","3":"status-publish","4":"has-post-thumbnail","6":"product_cat-nezaradene","8":"first","9":"instock","10":"taxable","11":"shipping-taxable","12":"purchasable","13":"product-type-simple"},"acf":[],"_links":{"self":[{"href":"https:\/\/nbg.eu\/sk\/wp-json\/wp\/v2\/product\/527530","targetHints":{"allow":["GET"]}}],"collection":[{"href":"https:\/\/nbg.eu\/sk\/wp-json\/wp\/v2\/product"}],"about":[{"href":"https:\/\/nbg.eu\/sk\/wp-json\/wp\/v2\/types\/product"}],"wp:featuredmedia":[{"embeddable":true,"href":"https:\/\/nbg.eu\/sk\/wp-json\/wp\/v2\/media\/490528"}],"wp:attachment":[{"href":"https:\/\/nbg.eu\/sk\/wp-json\/wp\/v2\/media?parent=527530"}],"wp:term":[{"taxonomy":"product_brand","embeddable":true,"href":"https:\/\/nbg.eu\/sk\/wp-json\/wp\/v2\/product_brand?post=527530"},{"taxonomy":"product_cat","embeddable":true,"href":"https:\/\/nbg.eu\/sk\/wp-json\/wp\/v2\/product_cat?post=527530"},{"taxonomy":"product_tag","embeddable":true,"href":"https:\/\/nbg.eu\/sk\/wp-json\/wp\/v2\/product_tag?post=527530"}],"curies":[{"name":"wp","href":"https:\/\/api.w.org\/{rel}","templated":true}]}}