{"id":533145,"date":"2025-09-04T18:25:08","date_gmt":"2025-09-04T15:25:08","guid":{"rendered":"https:\/\/nbg.eu\/product\/ftcs-gas-tube-cover-round-holes-ak-cerakote-black-nr-31\/"},"modified":"2026-01-21T12:17:32","modified_gmt":"2026-01-21T09:17:32","slug":"ftcs-kryt-plynovej-trubice-okruhle-otvory-ak-cerakote-cierny-c-31","status":"publish","type":"product","link":"https:\/\/nbg.eu\/sk\/produkt\/ftcs-kryt-plynovej-trubice-okruhle-otvory-ak-cerakote-cierny-c-31\/","title":{"rendered":"FTCS &#8211; Kryt plynovej trubice &#8211; Okr\u00fahle otvory &#8211; AK &#8211; Cerakote &#8211; \u010cierny &#8211; \u010c. 31"},"content":{"rendered":"<div class=\"product-description\">\n<h2>FTCS Kryt plynovej trubice &#8211; Okr\u00fahle otvory &#8211; AK &#8211; Cerakote \u010cierny &#8211; \u010c. 31<\/h2>\n<p>Kryt plynovej trubice pre karab\u00edny rodiny AK od FTCS. Vyroben\u00fd z nehrdzavej\u00facej ocele s povrchovou \u00fapravou Cerakote.<\/p>\n<ul>\n<li>Presne prisp\u00f4soben\u00fd na in\u0161tal\u00e1ciu<\/li>\n<li>Vn\u00fatorn\u00e1 vzpera pre lep\u0161iu pevnos\u0165<\/li>\n<li>Okr\u00fahle v\u00fdrezy pre odvod tepla<\/li>\n<li>Povrchov\u00e1 \u00faprava Cerakote v \u010diernej farbe Black Graphite H-146<\/li>\n<li>Kompatibiln\u00fd s predpa\u017ebiami FTCS \u010d. 1-6<\/li>\n<li>Rozmery: 110 x 35 mm<\/li>\n<li>Hmotnos\u0165: 54 g<\/li>\n<\/ul>\n<p>Kryt plynovej trubice pre AK. Vhodn\u00fd pre pou\u017e\u00edvate\u013eov, ktor\u00ed po\u017eaduj\u00fa funk\u010dnos\u0165 aj estetiku.<\/p>\n<\/div>\n","protected":false},"excerpt":{"rendered":"<p>Kryt plynovej trubice pre AK, s okr\u00fahlymi otvormi, \u010dierny Cerakote povrch, z nehrdzavej\u00facej ocele<\/p>\n","protected":false},"featured_media":494136,"template":"","meta":{"_acf_changed":false},"product_brand":[11321],"product_cat":[13335,13399,13397,13358],"product_tag":[],"class_list":{"0":"post-533145","1":"product","2":"type-product","3":"status-publish","4":"has-post-thumbnail","6":"product_brand-ftcs","7":"product_cat-ak-tuning","8":"product_cat-plynove-trubice","9":"product_cat-puska","10":"product_cat-rifle-tuning","12":"first","13":"outofstock","14":"taxable","15":"shipping-taxable","16":"purchasable","17":"product-type-simple"},"acf":[],"_links":{"self":[{"href":"https:\/\/nbg.eu\/sk\/wp-json\/wp\/v2\/product\/533145","targetHints":{"allow":["GET"]}}],"collection":[{"href":"https:\/\/nbg.eu\/sk\/wp-json\/wp\/v2\/product"}],"about":[{"href":"https:\/\/nbg.eu\/sk\/wp-json\/wp\/v2\/types\/product"}],"wp:featuredmedia":[{"embeddable":true,"href":"https:\/\/nbg.eu\/sk\/wp-json\/wp\/v2\/media\/494136"}],"wp:attachment":[{"href":"https:\/\/nbg.eu\/sk\/wp-json\/wp\/v2\/media?parent=533145"}],"wp:term":[{"taxonomy":"product_brand","embeddable":true,"href":"https:\/\/nbg.eu\/sk\/wp-json\/wp\/v2\/product_brand?post=533145"},{"taxonomy":"product_cat","embeddable":true,"href":"https:\/\/nbg.eu\/sk\/wp-json\/wp\/v2\/product_cat?post=533145"},{"taxonomy":"product_tag","embeddable":true,"href":"https:\/\/nbg.eu\/sk\/wp-json\/wp\/v2\/product_tag?post=533145"}],"curies":[{"name":"wp","href":"https:\/\/api.w.org\/{rel}","templated":true}]}}