{"id":533993,"date":"2025-09-04T18:48:31","date_gmt":"2025-09-04T15:48:31","guid":{"rendered":"https:\/\/nbg.eu\/product\/ftcs-buttstock-mounting-adapter-picatinny-for-saiga-cerakote-h-146-nr-28\/"},"modified":"2026-01-21T11:40:09","modified_gmt":"2026-01-21T08:40:09","slug":"ftcs-buttstock-mounting-adapter-picatinny-for-saiga-cerakote-h-146-nr-28","status":"publish","type":"product","link":"https:\/\/nbg.eu\/sk\/produkt\/ftcs-buttstock-mounting-adapter-picatinny-for-saiga-cerakote-h-146-nr-28\/","title":{"rendered":"FTCS &#8211; Buttstock Mounting Adapter Picatinny for Saiga &#8211; Cerakote &#8211; H-146 &#8211; Nr. 28"},"content":{"rendered":"<div class=\"product-description\">\n<h2>FTCS &#8211; Adapt\u00e9r na mont\u00e1\u017e pa\u017eby Picatinny pre Saiga &#8211; Cerakote H-146<\/h2>\n<p>Adapt\u00e9r na mont\u00e1\u017e pa\u017eby pre Saigu alebo podobn\u00e9 platformy. Vyroben\u00fd z hlin\u00edka s povrchovou \u00fapravou Cerakote H-146 v \u010diernej farbe.<\/p>\n<ul>\n<li>Kompatibiln\u00fd so Saigou a pr\u00edbuzn\u00fdmi platformami<\/li>\n<li>Umo\u017e\u0148uje mont\u00e1\u017e pa\u017eieb alebo stabiliz\u00e1torov kompatibiln\u00fdch s Picatinny<\/li>\n<li>Nevy\u017eaduje dodato\u010dn\u00e9 s\u00fa\u010diastky na in\u0161tal\u00e1ciu<\/li>\n<li>Vygrav\u00edrovan\u00e9 logo v\u00fdrobcu<\/li>\n<li>Rozmery: 35 x 31 x 30 mm<\/li>\n<li>Hmotnos\u0165: 49 g<\/li>\n<\/ul>\n<p>Vhodn\u00fd na pou\u017eitie s pa\u017ebami Strike Industries ako SI-FSA-DUAL, SI-FSA-DUAL-STOCK alebo SI-FSA-DUAL-STAB.<\/p>\n<\/div>\n","protected":false},"excerpt":{"rendered":"<p>Adapt\u00e9r pa\u017eby pre Saigu. Picatinny li\u0161ta. Cerakote H-146. FTCS \u010d. 28.<\/p>\n","protected":false},"featured_media":494456,"template":"","meta":{"_acf_changed":false},"product_brand":[],"product_cat":[13335,13397,13358],"product_tag":[],"class_list":{"0":"post-533993","1":"product","2":"type-product","3":"status-publish","4":"has-post-thumbnail","6":"product_cat-ak-tuning","7":"product_cat-puska","8":"product_cat-rifle-tuning","10":"first","11":"instock","12":"taxable","13":"shipping-taxable","14":"purchasable","15":"product-type-simple"},"acf":[],"_links":{"self":[{"href":"https:\/\/nbg.eu\/sk\/wp-json\/wp\/v2\/product\/533993","targetHints":{"allow":["GET"]}}],"collection":[{"href":"https:\/\/nbg.eu\/sk\/wp-json\/wp\/v2\/product"}],"about":[{"href":"https:\/\/nbg.eu\/sk\/wp-json\/wp\/v2\/types\/product"}],"wp:featuredmedia":[{"embeddable":true,"href":"https:\/\/nbg.eu\/sk\/wp-json\/wp\/v2\/media\/494456"}],"wp:attachment":[{"href":"https:\/\/nbg.eu\/sk\/wp-json\/wp\/v2\/media?parent=533993"}],"wp:term":[{"taxonomy":"product_brand","embeddable":true,"href":"https:\/\/nbg.eu\/sk\/wp-json\/wp\/v2\/product_brand?post=533993"},{"taxonomy":"product_cat","embeddable":true,"href":"https:\/\/nbg.eu\/sk\/wp-json\/wp\/v2\/product_cat?post=533993"},{"taxonomy":"product_tag","embeddable":true,"href":"https:\/\/nbg.eu\/sk\/wp-json\/wp\/v2\/product_tag?post=533993"}],"curies":[{"name":"wp","href":"https:\/\/api.w.org\/{rel}","templated":true}]}}