{"id":534218,"date":"2025-09-04T18:48:38","date_gmt":"2025-09-04T15:48:38","guid":{"rendered":"https:\/\/nbg.eu\/product\/garmin-fenix-8-51mm-gps-smartwatch-black-saph-solar-crbngry-ti-blk-blksportlpbnd-emea\/"},"modified":"2026-01-21T11:55:30","modified_gmt":"2026-01-21T08:55:30","slug":"garmin-fenix-8-51mm-gps-smartwatch-black-saph-solar-crbngry-ti-blk-blksportlpbnd-emea","status":"publish","type":"product","link":"https:\/\/nbg.eu\/sk\/produkt\/garmin-fenix-8-51mm-gps-smartwatch-black-saph-solar-crbngry-ti-blk-blksportlpbnd-emea\/","title":{"rendered":"Garmin Fenix 8 51mm GPS smartwatch, black Saph Solar, CrbnGry Ti\/Blk, BlkSportLpBnd, EMEA"},"content":{"rendered":"<p>    <title>Garmin Fenix 8 51mm GPS inteligentn\u00e9 hodinky<\/title><\/p>\n<h1>Garmin Fenix 8 51mm GPS inteligentn\u00e9 hodinky<\/h1>\n<h2>\u010cierny zaf\u00edrov\u00fd sol\u00e1rny, uhl\u00edkovo \u0161ed\u00fd tit\u00e1n\/\u010dierny, \u010dierny \u0161portov\u00fd remienok, EMEA<\/h2>\n<p>Garmin Fenix 8 je 51mm multi\u0161portov\u00e9 GPS inteligentn\u00e9 hodinky pre \u0161portovcov a dobrodruhov. S\u00fa navrhnut\u00e9 pre v\u00e4\u010d\u0161ie z\u00e1p\u00e4stia.<\/p>\n<h3>K\u013e\u00fa\u010dov\u00e9 vlastnosti:<\/h3>\n<ul>\n<li>Power Sapphire\u2122 sol\u00e1rne nab\u00edjanie pre dlh\u0161iu v\u00fddr\u017e bat\u00e9rie<\/li>\n<li>A\u017e 48 dn\u00ed v\u00fddr\u017ee bat\u00e9rie v re\u017eime inteligentn\u00fdch hodiniek<\/li>\n<li>Vstavan\u00fd reproduktor a mikrof\u00f3n<\/li>\n<li>LED baterka<\/li>\n<li>Funkcie pre silov\u00fd tr\u00e9ning<\/li>\n<li>Monitorovanie zdravia a wellness 24\/7<\/li>\n<li>Vodotesnos\u0165 do 40 metrov<\/li>\n<\/ul>\n<h3>Technol\u00f3gia:<\/h3>\n<p>Fenix 8 vyu\u017e\u00edva technol\u00f3giu SatIQ\u2122 pre presnos\u0165 GPS. Obsahuje ABC senzory (v\u00fd\u0161komer, barometer a kompas) pre navig\u00e1ciu.<\/p>\n<h3>Sledovanie aktiv\u00edt:<\/h3>\n<p>Hodinky pon\u00fakaj\u00fa profily pre r\u00f4zne \u0161porty a aktivity vr\u00e1tane surfingu, horskej cyklistiky a turistiky. Sleduj\u00fa HIIT tr\u00e9ningy a ly\u017eovanie v ter\u00e9ne.<\/p>\n<h3>Monitorovanie zdravia:<\/h3>\n<p>Funkcie zah\u0155\u0148aj\u00fa:<\/p>\n<ul>\n<li>Rann\u00e9 hl\u00e1senie o zdrav\u00ed<\/li>\n<li>Sledovanie HRV<\/li>\n<li>Garmin ECG aplik\u00e1cia<\/li>\n<li>Sledovanie sp\u00e1nku<\/li>\n<li>Monitorovanie energie Body Battery\u2122<\/li>\n<li>Sledovanie stresu a Health Snapshot\u2122<\/li>\n<\/ul>\n<h3>Inteligentn\u00e9 funkcie:<\/h3>\n<p>Zah\u0155\u0148aj\u00fa:<\/p>\n<ul>\n<li>Aplik\u00e1cie Garmin Connect a Garmin Messenger\u2122<\/li>\n<li>Upozornenia na hovory, spr\u00e1vy a notifik\u00e1cie<\/li>\n<li>Ukladanie a prehr\u00e1vanie hudby<\/li>\n<li>Garmin Pay\u2122 pre bezkontaktn\u00e9 platby<\/li>\n<li>Bezpe\u010dnostn\u00e9 funkcie<\/li>\n<\/ul>\n<h3>Prisp\u00f4sobenie a spr\u00e1va energie:<\/h3>\n<p>Prisp\u00f4sobenie pomocou Connect IQ\u2122 obchodu. Funkcia Power Manager optimalizuje vyu\u017eitie bat\u00e9rie.<\/p>\n<p>Garmin Fenix 8 51mm GPS inteligentn\u00e9 hodinky s\u00fa vhodn\u00e9 pre horsk\u00e9 t\u00fary, pot\u00e1panie a cvi\u010denie v posil\u0148ovni.<\/p>\n","protected":false},"excerpt":{"rendered":"<p>Garmin Fenix 8 51mm: Pr\u00e9miov\u00e9 GPS inteligentn\u00e9 hodinky so sol\u00e1rnym nab\u00edjan\u00edm, hlasov\u00fdmi funkciami, LED baterkou a 48-d\u0148ovou v\u00fddr\u017eou bat\u00e9rie.<\/p>\n","protected":false},"featured_media":494813,"template":"","meta":{"_acf_changed":false},"product_brand":[],"product_cat":[13382,13387],"product_tag":[],"class_list":{"0":"post-534218","1":"product","2":"type-product","3":"status-publish","4":"has-post-thumbnail","6":"product_cat-edc","7":"product_cat-hodinky","9":"first","10":"outofstock","11":"taxable","12":"shipping-taxable","13":"purchasable","14":"product-type-simple"},"acf":[],"_links":{"self":[{"href":"https:\/\/nbg.eu\/sk\/wp-json\/wp\/v2\/product\/534218","targetHints":{"allow":["GET"]}}],"collection":[{"href":"https:\/\/nbg.eu\/sk\/wp-json\/wp\/v2\/product"}],"about":[{"href":"https:\/\/nbg.eu\/sk\/wp-json\/wp\/v2\/types\/product"}],"wp:featuredmedia":[{"embeddable":true,"href":"https:\/\/nbg.eu\/sk\/wp-json\/wp\/v2\/media\/494813"}],"wp:attachment":[{"href":"https:\/\/nbg.eu\/sk\/wp-json\/wp\/v2\/media?parent=534218"}],"wp:term":[{"taxonomy":"product_brand","embeddable":true,"href":"https:\/\/nbg.eu\/sk\/wp-json\/wp\/v2\/product_brand?post=534218"},{"taxonomy":"product_cat","embeddable":true,"href":"https:\/\/nbg.eu\/sk\/wp-json\/wp\/v2\/product_cat?post=534218"},{"taxonomy":"product_tag","embeddable":true,"href":"https:\/\/nbg.eu\/sk\/wp-json\/wp\/v2\/product_tag?post=534218"}],"curies":[{"name":"wp","href":"https:\/\/api.w.org\/{rel}","templated":true}]}}