{"id":534538,"date":"2025-09-04T20:13:16","date_gmt":"2025-09-04T17:13:16","guid":{"rendered":"https:\/\/nbg.eu\/product\/ismi-17-lb-pruzhina-za-glock-17-gl17\/"},"modified":"2026-02-27T15:51:50","modified_gmt":"2026-02-27T12:51:50","slug":"ismi-17-lb-pruzhina-za-glock-17-gl17","status":"publish","type":"product","link":"https:\/\/nbg.eu\/sk\/produkt\/ismi-17-lb-pruzhina-za-glock-17-gl17\/","title":{"rendered":"ISMI 17 lb. \u041f\u0440\u0443\u0436\u0438\u043d\u0430 \u0437\u0430 Glock 17 (GL17)"},"content":{"rendered":"<div class=\"product-description\">\n<h2>ISMI 17 lb. Pru\u017eina pre Glock 17 (GL17)<\/h2>\n<p>T\u00e1to 17 lb vratn\u00e1 pru\u017eina je ur\u010den\u00e1 pre Glock 17. Vyroben\u00e1 v USA pod\u013ea leteck\u00fdch \u0161pecifik\u00e1ci\u00ed, t\u00e1to pru\u017eina pon\u00faka:<\/p>\n<ul>\n<li>CAD dizajn pre presn\u00e9 osadenie<\/li>\n<li>Kon\u0161trukcia z chr\u00f3m-krem\u00edkovej, nehrdzavej\u00facej ocele alebo chr\u00f3m-van\u00e1diovej ocele<\/li>\n<li>Tepelne spracovan\u00e1, guli\u010dkovan\u00e1 a od\u013eah\u010den\u00e1 pre odolnos\u0165<\/li>\n<li>Ploch\u00fd dr\u00f4ten\u00fd dizajn pre plynul\u00fa funkciu<\/li>\n<li>Vhodn\u00e1 pre tov\u00e1rensk\u00e9 vodiace ty\u010dky (0,250&#8243; alebo menej)<\/li>\n<li>Kompatibiln\u00e1 s Glock 17, 17L, 20, 21, 22, 24, 31, 35<\/li>\n<\/ul>\n<p>T\u00e1to pru\u017eina odoln\u00e1 vo\u010di kor\u00f3zii je navrhnut\u00e1 pre potreby Glock 17.<\/p>\n<\/div>\n","protected":false},"excerpt":{"rendered":"<p>17 lb vratn\u00e1 pru\u017eina pre Glock 17. Vyroben\u00e1 v USA, odoln\u00e1, spo\u013eahliv\u00e1.<\/p>\n","protected":false},"featured_media":495357,"template":"","meta":{"_acf_changed":false},"product_brand":[],"product_cat":[13343,13365],"product_tag":[],"class_list":{"0":"post-534538","1":"product","2":"type-product","3":"status-publish","4":"has-post-thumbnail","6":"product_cat-diely-na-pistole","7":"product_cat-pruziny","9":"first","10":"outofstock","11":"taxable","12":"shipping-taxable","13":"purchasable","14":"product-type-simple"},"acf":[],"_links":{"self":[{"href":"https:\/\/nbg.eu\/sk\/wp-json\/wp\/v2\/product\/534538","targetHints":{"allow":["GET"]}}],"collection":[{"href":"https:\/\/nbg.eu\/sk\/wp-json\/wp\/v2\/product"}],"about":[{"href":"https:\/\/nbg.eu\/sk\/wp-json\/wp\/v2\/types\/product"}],"wp:featuredmedia":[{"embeddable":true,"href":"https:\/\/nbg.eu\/sk\/wp-json\/wp\/v2\/media\/495357"}],"wp:attachment":[{"href":"https:\/\/nbg.eu\/sk\/wp-json\/wp\/v2\/media?parent=534538"}],"wp:term":[{"taxonomy":"product_brand","embeddable":true,"href":"https:\/\/nbg.eu\/sk\/wp-json\/wp\/v2\/product_brand?post=534538"},{"taxonomy":"product_cat","embeddable":true,"href":"https:\/\/nbg.eu\/sk\/wp-json\/wp\/v2\/product_cat?post=534538"},{"taxonomy":"product_tag","embeddable":true,"href":"https:\/\/nbg.eu\/sk\/wp-json\/wp\/v2\/product_tag?post=534538"}],"curies":[{"name":"wp","href":"https:\/\/api.w.org\/{rel}","templated":true}]}}