{"id":535210,"date":"2025-09-04T23:53:22","date_gmt":"2025-09-04T20:53:22","guid":{"rendered":"https:\/\/nbg.eu\/product\/law-tactical-llc-armorers-flange-tool-2019aft\/"},"modified":"2026-01-21T11:58:40","modified_gmt":"2026-01-21T08:58:40","slug":"law-tactical-llc-armorers-flange-tool-2019aft","status":"publish","type":"product","link":"https:\/\/nbg.eu\/sk\/produkt\/law-tactical-llc-armorers-flange-tool-2019aft\/","title":{"rendered":"LAW TACTICAL LLC Armorer&#8217;s Flange Tool (2019AFT)"},"content":{"rendered":"<div class=\"product-description\">\n<h2>LAW TACTICAL LLC N\u00e1strojov\u00e1 pr\u00edruba pre zbroj\u00e1rov (2019AFT)<\/h2>\n<p>N\u00e1stroj na \u00fadr\u017ebu skladacieho adapt\u00e9ra pa\u017eby Law Tactical. Tento opakovane pou\u017eite\u013en\u00fd n\u00e1stroj na in\u0161tal\u00e1ciu a odstr\u00e1nenie pr\u00edruby je vyroben\u00fd z tepelne upravenej uhl\u00edkovej ocele pre pevnos\u0165 a odolnos\u0165.<\/p>\n<ul>\n<li>Vyroben\u00fd z pln\u00e9ho kusu tepelne upravenej uhl\u00edkovej ocele<\/li>\n<li>Navrhnut\u00fd pre dlhodob\u00fa spo\u013eahlivos\u0165 a \u017eivotnos\u0165<\/li>\n<li>M\u00e1 3\/8&#8243; \u0161tvorcov\u00fd pohon pre kompatibilitu s momentov\u00fdm k\u013e\u00fa\u010dom<\/li>\n<li>Individu\u00e1lne kontrolovan\u00fd pre zaistenie kvality<\/li>\n<li>Potiahnut\u00fd \u010diernym Melonitom pre zv\u00fd\u0161en\u00fa ochranu<\/li>\n<\/ul>\n<p>N\u00e1stroj pre zbroj\u00e1rov vhodn\u00fd pre nad\u0161encov aj profesion\u00e1lov.<\/p>\n<\/div>\n","protected":false},"excerpt":{"rendered":"<p>Odoln\u00fd oce\u013eov\u00fd n\u00e1stroj pre pr\u00edruby adapt\u00e9ra skladacej pa\u017eby Law Tactical.<\/p>\n","protected":false},"featured_media":495832,"template":"","meta":{"_acf_changed":false},"product_brand":[14387],"product_cat":[13413],"product_tag":[],"class_list":{"0":"post-535210","1":"product","2":"type-product","3":"status-publish","4":"has-post-thumbnail","6":"product_brand-law-tactical-llc","7":"product_cat-nezaradene","9":"first","10":"outofstock","11":"taxable","12":"shipping-taxable","13":"purchasable","14":"product-type-simple"},"acf":[],"_links":{"self":[{"href":"https:\/\/nbg.eu\/sk\/wp-json\/wp\/v2\/product\/535210","targetHints":{"allow":["GET"]}}],"collection":[{"href":"https:\/\/nbg.eu\/sk\/wp-json\/wp\/v2\/product"}],"about":[{"href":"https:\/\/nbg.eu\/sk\/wp-json\/wp\/v2\/types\/product"}],"wp:featuredmedia":[{"embeddable":true,"href":"https:\/\/nbg.eu\/sk\/wp-json\/wp\/v2\/media\/495832"}],"wp:attachment":[{"href":"https:\/\/nbg.eu\/sk\/wp-json\/wp\/v2\/media?parent=535210"}],"wp:term":[{"taxonomy":"product_brand","embeddable":true,"href":"https:\/\/nbg.eu\/sk\/wp-json\/wp\/v2\/product_brand?post=535210"},{"taxonomy":"product_cat","embeddable":true,"href":"https:\/\/nbg.eu\/sk\/wp-json\/wp\/v2\/product_cat?post=535210"},{"taxonomy":"product_tag","embeddable":true,"href":"https:\/\/nbg.eu\/sk\/wp-json\/wp\/v2\/product_tag?post=535210"}],"curies":[{"name":"wp","href":"https:\/\/api.w.org\/{rel}","templated":true}]}}