{"id":535532,"date":"2025-09-05T00:00:24","date_gmt":"2025-09-04T21:00:24","guid":{"rendered":"https:\/\/nbg.eu\/product\/rh-504-2-screws-iwb\/"},"modified":"2026-01-21T11:34:53","modified_gmt":"2026-01-21T08:34:53","slug":"rh-504-2-screws-iwb","status":"publish","type":"product","link":"https:\/\/nbg.eu\/sk\/produkt\/rh-504-2-screws-iwb\/","title":{"rendered":"RH 504-2 Screws IWB"},"content":{"rendered":"<h1>RH 504-2 Skrutky IWB &#8211; N\u00e1hradn\u00e1 sada pre IWB puzdr\u00e1<\/h1>\n<p>RH 504-2 Skrutky IWB n\u00e1hradn\u00e1 sada je ur\u010den\u00e1 pre na\u0161e Black Trident IWB puzdr\u00e1, zabezpe\u010duj\u00fac presn\u00e9 uchytenie a spo\u013eahliv\u00fa funk\u010dnos\u0165.<\/p>\n<h2>Obsah sady:<\/h2>\n<ul>\n<li>4 x 9mm skrutky s obj\u00edmkami a rozpierkami<\/li>\n<li>4 x 3mm rozpierky<\/li>\n<li>4 x 6mm skrutky<\/li>\n<li>4 x 4.7mm obj\u00edmky<\/li>\n<\/ul>\n<p>Kompatibiln\u00e9 s modelmi puzdier Viking, Quasimodo a Guardian.<\/p>\n<p><strong>Odpor\u00fa\u010danie:<\/strong> Pre maxim\u00e1lnu bezpe\u010dnos\u0165 odpor\u00fa\u010dame pou\u017ei\u0165 lepidlo na skrutky (pred\u00e1va sa samostatne) na pevn\u00e9 uchytenie v\u00e1\u0161ho vybavenia.<\/p>\n<p>Objednajte si va\u0161u sadu RH 504-2 Skrutky IWB a udr\u017eujte va\u0161e puzdro v dobrom stave.<\/p>\n","protected":false},"excerpt":{"rendered":"<p>N\u00e1hradn\u00e1 sada skrutiek pre IWB puzdr\u00e1 Black Trident. Obsahuje 16 kusov.<\/p>\n","protected":false},"featured_media":0,"template":"","meta":{"_acf_changed":false},"product_brand":[11638],"product_cat":[13378],"product_tag":[],"class_list":{"0":"post-535532","1":"product","2":"type-product","3":"status-publish","5":"product_brand-rh-holsters","6":"product_cat-prislusenstvo-k-puzdram","8":"first","9":"instock","10":"taxable","11":"shipping-taxable","12":"purchasable","13":"product-type-simple"},"acf":[],"_links":{"self":[{"href":"https:\/\/nbg.eu\/sk\/wp-json\/wp\/v2\/product\/535532","targetHints":{"allow":["GET"]}}],"collection":[{"href":"https:\/\/nbg.eu\/sk\/wp-json\/wp\/v2\/product"}],"about":[{"href":"https:\/\/nbg.eu\/sk\/wp-json\/wp\/v2\/types\/product"}],"wp:attachment":[{"href":"https:\/\/nbg.eu\/sk\/wp-json\/wp\/v2\/media?parent=535532"}],"wp:term":[{"taxonomy":"product_brand","embeddable":true,"href":"https:\/\/nbg.eu\/sk\/wp-json\/wp\/v2\/product_brand?post=535532"},{"taxonomy":"product_cat","embeddable":true,"href":"https:\/\/nbg.eu\/sk\/wp-json\/wp\/v2\/product_cat?post=535532"},{"taxonomy":"product_tag","embeddable":true,"href":"https:\/\/nbg.eu\/sk\/wp-json\/wp\/v2\/product_tag?post=535532"}],"curies":[{"name":"wp","href":"https:\/\/api.w.org\/{rel}","templated":true}]}}