{"id":535959,"date":"2025-09-05T00:03:25","date_gmt":"2025-09-04T21:03:25","guid":{"rendered":"https:\/\/nbg.eu\/product\/utg-pro-monolithic-m-lok-handguard-for-mp5k\/"},"modified":"2026-01-21T12:27:14","modified_gmt":"2026-01-21T09:27:14","slug":"utg-pro-monolithic-m-lok-handguard-for-mp5k","status":"publish","type":"product","link":"https:\/\/nbg.eu\/sk\/produkt\/utg-pro-monolithic-m-lok-handguard-for-mp5k\/","title":{"rendered":"UTG PRO?\u00ae MONOLITHIC M-LOK\u00ae HANDGUARD FOR MP5K"},"content":{"rendered":"<div class=\"product-description\">\n<h2>UTG PRO\u00ae Monolitick\u00e9 M-LOK\u00ae Predpa\u017ebie pre MP5K<\/h2>\n<p>UTG PRO\u00ae Monolitick\u00e9 M-LOK\u00ae Predpa\u017ebie pre MP5K pon\u00faka:<\/p>\n<ul>\n<li>Hlin\u00edkov\u00e1 kon\u0161trukcia pre n\u00edzku hmotnos\u0165 a pevnos\u0165<\/li>\n<li>M-LOK\u00ae kompatibiln\u00e9 sloty pre mont\u00e1\u017e pr\u00edslu\u0161enstva<\/li>\n<li>N\u00edzky profil pre lep\u0161iu ergon\u00f3miu<\/li>\n<li>Jednoduch\u00e1 in\u0161tal\u00e1cia bez potreby \u00faprav zbrane<\/li>\n<li>Zlep\u0161en\u00fd odvod tepla pri dlh\u0161om pou\u017e\u00edvan\u00ed<\/li>\n<li>Vyroben\u00e9 v USA s do\u017eivotnou z\u00e1rukou<\/li>\n<\/ul>\n<p>UTG PRO\u00ae Monolitick\u00e9 M-LOK\u00ae Predpa\u017ebie je vhodn\u00e9 pre pr\u00edslu\u0161n\u00edkov bezpe\u010dnostn\u00fdch zlo\u017eiek, \u0161portov\u00fdch strelcov a z\u00e1ujemcov o streln\u00e9 zbrane.<\/p>\n<\/div>\n","protected":false},"excerpt":{"rendered":"<p>UTG PRO M-LOK predpa\u017ebie: Elegantn\u00e1 a odoln\u00e1 moderniz\u00e1cia pre MP5K.<\/p>\n","protected":false},"featured_media":745253,"template":"","meta":{"_acf_changed":false},"product_brand":[14404],"product_cat":[14809,13411,13397,13358],"product_tag":[],"class_list":{"0":"post-535959","1":"product","2":"type-product","3":"status-publish","4":"has-post-thumbnail","6":"product_brand-leapers-inc","7":"product_cat-chranice-predpazbi","8":"product_cat-listy","9":"product_cat-puska","10":"product_cat-rifle-tuning","12":"first","13":"instock","14":"taxable","15":"shipping-taxable","16":"purchasable","17":"product-type-simple"},"acf":[],"_links":{"self":[{"href":"https:\/\/nbg.eu\/sk\/wp-json\/wp\/v2\/product\/535959","targetHints":{"allow":["GET"]}}],"collection":[{"href":"https:\/\/nbg.eu\/sk\/wp-json\/wp\/v2\/product"}],"about":[{"href":"https:\/\/nbg.eu\/sk\/wp-json\/wp\/v2\/types\/product"}],"wp:featuredmedia":[{"embeddable":true,"href":"https:\/\/nbg.eu\/sk\/wp-json\/wp\/v2\/media\/745253"}],"wp:attachment":[{"href":"https:\/\/nbg.eu\/sk\/wp-json\/wp\/v2\/media?parent=535959"}],"wp:term":[{"taxonomy":"product_brand","embeddable":true,"href":"https:\/\/nbg.eu\/sk\/wp-json\/wp\/v2\/product_brand?post=535959"},{"taxonomy":"product_cat","embeddable":true,"href":"https:\/\/nbg.eu\/sk\/wp-json\/wp\/v2\/product_cat?post=535959"},{"taxonomy":"product_tag","embeddable":true,"href":"https:\/\/nbg.eu\/sk\/wp-json\/wp\/v2\/product_tag?post=535959"}],"curies":[{"name":"wp","href":"https:\/\/api.w.org\/{rel}","templated":true}]}}