{"id":536071,"date":"2025-09-05T00:03:25","date_gmt":"2025-09-04T21:03:25","guid":{"rendered":"https:\/\/nbg.eu\/product\/utg-pro-monolithic-m-lok-handguard-for-mp5-extended-length\/"},"modified":"2026-02-27T15:51:14","modified_gmt":"2026-02-27T12:51:14","slug":"utg-pro-monolithic-m-lok-handguard-for-mp5-extended-length","status":"publish","type":"product","link":"https:\/\/nbg.eu\/sk\/produkt\/utg-pro-monolithic-m-lok-handguard-for-mp5-extended-length\/","title":{"rendered":"UTG PRO\u00ae Monolithic M-LOK\u00ae Handguard, for MP5\u00ae, Extended Length"},"content":{"rendered":"<div class=\"product-description\">\n<h2>UTG PRO\u00ae Monolitick\u00e9 M-LOK\u00ae Predpa\u017ebie pre MP5\u00ae, Pred\u013a\u017een\u00e1 d\u013a\u017eka<\/h2>\n<p>Predpa\u017ebie UTG PRO\u00ae Monolitick\u00e9 M-LOK\u00ae pre MP5\u00ae pon\u00faka tieto vlastnosti:<\/p>\n<ul>\n<li>Hlin\u00edkov\u00e1 kon\u0161trukcia<\/li>\n<li>M-LOK\u00ae kompatibiln\u00e9 sloty pre mont\u00e1\u017e pr\u00edslu\u0161enstva<\/li>\n<li>Pred\u013a\u017een\u00e1 d\u013a\u017eka<\/li>\n<li>Monolitick\u00fd dizajn<\/li>\n<li>In\u0161tal\u00e1cia s dodan\u00fdm hardv\u00e9rom<\/li>\n<li>Vlastnosti rozpty\u013euj\u00face teplo<\/li>\n<\/ul>\n<p>Toto predpa\u017ebie je ur\u010den\u00e9 pre taktick\u00fdch nad\u0161encov a s\u00fa\u0165a\u017en\u00fdch strelcov. Umo\u017e\u0148uje prisp\u00f4sobenie MP5\u00ae.<\/p>\n<\/div>\n","protected":false},"excerpt":{"rendered":"<p>UTG PRO\u00ae Pred\u013a\u017een\u00fd M-LOK\u00ae Predpa\u017ebie pre MP5\u00ae: Odoln\u00e9, v\u0161estrann\u00e9, prec\u00edzne skon\u0161truovan\u00e9.<\/p>\n","protected":false},"featured_media":745421,"template":"","meta":{"_acf_changed":false},"product_brand":[14404],"product_cat":[14809,13411,13397,13358],"product_tag":[],"class_list":{"0":"post-536071","1":"product","2":"type-product","3":"status-publish","4":"has-post-thumbnail","6":"product_brand-leapers-inc","7":"product_cat-chranice-predpazbi","8":"product_cat-listy","9":"product_cat-puska","10":"product_cat-rifle-tuning","12":"first","13":"instock","14":"taxable","15":"shipping-taxable","16":"purchasable","17":"product-type-simple"},"acf":[],"_links":{"self":[{"href":"https:\/\/nbg.eu\/sk\/wp-json\/wp\/v2\/product\/536071","targetHints":{"allow":["GET"]}}],"collection":[{"href":"https:\/\/nbg.eu\/sk\/wp-json\/wp\/v2\/product"}],"about":[{"href":"https:\/\/nbg.eu\/sk\/wp-json\/wp\/v2\/types\/product"}],"wp:featuredmedia":[{"embeddable":true,"href":"https:\/\/nbg.eu\/sk\/wp-json\/wp\/v2\/media\/745421"}],"wp:attachment":[{"href":"https:\/\/nbg.eu\/sk\/wp-json\/wp\/v2\/media?parent=536071"}],"wp:term":[{"taxonomy":"product_brand","embeddable":true,"href":"https:\/\/nbg.eu\/sk\/wp-json\/wp\/v2\/product_brand?post=536071"},{"taxonomy":"product_cat","embeddable":true,"href":"https:\/\/nbg.eu\/sk\/wp-json\/wp\/v2\/product_cat?post=536071"},{"taxonomy":"product_tag","embeddable":true,"href":"https:\/\/nbg.eu\/sk\/wp-json\/wp\/v2\/product_tag?post=536071"}],"curies":[{"name":"wp","href":"https:\/\/api.w.org\/{rel}","templated":true}]}}