{"id":536287,"date":"2025-09-05T00:15:54","date_gmt":"2025-09-04T21:15:54","guid":{"rendered":"https:\/\/nbg.eu\/product\/dillon-aluminum-roller-handle\/"},"modified":"2026-01-21T11:59:38","modified_gmt":"2026-01-21T08:59:38","slug":"dillon-aluminum-roller-handle","status":"publish","type":"product","link":"https:\/\/nbg.eu\/sk\/produkt\/dillon-aluminum-roller-handle\/","title":{"rendered":"Dillon Aluminum Roller Handle"},"content":{"rendered":"<div class=\"product-description\">\n<h2>Hlin\u00edkov\u00e1 val\u010dekov\u00e1 rukov\u00e4\u0165 Dillon<\/h2>\n<p>Hlin\u00edkov\u00e1 val\u010dekov\u00e1 rukov\u00e4\u0165 Dillon Precision je ur\u010den\u00e1 na zv\u00fd\u0161enie pohodlia a efektivity po\u010das dlh\u00fdch rel\u00e1ci\u00ed preb\u00edjania.<\/p>\n<ul>\n<li>Kompatibiln\u00e1 s nab\u00edja\u010dkami RL550, XL750 a 650<\/li>\n<li>Zni\u017euje \u00fanavu obsluhy<\/li>\n<li>Zlep\u0161uje us\u00e1dzanie z\u00e1paliek<\/li>\n<li>Pevn\u00e1 a odoln\u00e1 hlin\u00edkov\u00e1 kon\u0161trukcia<\/li>\n<li>K dispoz\u00edcii v modrej farbe Dillon<\/li>\n<\/ul>\n<p>Toto pr\u00edslu\u0161enstvo zlep\u0161uje proces preb\u00edjania.<\/p>\n<\/div>\n","protected":false},"excerpt":{"rendered":"<p>Ergonomick\u00fd hlin\u00edkov\u00fd valcov\u00fd dr\u017eiak pre plynulej\u0161ie nab\u00edjanie. Vhodn\u00fd pre RL550\/XL750\/650.<\/p>\n","protected":false},"featured_media":496398,"template":"","meta":{"_acf_changed":false},"product_brand":[14344],"product_cat":[13383,13372],"product_tag":[],"class_list":{"0":"post-536287","1":"product","2":"type-product","3":"status-publish","4":"has-post-thumbnail","6":"product_brand-dillon-precision","7":"product_cat-prebitie-nabojov","8":"product_cat-prislusenstvo-na-nabijanie","10":"first","11":"outofstock","12":"taxable","13":"shipping-taxable","14":"purchasable","15":"product-type-simple"},"acf":[],"_links":{"self":[{"href":"https:\/\/nbg.eu\/sk\/wp-json\/wp\/v2\/product\/536287","targetHints":{"allow":["GET"]}}],"collection":[{"href":"https:\/\/nbg.eu\/sk\/wp-json\/wp\/v2\/product"}],"about":[{"href":"https:\/\/nbg.eu\/sk\/wp-json\/wp\/v2\/types\/product"}],"wp:featuredmedia":[{"embeddable":true,"href":"https:\/\/nbg.eu\/sk\/wp-json\/wp\/v2\/media\/496398"}],"wp:attachment":[{"href":"https:\/\/nbg.eu\/sk\/wp-json\/wp\/v2\/media?parent=536287"}],"wp:term":[{"taxonomy":"product_brand","embeddable":true,"href":"https:\/\/nbg.eu\/sk\/wp-json\/wp\/v2\/product_brand?post=536287"},{"taxonomy":"product_cat","embeddable":true,"href":"https:\/\/nbg.eu\/sk\/wp-json\/wp\/v2\/product_cat?post=536287"},{"taxonomy":"product_tag","embeddable":true,"href":"https:\/\/nbg.eu\/sk\/wp-json\/wp\/v2\/product_tag?post=536287"}],"curies":[{"name":"wp","href":"https:\/\/api.w.org\/{rel}","templated":true}]}}