{"id":536399,"date":"2025-09-05T00:16:15","date_gmt":"2025-09-04T21:16:15","guid":{"rendered":"https:\/\/nbg.eu\/product\/ar-15-a2-pistol-grip\/"},"modified":"2026-01-21T11:34:07","modified_gmt":"2026-01-21T08:34:07","slug":"ar-15-a2-pistol-grip","status":"publish","type":"product","link":"https:\/\/nbg.eu\/sk\/produkt\/ar-15-a2-pistol-grip\/","title":{"rendered":"AR-15 A2 PISTOL GRIP"},"content":{"rendered":"<h1>CZ Shadow 2 Orange &#8211; S\u00fa\u0165a\u017en\u00e1 pi\u0161to\u013e<\/h1>\n<p>CZ Shadow 2 Orange pon\u00faka:<\/p>\n<ul>\n<li>Tov\u00e1rensky osaden\u00e9 p\u00fazdro hlavne<\/li>\n<li>Upraven\u00e1 sp\u00fa\u0161\u0165 s kr\u00e1tkym resetom<\/li>\n<li>Ru\u010dne upraven\u00fd z\u00e1ver a r\u00e1m<\/li>\n<li>\u0160peci\u00e1lne rukov\u00e4te a pred\u013a\u017een\u00e9 uvo\u013enenie z\u00e1sobn\u00edka<\/li>\n<li>Nastavite\u013en\u00e9 tla\u010didlo uvo\u013enenia z\u00e1sobn\u00edka s tromi polohami<\/li>\n<li>Nitridov\u00e1 povrchov\u00e1 \u00faprava s dodato\u010dn\u00fdm polym\u00e9rov\u00fdm n\u00e1terom na r\u00e1me<\/li>\n<li>Tenk\u00e9 hlin\u00edkov\u00e9 rukov\u00e4te s text\u00farou<\/li>\n<li>Predn\u00e9 mieridlo s optick\u00fdm vl\u00e1knom a nastavite\u013en\u00e9 zadn\u00e9 mieridlo HAJO<\/li>\n<li>Obojstrann\u00e1 manu\u00e1lna poistka<\/li>\n<\/ul>\n<p>Kaliber 9mm Luger s kapacitou 17+1 n\u00e1bojov, oce\u013eov\u00fd r\u00e1m s hmotnos\u0165ou 1318 g, ur\u010den\u00e1 pre s\u00fa\u0165a\u017en\u00fdch strelcov.<\/p>\n","protected":false},"excerpt":{"rendered":"<p>Klasick\u00e1 rukov\u00e4\u0165 AR-15. Ergonomick\u00fd dizajn. Odoln\u00e1 polym\u00e9rov\u00e1 kon\u0161trukcia.<\/p>\n","protected":false},"featured_media":496421,"template":"","meta":{"_acf_changed":false},"product_brand":[],"product_cat":[13397,13358],"product_tag":[],"class_list":{"0":"post-536399","1":"product","2":"type-product","3":"status-publish","4":"has-post-thumbnail","6":"product_cat-puska","7":"product_cat-rifle-tuning","9":"first","10":"outofstock","11":"taxable","12":"shipping-taxable","13":"purchasable","14":"product-type-simple"},"acf":[],"_links":{"self":[{"href":"https:\/\/nbg.eu\/sk\/wp-json\/wp\/v2\/product\/536399","targetHints":{"allow":["GET"]}}],"collection":[{"href":"https:\/\/nbg.eu\/sk\/wp-json\/wp\/v2\/product"}],"about":[{"href":"https:\/\/nbg.eu\/sk\/wp-json\/wp\/v2\/types\/product"}],"wp:featuredmedia":[{"embeddable":true,"href":"https:\/\/nbg.eu\/sk\/wp-json\/wp\/v2\/media\/496421"}],"wp:attachment":[{"href":"https:\/\/nbg.eu\/sk\/wp-json\/wp\/v2\/media?parent=536399"}],"wp:term":[{"taxonomy":"product_brand","embeddable":true,"href":"https:\/\/nbg.eu\/sk\/wp-json\/wp\/v2\/product_brand?post=536399"},{"taxonomy":"product_cat","embeddable":true,"href":"https:\/\/nbg.eu\/sk\/wp-json\/wp\/v2\/product_cat?post=536399"},{"taxonomy":"product_tag","embeddable":true,"href":"https:\/\/nbg.eu\/sk\/wp-json\/wp\/v2\/product_tag?post=536399"}],"curies":[{"name":"wp","href":"https:\/\/api.w.org\/{rel}","templated":true}]}}