{"id":538113,"date":"2025-09-05T17:27:03","date_gmt":"2025-09-05T14:27:03","guid":{"rendered":"https:\/\/nbg.eu\/product\/colt-ar-15-stock-assy-collapsible-oem-blk\/"},"modified":"2026-01-21T11:34:53","modified_gmt":"2026-01-21T08:34:53","slug":"colt-ar-15-stock-assy-collapsible-oem-blk","status":"publish","type":"product","link":"https:\/\/nbg.eu\/sk\/produkt\/colt-ar-15-stock-assy-collapsible-oem-blk\/","title":{"rendered":"COLT AR-15 Stock Assy Collapsible OEM BLK"},"content":{"rendered":"<h1>COLT AR-15 Skladacia pa\u017eba OEM \u010cierna<\/h1>\n<p>COLT AR-15 Skladacia pa\u017eba OEM \u010cierna pon\u00faka:<\/p>\n<ul>\n<li>Kompatibilita s modelmi AR-15, M16 a AR-15\/M4<\/li>\n<li>Skladac\u00ed dizajn pre jednoduch\u00e9 skladovanie a prepravu<\/li>\n<li>Matn\u00e1 \u010dierna povrchov\u00e1 \u00faprava<\/li>\n<li>Odoln\u00e1 kompozitn\u00e1 kon\u0161trukcia<\/li>\n<li>OEM kvalita<\/li>\n<\/ul>\n<p>T\u00e1to pa\u017eba poskytuje v\u0161estrannos\u0165 a pohodlie. Umo\u017e\u0148uje nastavenie d\u013a\u017eky pod\u013ea preferenci\u00ed pou\u017e\u00edvate\u013ea.<\/p>\n<p>\u0160pecifik\u00e1cie:<\/p>\n<ul>\n<li>Hmotnos\u0165: 0,181 kg<\/li>\n<li>Rozmery: 157 mm x 130 mm x 28 mm<\/li>\n<li>Vyroben\u00e9 v USA<\/li>\n<li>Klasifik\u00e1cia v\u00fdvozu USA: 0A501.y.1<\/li>\n<\/ul>\n","protected":false},"excerpt":{"rendered":"<p>Skladacia pa\u017eba pre AR-15. Origin\u00e1lna \u010dierna, matn\u00e1 povrchov\u00e1 \u00faprava.<\/p>\n","protected":false},"featured_media":496989,"template":"","meta":{"_acf_changed":false},"product_brand":[],"product_cat":[13393,13358],"product_tag":[],"class_list":{"0":"post-538113","1":"product","2":"type-product","3":"status-publish","4":"has-post-thumbnail","6":"product_cat-pazby-pusiek","7":"product_cat-rifle-tuning","9":"first","10":"outofstock","11":"taxable","12":"shipping-taxable","13":"purchasable","14":"product-type-simple"},"acf":[],"_links":{"self":[{"href":"https:\/\/nbg.eu\/sk\/wp-json\/wp\/v2\/product\/538113","targetHints":{"allow":["GET"]}}],"collection":[{"href":"https:\/\/nbg.eu\/sk\/wp-json\/wp\/v2\/product"}],"about":[{"href":"https:\/\/nbg.eu\/sk\/wp-json\/wp\/v2\/types\/product"}],"wp:featuredmedia":[{"embeddable":true,"href":"https:\/\/nbg.eu\/sk\/wp-json\/wp\/v2\/media\/496989"}],"wp:attachment":[{"href":"https:\/\/nbg.eu\/sk\/wp-json\/wp\/v2\/media?parent=538113"}],"wp:term":[{"taxonomy":"product_brand","embeddable":true,"href":"https:\/\/nbg.eu\/sk\/wp-json\/wp\/v2\/product_brand?post=538113"},{"taxonomy":"product_cat","embeddable":true,"href":"https:\/\/nbg.eu\/sk\/wp-json\/wp\/v2\/product_cat?post=538113"},{"taxonomy":"product_tag","embeddable":true,"href":"https:\/\/nbg.eu\/sk\/wp-json\/wp\/v2\/product_tag?post=538113"}],"curies":[{"name":"wp","href":"https:\/\/api.w.org\/{rel}","templated":true}]}}