{"id":538222,"date":"2025-09-05T17:27:04","date_gmt":"2025-09-05T14:27:04","guid":{"rendered":"https:\/\/nbg.eu\/product\/b5-systems-ar-15-precision-stock\/"},"modified":"2026-02-27T15:51:18","modified_gmt":"2026-02-27T12:51:18","slug":"b5-systems-ar-15-precision-stock","status":"publish","type":"product","link":"https:\/\/nbg.eu\/sk\/produkt\/b5-systems-ar-15-precision-stock\/","title":{"rendered":"B5 SYSTEMS AR-15 PRECISION STOCK"},"content":{"rendered":"<div class=\"product-description\">\n<h2>B5 SYSTEMS AR-15 PRESN\u00c1 PA\u017dBA<\/h2>\n<p>B5 Systems skladacia presn\u00e1 pa\u017eba pre AR-15. T\u00e1to pa\u017eba kombinuje stabilitu pevnej pa\u017eby s prisp\u00f4sobite\u013enos\u0165ou nastavite\u013enej karab\u00ednovej pa\u017eby.<\/p>\n<ul>\n<li>Kon\u0161trukcia z \u010dierneho vystu\u017een\u00e9ho polym\u00e9ru<\/li>\n<li>Kompatibiln\u00e1 s pufrov\u00fdmi trubkami karab\u00ednovej d\u013a\u017eky Mil-Spec<\/li>\n<li>Vn\u00fatorn\u00e9 nap\u00edna\u010de eliminuj\u00fa hrkanie<\/li>\n<li>Nastavite\u013en\u00e1 zadn\u00e1 opierka a l\u00edcnica pre optim\u00e1lne pohodlie<\/li>\n<li>Dvojit\u00e9 sloty pre QD z\u00e1vesy s obmedzenou rot\u00e1ciou a pevn\u00e9 slu\u010dky na popruh<\/li>\n<li>M-LOK sloty na pripevnenie pr\u00edslu\u0161enstva<\/li>\n<\/ul>\n<p>T\u00e1to pa\u017eba je ur\u010den\u00e1 pre v\u00e1\u017ene kon\u0161trukcie pu\u0161iek a pon\u00faka funk\u010dnos\u0165 a spo\u013eahlivos\u0165. B5 Systems vyr\u00e1ba komponenty, ktor\u00e9 uprednost\u0148uj\u00fa v\u00fdkon.<\/p>\n<\/div>\n","protected":false},"excerpt":{"rendered":"<p>Nastavite\u013en\u00e1, stabiln\u00e1 pa\u017eba AR-15 s l\u00edcnicou a viacer\u00fdmi \u00fachytmi na reme\u0148.<\/p>\n","protected":false},"featured_media":497081,"template":"","meta":{"_acf_changed":false},"product_brand":[],"product_cat":[13393,13358],"product_tag":[],"class_list":{"0":"post-538222","1":"product","2":"type-product","3":"status-publish","4":"has-post-thumbnail","6":"product_cat-pazby-pusiek","7":"product_cat-rifle-tuning","9":"first","10":"outofstock","11":"taxable","12":"shipping-taxable","13":"purchasable","14":"product-type-simple"},"acf":[],"_links":{"self":[{"href":"https:\/\/nbg.eu\/sk\/wp-json\/wp\/v2\/product\/538222","targetHints":{"allow":["GET"]}}],"collection":[{"href":"https:\/\/nbg.eu\/sk\/wp-json\/wp\/v2\/product"}],"about":[{"href":"https:\/\/nbg.eu\/sk\/wp-json\/wp\/v2\/types\/product"}],"wp:featuredmedia":[{"embeddable":true,"href":"https:\/\/nbg.eu\/sk\/wp-json\/wp\/v2\/media\/497081"}],"wp:attachment":[{"href":"https:\/\/nbg.eu\/sk\/wp-json\/wp\/v2\/media?parent=538222"}],"wp:term":[{"taxonomy":"product_brand","embeddable":true,"href":"https:\/\/nbg.eu\/sk\/wp-json\/wp\/v2\/product_brand?post=538222"},{"taxonomy":"product_cat","embeddable":true,"href":"https:\/\/nbg.eu\/sk\/wp-json\/wp\/v2\/product_cat?post=538222"},{"taxonomy":"product_tag","embeddable":true,"href":"https:\/\/nbg.eu\/sk\/wp-json\/wp\/v2\/product_tag?post=538222"}],"curies":[{"name":"wp","href":"https:\/\/api.w.org\/{rel}","templated":true}]}}