{"id":538458,"date":"2025-09-05T17:36:50","date_gmt":"2025-09-05T14:36:50","guid":{"rendered":"https:\/\/nbg.eu\/product\/ar-15-m16-quick-detach-receiver-end-plate\/"},"modified":"2026-01-21T12:35:08","modified_gmt":"2026-01-21T09:35:08","slug":"ar-15-m16-quick-detach-receiver-end-plate","status":"publish","type":"product","link":"https:\/\/nbg.eu\/sk\/produkt\/ar-15-m16-quick-detach-receiver-end-plate\/","title":{"rendered":"AR-15\/M16 QUICK DETACH RECEIVER END PLATE"},"content":{"rendered":"<div class=\"product-description\">\n<h2>AR-15\/M16 BCMGUNFIGHTER QD KONCOV\u00c1 DOSKA<\/h2>\n<p>BCMGUNFIGHTER Quick Detach (QD) koncov\u00e1 doska je pr\u00edslu\u0161enstvo pre AR-15 alebo M16. Tento doplnok je navrhnut\u00fd na zv\u00fd\u0161enie v\u0161estrannosti a odolnosti va\u0161ej zbrane.<\/p>\n<ul>\n<li>Vyroben\u00e1 z ocele pre dlhodob\u00fa v\u00fdkonnos\u0165<\/li>\n<li>M\u00e1 zabudovan\u00fd bod pre Quick Disconnect (QD) oto\u010dn\u00fd \u010dap<\/li>\n<li>Kompatibiln\u00e1 s platformami AR-15 a AR-308<\/li>\n<li>Umo\u017e\u0148uje zabezpe\u010denie pre bezpe\u010dn\u00fa in\u0161tal\u00e1ciu<\/li>\n<li>Vyroben\u00e1 v USA<\/li>\n<li>Dostupn\u00e1 v \u010diernej povrchovej \u00faprave<\/li>\n<\/ul>\n<p>BCMGUNFIGHTER QD koncov\u00e1 doska umo\u017e\u0148uje r\u00fdchle pripojenie a odpojenie popruhov, \u010do zlep\u0161uje manipul\u00e1ciu s pu\u0161kou v r\u00f4znych situ\u00e1ci\u00e1ch. Tento komponent je mo\u017en\u00e9 pou\u017ei\u0165 na vylep\u0161enie v\u00e1\u0161ho AR-15 alebo M16.<\/p>\n<\/div>\n","protected":false},"excerpt":{"rendered":"<p>Oce\u013eov\u00e1 QD koncov\u00e1 plat\u0148a pre AR-15\/M16. Vyroben\u00e9 v USA, s mo\u017enos\u0165ou upevnenia.<\/p>\n","protected":false},"featured_media":497167,"template":"","meta":{"_acf_changed":false},"product_brand":[],"product_cat":[13358],"product_tag":[],"class_list":{"0":"post-538458","1":"product","2":"type-product","3":"status-publish","4":"has-post-thumbnail","6":"product_cat-rifle-tuning","8":"first","9":"instock","10":"taxable","11":"shipping-taxable","12":"purchasable","13":"product-type-simple"},"acf":[],"_links":{"self":[{"href":"https:\/\/nbg.eu\/sk\/wp-json\/wp\/v2\/product\/538458","targetHints":{"allow":["GET"]}}],"collection":[{"href":"https:\/\/nbg.eu\/sk\/wp-json\/wp\/v2\/product"}],"about":[{"href":"https:\/\/nbg.eu\/sk\/wp-json\/wp\/v2\/types\/product"}],"wp:featuredmedia":[{"embeddable":true,"href":"https:\/\/nbg.eu\/sk\/wp-json\/wp\/v2\/media\/497167"}],"wp:attachment":[{"href":"https:\/\/nbg.eu\/sk\/wp-json\/wp\/v2\/media?parent=538458"}],"wp:term":[{"taxonomy":"product_brand","embeddable":true,"href":"https:\/\/nbg.eu\/sk\/wp-json\/wp\/v2\/product_brand?post=538458"},{"taxonomy":"product_cat","embeddable":true,"href":"https:\/\/nbg.eu\/sk\/wp-json\/wp\/v2\/product_cat?post=538458"},{"taxonomy":"product_tag","embeddable":true,"href":"https:\/\/nbg.eu\/sk\/wp-json\/wp\/v2\/product_tag?post=538458"}],"curies":[{"name":"wp","href":"https:\/\/api.w.org\/{rel}","templated":true}]}}