{"id":538740,"date":"2025-09-05T17:36:57","date_gmt":"2025-09-05T14:36:57","guid":{"rendered":"https:\/\/nbg.eu\/product\/aero-precision-receiver-extension-end-plate-for-ar-15-black\/"},"modified":"2026-01-21T12:01:59","modified_gmt":"2026-01-21T09:01:59","slug":"aero-precision-receiver-extension-end-plate-for-ar-15-black","status":"publish","type":"product","link":"https:\/\/nbg.eu\/sk\/produkt\/aero-precision-receiver-extension-end-plate-for-ar-15-black\/","title":{"rendered":"AERO PRECISION RECEIVER EXTENSION END PLATE FOR AR-15 BLACK"},"content":{"rendered":"<div class=\"product-description\">\n<h1>AERO PRECISION KONCOV\u00c1 DOSKA PRED\u0139\u017dENIA PRIJ\u00cdMA\u010cA PRE AR-15 \u010cIERNA<\/h1>\n<p>Koncov\u00e1 doska pred\u013a\u017eenia prij\u00edma\u010da Aero Precision pre AR-15. Tento komponent je potrebn\u00fd pre karab\u00edny s nastavite\u013en\u00fdmi pa\u017ebami, poskytuje spojenie medzi trubicou tlmi\u010da a prij\u00edma\u010dom.<\/p>\n<ul>\n<li>Vyroben\u00e9 v USA<\/li>\n<li>Kompatibiln\u00e9 s platformami AR-15 a AR-308<\/li>\n<li>Ur\u010den\u00e9 pre trubice tlmi\u010da karab\u00edny<\/li>\n<li>Vyroben\u00e9 z ocele<\/li>\n<li>\u010cierna povrchov\u00e1 \u00faprava<\/li>\n<li>Zabezpe\u010duje spr\u00e1vne zarovnanie a stabilitu<\/li>\n<\/ul>\n<p>Koncov\u00e1 doska Aero Precision je komponent pre AR-15, ktor\u00fd poskytuje spo\u013eahlivos\u0165.<\/p>\n<\/div>\n","protected":false},"excerpt":{"rendered":"<p>Koncov\u00e1 plat\u0148a pre karab\u00ednu AR-15 vo vojenskej \u0161pecifik\u00e1cii. Vyroben\u00e9 v USA, \u010dierna oce\u013e.<\/p>\n","protected":false},"featured_media":497282,"template":"","meta":{"_acf_changed":false},"product_brand":[],"product_cat":[13358],"product_tag":[],"class_list":{"0":"post-538740","1":"product","2":"type-product","3":"status-publish","4":"has-post-thumbnail","6":"product_cat-rifle-tuning","8":"first","9":"outofstock","10":"taxable","11":"shipping-taxable","12":"purchasable","13":"product-type-simple"},"acf":[],"_links":{"self":[{"href":"https:\/\/nbg.eu\/sk\/wp-json\/wp\/v2\/product\/538740","targetHints":{"allow":["GET"]}}],"collection":[{"href":"https:\/\/nbg.eu\/sk\/wp-json\/wp\/v2\/product"}],"about":[{"href":"https:\/\/nbg.eu\/sk\/wp-json\/wp\/v2\/types\/product"}],"wp:featuredmedia":[{"embeddable":true,"href":"https:\/\/nbg.eu\/sk\/wp-json\/wp\/v2\/media\/497282"}],"wp:attachment":[{"href":"https:\/\/nbg.eu\/sk\/wp-json\/wp\/v2\/media?parent=538740"}],"wp:term":[{"taxonomy":"product_brand","embeddable":true,"href":"https:\/\/nbg.eu\/sk\/wp-json\/wp\/v2\/product_brand?post=538740"},{"taxonomy":"product_cat","embeddable":true,"href":"https:\/\/nbg.eu\/sk\/wp-json\/wp\/v2\/product_cat?post=538740"},{"taxonomy":"product_tag","embeddable":true,"href":"https:\/\/nbg.eu\/sk\/wp-json\/wp\/v2\/product_tag?post=538740"}],"curies":[{"name":"wp","href":"https:\/\/api.w.org\/{rel}","templated":true}]}}